{"id":43121,"date":"2021-02-21T16:57:23","date_gmt":"2021-02-21T16:57:23","guid":{"rendered":"https:\/\/www.autonvaraosahaku.fi\/?product=nk-5011929-alatukivarsi"},"modified":"2021-02-21T16:57:24","modified_gmt":"2021-02-21T16:57:24","slug":"nk-5011929-alatukivarsi","status":"publish","type":"product","link":"https:\/\/www.autonvaraosahaku.fi\/?product=nk-5011929-alatukivarsi","title":{"rendered":"NK 5011929 Alatukivarsi"},"content":{"rendered":"<p>Parilliset tuotenumerot: 5011930; Ohjausmalli: Poikittaistukivarsi; Asennuspuoli: Vorderachse; CITRO\u00cbN: C2 JM_,C3 I FC_,C3 Pluriel HB_,C2 ENTERPRISE; PEUGEOT: 307 CC 3B,307 3A\/C,1007 KM_; 1613991280, 3520L4, 3520L9, 3520N1, 3520P9, 3520Q0, 3520R0, 3520R1, 3520R2, 3520R3, 3520R4, 3520R5, 3520T2, 3520T5, 3520T6, 3520T7, 3520T8, 3520T9, 3520V1, 3521Q8, 3520N5, 3520T0, 3520T2, 3520T3, 3520T8; Tukivarsi,Tukivarsi, Py\u00f6r\u00e4ntuenta<\/p>\n","protected":false},"excerpt":{"rendered":"<p>NK Alatukivarsi 5011929 Tukivarsi,Tukivarsi, Py\u00f6r\u00e4ntuenta CITRO\u00cbN,PEUGEOT,C2 JM_,C3 I FC_,C3 Pluriel HB_,C2 ENTERPRISE,307 CC 3B,307 3A\/C,1007 KM_<\/p>\n","protected":false},"featured_media":0,"template":"","meta":{"site-sidebar-layout":"default","site-content-layout":"default","ast-global-header-display":"","ast-main-header-display":"","ast-hfb-above-header-display":"","ast-hfb-below-header-display":"","ast-hfb-mobile-header-display":"","site-post-title":"","ast-breadcrumbs-content":"","ast-featured-img":"","footer-sml-layout":"","theme-transparent-header-meta":"","adv-header-id-meta":"","stick-header-meta":"","header-above-stick-meta":"","header-main-stick-meta":"","header-below-stick-meta":""},"pwb-brand":[341],"product_cat":[62],"product_tag":[],"class_list":{"0":"post-43121","1":"product","2":"type-product","3":"status-publish","5":"pwb-brand-nk","6":"product_cat-alatukivarsi","7":"desktop-align-left","8":"tablet-align-left","9":"mobile-align-left","11":"first","12":"instock","13":"product-type-external"},"brands":[{"id":341,"name":"NK","slug":"nk"}],"_links":{"self":[{"href":"https:\/\/www.autonvaraosahaku.fi\/index.php?rest_route=\/wp\/v2\/product\/43121","targetHints":{"allow":["GET"]}}],"collection":[{"href":"https:\/\/www.autonvaraosahaku.fi\/index.php?rest_route=\/wp\/v2\/product"}],"about":[{"href":"https:\/\/www.autonvaraosahaku.fi\/index.php?rest_route=\/wp\/v2\/types\/product"}],"wp:attachment":[{"href":"https:\/\/www.autonvaraosahaku.fi\/index.php?rest_route=%2Fwp%2Fv2%2Fmedia&parent=43121"}],"wp:term":[{"taxonomy":"pwb-brand","embeddable":true,"href":"https:\/\/www.autonvaraosahaku.fi\/index.php?rest_route=%2Fwp%2Fv2%2Fpwb-brand&post=43121"},{"taxonomy":"product_cat","embeddable":true,"href":"https:\/\/www.autonvaraosahaku.fi\/index.php?rest_route=%2Fwp%2Fv2%2Fproduct_cat&post=43121"},{"taxonomy":"product_tag","embeddable":true,"href":"https:\/\/www.autonvaraosahaku.fi\/index.php?rest_route=%2Fwp%2Fv2%2Fproduct_tag&post=43121"}],"curies":[{"name":"wp","href":"https:\/\/api.w.org\/{rel}","templated":true}]}}