{"id":43144,"date":"2021-02-21T16:57:28","date_gmt":"2021-02-21T16:57:28","guid":{"rendered":"https:\/\/www.autonvaraosahaku.fi\/?product=corteco-12011839b-tiivisteet"},"modified":"2021-02-21T16:57:30","modified_gmt":"2021-02-21T16:57:30","slug":"corteco-12011839b-tiivisteet","status":"publish","type":"product","link":"https:\/\/www.autonvaraosahaku.fi\/?product=corteco-12011839b-tiivisteet","title":{"rendered":"CORTECO 12011839B Tiivisteet"},"content":{"rendered":"<p>Asennuspuoli: Vaihteiston puoli, Eingang; Sis\u00e4l\u00e4pimitta 1 [mm]: 30; Ulkol\u00e4pimitta 1 [mm]: 42; Korkeus 1 (mm): 7; Materiaali: FPM (fluori-kumi); Suojavaippa: Suojakumilla; Rihlamalli: Oikea kierre; BMW: 3 E30,5 E34,5 Touring E34,5 E28,6 E24,3 E21,7 E23,5 E12; OPEL: ZAFIRA B A05,ASTRA H Caravan L35,ASTRA H L48,VECTRA C Caravan,ASTRA H GTC L08,SIGNUM,VECTRA C,VECTRA C GTS,ASTRA H Kasten L70; RENAULT: CLIO II BB0\/1\/2_, CB0\/1\/2_,KANGOO KC0\/1_,TWINGO II CN0_,ESPACE III JE0_,MEGANE Scenic JA0\/1_,TRAFIC II Bus JL,MEGANE I BA0\/1_,KANGOO Express FC0\/1_,MEGANE I Grandtour KA0\/1_,MEGANE I Cabriolet EA0\/1_,CLIO I B\/C57_, 5\/357_,TWINGO I Kasten S06_,MEGANE I Classic LA0\/1_,MASTER II Pritsche\/Fahrgestell ED\/HD\/UD,MEGANE I Coach DA0\/1_,MASTER II Bus JD,CLIO II Kasten SB0\/1\/2_,RAPID Kasten F40_, G40_,19 I B\/C53_,19 II Chamade L53_,THALIA I LB0\/1\/2_,SANDERO\/STEPWAY I,CLIO I Kasten S57_,TRAFIC II Pritsche\/Fahrgestell EL,LOGAN I Kombi KS_,LOGAN I LS_; FIAT: GRANDE PUNTO 199,PUNTO 188,PANDA 169,STILO 192,BRAVO II 198,SEICENTO 187,BARCHETTA 183,DOBLO Cargo 223,PUNTO 176,STILO Multi Wagon 192,DOBLO 119,CROMA 194,PANDA Van 169,CINQUECENTO 170,PANDA 141A_,IDEA,COUPE FA\/175,SEDICI,STRADA Pick-up 178E,MULTIPLA 186,PUNTO Van 188AX,BRAVO I 182,BRAVA 182,PUNTO Cabriolet 176C,MAREA Weekend 185,UNO 146A\/E,PALIO Weekend 178DX,SEICENTO Van 187,TIPO 160,CROMA 154,MAREA 185,PALIO 178BX,SIENA 178_; HYUNDAI: TUCSON JM,SANTA F\u00c9 I SM,SANTA F\u00c9 II CM,TERRACAN HP,COUPE GK,SONATA IV EF,XG XG,TIBURON Coupe; KIA: SORENTO I JC; ALFA ROMEO: 147 937,159 Sportwagon 939,156 Sportwagon 932,156 932,159 939,GT 937,SPIDER 916S_,166 936,GTV 916C_,145 930,155 167,146 930; SAAB: 9-3 YS3F,9-3 Kombi YS3F; LANCIA: YPSILON 843,Y 840A,MUSA 350,THESIS 841AX,LYBRA SW 839BX,DELTA I 831AB0,KAPPA 838A,LYBRA 839AX,THEMA 834,DELTA II 836,KAPPA SW 838B,KAPPA Coupe 838,DEDRA 835,DEDRA SW 835,THEMA SW 834; VAUXHALL: ZAFIRA Mk II B M75,ASTRA Mk V H CC,VECTRA Mk II C CC,ASTRA Mk V H Estate,VECTRA Mk II C Estate,VECTRA Mk II C,VIVARO Kasten F7,SIGNUM,MOVANO Mk I A Van FD,ASTRAVAN Mk V H,VIVARO Pritsche\/Fahrgestell E7,VIVARO Combi J7,MOVANO Mk I A Combi JD; 40004400, 55196125, 60809849, 23111228314, 40004400, 55196124, 55196125, 60805718, 60809849, 71753052, 7604177, 2214435504, 2214439000, 2214439001, 40004400, 55196125, 60809849, 7604177, 7604178, JF0111312, 614967, 93178530, 7700743160, 7700749395, 93178530, 806776011, 1274679J50, 614967<\/p>\n","protected":false},"excerpt":{"rendered":"<p>CORTECO Akselitiiviste, Vaihteisto 12011839B  BMW,OPEL,RENAULT,3 E30,5 E34,5 Touring E34,5 E28,6 E24,3 E21,7 E23,5 E12,ZAFIRA B A05<\/p>\n","protected":false},"featured_media":0,"template":"","meta":{"site-sidebar-layout":"default","site-content-layout":"default","ast-global-header-display":"","ast-main-header-display":"","ast-hfb-above-header-display":"","ast-hfb-below-header-display":"","ast-hfb-mobile-header-display":"","site-post-title":"","ast-breadcrumbs-content":"","ast-featured-img":"","footer-sml-layout":"","theme-transparent-header-meta":"","adv-header-id-meta":"","stick-header-meta":"","header-above-stick-meta":"","header-main-stick-meta":"","header-below-stick-meta":""},"pwb-brand":[53],"product_cat":[27],"product_tag":[],"class_list":{"0":"post-43144","1":"product","2":"type-product","3":"status-publish","5":"pwb-brand-corteco","6":"product_cat-tiivisteet","7":"desktop-align-left","8":"tablet-align-left","9":"mobile-align-left","11":"first","12":"instock","13":"product-type-external"},"brands":[{"id":53,"name":"CORTECO","slug":"corteco"}],"_links":{"self":[{"href":"https:\/\/www.autonvaraosahaku.fi\/index.php?rest_route=\/wp\/v2\/product\/43144","targetHints":{"allow":["GET"]}}],"collection":[{"href":"https:\/\/www.autonvaraosahaku.fi\/index.php?rest_route=\/wp\/v2\/product"}],"about":[{"href":"https:\/\/www.autonvaraosahaku.fi\/index.php?rest_route=\/wp\/v2\/types\/product"}],"wp:attachment":[{"href":"https:\/\/www.autonvaraosahaku.fi\/index.php?rest_route=%2Fwp%2Fv2%2Fmedia&parent=43144"}],"wp:term":[{"taxonomy":"pwb-brand","embeddable":true,"href":"https:\/\/www.autonvaraosahaku.fi\/index.php?rest_route=%2Fwp%2Fv2%2Fpwb-brand&post=43144"},{"taxonomy":"product_cat","embeddable":true,"href":"https:\/\/www.autonvaraosahaku.fi\/index.php?rest_route=%2Fwp%2Fv2%2Fproduct_cat&post=43144"},{"taxonomy":"product_tag","embeddable":true,"href":"https:\/\/www.autonvaraosahaku.fi\/index.php?rest_route=%2Fwp%2Fv2%2Fproduct_tag&post=43144"}],"curies":[{"name":"wp","href":"https:\/\/api.w.org\/{rel}","templated":true}]}}