{"id":43160,"date":"2021-02-21T16:57:34","date_gmt":"2021-02-21T16:57:34","guid":{"rendered":"https:\/\/www.autonvaraosahaku.fi\/?product=magneti-marelli-062900068304-hehkutulppa"},"modified":"2021-02-21T16:57:35","modified_gmt":"2021-02-21T16:57:35","slug":"magneti-marelli-062900068304-hehkutulppa","status":"publish","type":"product","link":"https:\/\/www.autonvaraosahaku.fi\/?product=magneti-marelli-062900068304-hehkutulppa","title":{"rendered":"MAGNETI MARELLI 062900068304 Hehkutulppa"},"content":{"rendered":"<p>Virta (A): 10; Liittimet: M4; Kiristysmomentti enint\u00e4\u00e4n [Nm]: 18; Kiristysmomentti > [Nm]: 10; Kiristysmomentti: 2,5; Hehkutulppatyyppi: Metallihehkutulppa; Asennuskulma: 90; J\u00e4nnite (V): 11; Pituus 1 (mm): 53; Pituus 2 (mm): 25; Kokonaispituus (mm): 98,3; Kierremitta: M10X1,25; Avainv\u00e4li: 12; L\u00e4mmitysaika [min]: 7; TECDOC-moottorinumero: 3728; TOYOTA: LAND CRUISER KDJ12_, GRJ12_,PICNIC _XM10,LAND CRUISER 90 _J9_,LAND CRUISER PZJ7_, KZJ7_, HZJ7_, BJ7_, LJ7_, RJ7_,4 RUNNER RN10_, VZN13_, VZN10_, RN13_,4 RUNNER KZN18_, VZN18_, RZN18_,LAND CRUISER Hardtop _J7_,LITEACE Bus _R2_LG; GJ117TO, 1985067020, 1985067030<\/p>\n","protected":false},"excerpt":{"rendered":"<p>MAGNETI MARELLI Hehkutulppa 062900068304  TOYOTA,LAND CRUISER KDJ12_, GRJ12_,PICNIC _XM10,LAND CRUISER 90 _J9_<\/p>\n","protected":false},"featured_media":0,"template":"","meta":{"site-sidebar-layout":"default","site-content-layout":"default","ast-global-header-display":"","ast-main-header-display":"","ast-hfb-above-header-display":"","ast-hfb-below-header-display":"","ast-hfb-mobile-header-display":"","site-post-title":"","ast-breadcrumbs-content":"","ast-featured-img":"","footer-sml-layout":"","theme-transparent-header-meta":"","adv-header-id-meta":"","stick-header-meta":"","header-above-stick-meta":"","header-main-stick-meta":"","header-below-stick-meta":""},"pwb-brand":[34],"product_cat":[52],"product_tag":[],"class_list":{"0":"post-43160","1":"product","2":"type-product","3":"status-publish","5":"pwb-brand-magneti-marelli","6":"product_cat-hehkutulppa","7":"desktop-align-left","8":"tablet-align-left","9":"mobile-align-left","11":"first","12":"instock","13":"product-type-external"},"brands":[{"id":34,"name":"MAGNETI MARELLI","slug":"magneti-marelli"}],"_links":{"self":[{"href":"https:\/\/www.autonvaraosahaku.fi\/index.php?rest_route=\/wp\/v2\/product\/43160","targetHints":{"allow":["GET"]}}],"collection":[{"href":"https:\/\/www.autonvaraosahaku.fi\/index.php?rest_route=\/wp\/v2\/product"}],"about":[{"href":"https:\/\/www.autonvaraosahaku.fi\/index.php?rest_route=\/wp\/v2\/types\/product"}],"wp:attachment":[{"href":"https:\/\/www.autonvaraosahaku.fi\/index.php?rest_route=%2Fwp%2Fv2%2Fmedia&parent=43160"}],"wp:term":[{"taxonomy":"pwb-brand","embeddable":true,"href":"https:\/\/www.autonvaraosahaku.fi\/index.php?rest_route=%2Fwp%2Fv2%2Fpwb-brand&post=43160"},{"taxonomy":"product_cat","embeddable":true,"href":"https:\/\/www.autonvaraosahaku.fi\/index.php?rest_route=%2Fwp%2Fv2%2Fproduct_cat&post=43160"},{"taxonomy":"product_tag","embeddable":true,"href":"https:\/\/www.autonvaraosahaku.fi\/index.php?rest_route=%2Fwp%2Fv2%2Fproduct_tag&post=43160"}],"curies":[{"name":"wp","href":"https:\/\/api.w.org\/{rel}","templated":true}]}}