{"id":43212,"date":"2021-02-21T16:57:44","date_gmt":"2021-02-21T16:57:44","guid":{"rendered":"https:\/\/www.autonvaraosahaku.fi\/?product=vaico-v20-0955-huohotin"},"modified":"2021-02-21T16:57:47","modified_gmt":"2021-02-21T16:57:47","slug":"vaico-v20-0955-huohotin","status":"publish","type":"product","link":"https:\/\/www.autonvaraosahaku.fi\/?product=vaico-v20-0955-huohotin","title":{"rendered":"VAICO V20-0955 Huohotin"},"content":{"rendered":"<p>K\u00e4ytt\u00f6: paineohjattu; Huomioi tekniset tiedot: ; Suositeltu vaihtov\u00e4li [km]: 60000; Korkeus (mm): 57; Venttiilimalli: Ilmanpoistoventtiili; Korvaava tuote\/korvaava tiedote 2: yhdelle sylinterinkannelle; Suositeltu vaihtov\u00e4li [vuotta]: 3; Kotelomateriaali: Polyamidi 6.6; Materiaali tiiviste: FPM (fluori-kumi)\/APM (polyakryyli-kumi); Asennuspuoli: Sylinterikansi; Pituus (mm): 210; Leveys (mm): 80; Lis\u00e4tarvike\/lis\u00e4tieto: Tiivisteill\u00e4; Huomioi ajoneuvovalmistajan vaatimukset: ; Ruuvikanta\/mutteriprofiili: Kuusiokolo, sis\u00e4; T\u00e4yssarja: ; Huomioi huolto-ohjeet: ; Paino [kg]: 0,2779; Pakkausleveys [cm]: 10,2; Pakkauskorkeus [mm]: 25,1; Moottorinumero: M47; BMW: 3 E46,5 E39,3 Touring E46,5 Touring E39; 11122249678, 11127791552, 2249678, 7791552; Venttiili, Kampikammiotuuletus<\/p>\n","protected":false},"excerpt":{"rendered":"<p>VAICO Huohotin V20-0955 Venttiili, Kampikammiotuuletus BMW,3 E46,5 E39,3 Touring E46,5 Touring E39<\/p>\n","protected":false},"featured_media":0,"template":"","meta":{"site-sidebar-layout":"default","site-content-layout":"default","ast-global-header-display":"","ast-main-header-display":"","ast-hfb-above-header-display":"","ast-hfb-below-header-display":"","ast-hfb-mobile-header-display":"","site-post-title":"","ast-breadcrumbs-content":"","ast-featured-img":"","footer-sml-layout":"","theme-transparent-header-meta":"","adv-header-id-meta":"","stick-header-meta":"","header-above-stick-meta":"","header-main-stick-meta":"","header-below-stick-meta":""},"pwb-brand":[330],"product_cat":[125],"product_tag":[],"class_list":{"0":"post-43212","1":"product","2":"type-product","3":"status-publish","5":"pwb-brand-vaico","6":"product_cat-huohotin","7":"desktop-align-left","8":"tablet-align-left","9":"mobile-align-left","11":"first","12":"instock","13":"product-type-external"},"brands":[{"id":330,"name":"VAICO","slug":"vaico"}],"_links":{"self":[{"href":"https:\/\/www.autonvaraosahaku.fi\/index.php?rest_route=\/wp\/v2\/product\/43212","targetHints":{"allow":["GET"]}}],"collection":[{"href":"https:\/\/www.autonvaraosahaku.fi\/index.php?rest_route=\/wp\/v2\/product"}],"about":[{"href":"https:\/\/www.autonvaraosahaku.fi\/index.php?rest_route=\/wp\/v2\/types\/product"}],"wp:attachment":[{"href":"https:\/\/www.autonvaraosahaku.fi\/index.php?rest_route=%2Fwp%2Fv2%2Fmedia&parent=43212"}],"wp:term":[{"taxonomy":"pwb-brand","embeddable":true,"href":"https:\/\/www.autonvaraosahaku.fi\/index.php?rest_route=%2Fwp%2Fv2%2Fpwb-brand&post=43212"},{"taxonomy":"product_cat","embeddable":true,"href":"https:\/\/www.autonvaraosahaku.fi\/index.php?rest_route=%2Fwp%2Fv2%2Fproduct_cat&post=43212"},{"taxonomy":"product_tag","embeddable":true,"href":"https:\/\/www.autonvaraosahaku.fi\/index.php?rest_route=%2Fwp%2Fv2%2Fproduct_tag&post=43212"}],"curies":[{"name":"wp","href":"https:\/\/api.w.org\/{rel}","templated":true}]}}