{"id":43225,"date":"2021-02-21T16:57:50","date_gmt":"2021-02-21T16:57:50","guid":{"rendered":"https:\/\/www.autonvaraosahaku.fi\/?product=trw-jgt1080t-iskunvaimennin"},"modified":"2021-02-21T16:57:51","modified_gmt":"2021-02-21T16:57:51","slug":"trw-jgt1080t-iskunvaimennin","status":"publish","type":"product","link":"https:\/\/www.autonvaraosahaku.fi\/?product=trw-jgt1080t-iskunvaimennin","title":{"rendered":"TRW JGT1080T Iskunvaimennin"},"content":{"rendered":"<p>Lukum\u00e4\u00e4r\u00e4 akselille: 1; Iskunvaimennin tyyppi: Kaasupaine; Iskunvaimennin malli: Teleskooppi-iskunvaimentaja; Iskunvaimennusj\u00e4rjestelm\u00e4: Kaksiputki; Iskunvaimennin asennustapa: Tappi ylh\u00e4\u00e4ll\u00e4, Silmukka alhaalla; Pituus 1 (mm): 649; Pituus 2 (mm): 410; L\u00e4pimitta [mm]: 39; Huomioi tekniset tiedot: , ; Tuotelinja: TWIN; Valmistusvuoteen: 05\/2013; VW: GOLF IV 1J1,POLO 6R, 6C,GOLF IV Variant 1J5,BORA 1J2; SKODA: OCTAVIA Combi 1Z5,OCTAVIA Combi 1U5,OCTAVIA 1Z3,OCTAVIA 1U2; SEAT: IBIZA V 6J5, 6P5,LEON 1M1,IBIZA V ST 6J8, 6P8,TOLEDO II 1M2,IBIZA V SPORTCOUPE 6J1, 6P1; 1J0513025AJ, 1J0513025AK, 1J0513025AQ, 1J0513025AR, 1J0513025BP, 1J0513025CD, 1J0513025CE, 1J0513025DH, 1J0513025P, 1J0513025Q, 1J0513025AJ, 1J0513025AK, 1J0513025AQ, 1J0513025AR, 1J0513025BG, 1J0513025BP, 1J0513025CD, 1J0513025CE, 1J0513025DH, 1J0513025P, 1J0513025Q, 6R0513025K, 1J0513025AJ, 1J0513025AK, 1J0513025AQ, 1J0513025AR, 1J0513025BG, 1J0513025BP, 1J0513025CD, 1J0513025CE, 1J0513025DH, 1J0513025P, 1J0513025Q, 1J0513025AJ, 1J0513025AK, 1J0513025AQ, 1J0513025AR, 1J0513025BG, 1J0513025BP, 1J0513025CD, 1J0513025CE, 1J0513025DH, 1J0513025P, 1J0513025Q, 6R0513025AD, 6R0513025AJ, JZW513025; Iskarit,Iskunvaimennin<\/p>\n","protected":false},"excerpt":{"rendered":"<p>TRW Iskunvaimentimet JGT1080T Iskarit,Iskunvaimennin VW,SKODA,SEAT,GOLF IV 1J1,POLO 6R, 6C,GOLF IV Variant 1J5,BORA 1J2,OCTAVIA Combi 1Z5<\/p>\n","protected":false},"featured_media":0,"template":"","meta":{"site-sidebar-layout":"default","site-content-layout":"default","ast-global-header-display":"","ast-main-header-display":"","ast-hfb-above-header-display":"","ast-hfb-below-header-display":"","ast-hfb-mobile-header-display":"","site-post-title":"","ast-breadcrumbs-content":"","ast-featured-img":"","footer-sml-layout":"","theme-transparent-header-meta":"","adv-header-id-meta":"","stick-header-meta":"","header-above-stick-meta":"","header-main-stick-meta":"","header-below-stick-meta":""},"pwb-brand":[332],"product_cat":[80],"product_tag":[],"class_list":{"0":"post-43225","1":"product","2":"type-product","3":"status-publish","5":"pwb-brand-trw","6":"product_cat-iskunvaimennin","7":"desktop-align-left","8":"tablet-align-left","9":"mobile-align-left","11":"first","12":"instock","13":"product-type-external"},"brands":[{"id":332,"name":"TRW","slug":"trw"}],"_links":{"self":[{"href":"https:\/\/www.autonvaraosahaku.fi\/index.php?rest_route=\/wp\/v2\/product\/43225","targetHints":{"allow":["GET"]}}],"collection":[{"href":"https:\/\/www.autonvaraosahaku.fi\/index.php?rest_route=\/wp\/v2\/product"}],"about":[{"href":"https:\/\/www.autonvaraosahaku.fi\/index.php?rest_route=\/wp\/v2\/types\/product"}],"wp:attachment":[{"href":"https:\/\/www.autonvaraosahaku.fi\/index.php?rest_route=%2Fwp%2Fv2%2Fmedia&parent=43225"}],"wp:term":[{"taxonomy":"pwb-brand","embeddable":true,"href":"https:\/\/www.autonvaraosahaku.fi\/index.php?rest_route=%2Fwp%2Fv2%2Fpwb-brand&post=43225"},{"taxonomy":"product_cat","embeddable":true,"href":"https:\/\/www.autonvaraosahaku.fi\/index.php?rest_route=%2Fwp%2Fv2%2Fproduct_cat&post=43225"},{"taxonomy":"product_tag","embeddable":true,"href":"https:\/\/www.autonvaraosahaku.fi\/index.php?rest_route=%2Fwp%2Fv2%2Fproduct_tag&post=43225"}],"curies":[{"name":"wp","href":"https:\/\/api.w.org\/{rel}","templated":true}]}}