{"id":43243,"date":"2021-02-21T16:57:55","date_gmt":"2021-02-21T16:57:55","guid":{"rendered":"https:\/\/www.autonvaraosahaku.fi\/?product=ridex-78b0007-jarrusatula"},"modified":"2021-02-21T16:57:56","modified_gmt":"2021-02-21T16:57:56","slug":"ridex-78b0007-jarrusatula","status":"publish","type":"product","link":"https:\/\/www.autonvaraosahaku.fi\/?product=ridex-78b0007-jarrusatula","title":{"rendered":"RIDEX 78B0007 Jarrusatula"},"content":{"rendered":"<p>Jarrusatulatyyppi: Jarrusatula, Jarrusatula, sis. rak. jarrusatulalla, Jarrusatula (1-m\u00e4nt\u00e4); Materiaali: Valurauta; L\u00e4pimitta 1 [mm]: 38; Vaihto-osa: ; Asennuspuoli: Taka-akseli, oikea, Hinterachse; Jarrulevyn paksuus (mm): 12; Kiinnityrreikien et\u00e4isyys [mm]: 145; Valmistaja rajaus: BOSCH; FORD: MONDEO III Kombi BWY,MONDEO III B5Y,MONDEO III Stufenheck B4Y; 1121821, 1126962, 1144076, 1478338, 1522074, 1S712552AE, 1S712552AF<\/p>\n","protected":false},"excerpt":{"rendered":"<p>RIDEX Jarrusatula 78B0007  FORD,MONDEO III Kombi BWY,MONDEO III B5Y,MONDEO III Stufenheck B4Y<\/p>\n","protected":false},"featured_media":0,"template":"","meta":{"site-sidebar-layout":"default","site-content-layout":"default","ast-global-header-display":"","ast-main-header-display":"","ast-hfb-above-header-display":"","ast-hfb-below-header-display":"","ast-hfb-mobile-header-display":"","site-post-title":"","ast-breadcrumbs-content":"","ast-featured-img":"","footer-sml-layout":"","theme-transparent-header-meta":"","adv-header-id-meta":"","stick-header-meta":"","header-above-stick-meta":"","header-main-stick-meta":"","header-below-stick-meta":""},"pwb-brand":[157],"product_cat":[177],"product_tag":[],"class_list":{"0":"post-43243","1":"product","2":"type-product","3":"status-publish","5":"pwb-brand-ridex","6":"product_cat-jarrusatula","7":"desktop-align-left","8":"tablet-align-left","9":"mobile-align-left","11":"first","12":"instock","13":"product-type-external"},"brands":[{"id":157,"name":"RIDEX","slug":"ridex"}],"_links":{"self":[{"href":"https:\/\/www.autonvaraosahaku.fi\/index.php?rest_route=\/wp\/v2\/product\/43243","targetHints":{"allow":["GET"]}}],"collection":[{"href":"https:\/\/www.autonvaraosahaku.fi\/index.php?rest_route=\/wp\/v2\/product"}],"about":[{"href":"https:\/\/www.autonvaraosahaku.fi\/index.php?rest_route=\/wp\/v2\/types\/product"}],"wp:attachment":[{"href":"https:\/\/www.autonvaraosahaku.fi\/index.php?rest_route=%2Fwp%2Fv2%2Fmedia&parent=43243"}],"wp:term":[{"taxonomy":"pwb-brand","embeddable":true,"href":"https:\/\/www.autonvaraosahaku.fi\/index.php?rest_route=%2Fwp%2Fv2%2Fpwb-brand&post=43243"},{"taxonomy":"product_cat","embeddable":true,"href":"https:\/\/www.autonvaraosahaku.fi\/index.php?rest_route=%2Fwp%2Fv2%2Fproduct_cat&post=43243"},{"taxonomy":"product_tag","embeddable":true,"href":"https:\/\/www.autonvaraosahaku.fi\/index.php?rest_route=%2Fwp%2Fv2%2Fproduct_tag&post=43243"}],"curies":[{"name":"wp","href":"https:\/\/api.w.org\/{rel}","templated":true}]}}