{"id":43260,"date":"2021-02-21T16:58:00","date_gmt":"2021-02-21T16:58:00","guid":{"rendered":"https:\/\/www.autonvaraosahaku.fi\/?product=hella-9xw-200-526-021-pyyhkijansulat"},"modified":"2021-02-21T16:58:00","modified_gmt":"2021-02-21T16:58:00","slug":"hella-9xw-200-526-021-pyyhkijansulat","status":"publish","type":"product","link":"https:\/\/www.autonvaraosahaku.fi\/?product=hella-9xw-200-526-021-pyyhkijansulat","title":{"rendered":"HELLA 9XW 200 526-021 Pyyhkij\u00e4nsulat"},"content":{"rendered":"<p>Asennuspuoli: Takana; Pituus (mm): 300; Pituus (tuumaa): 12; M\u00e4\u00e4r\u00e4: 1; Tuotelinja: Rear; Pyyhkij\u00e4nsulkatyyppi: Rungottomat; Varusteet: f\u00fcr Fahrzeuge mit zu \u00f6ffnender Heckscheibe; NISSAN: MICRA III K12,JUKE F15,QASHQAI J11, J11_; ABARTH: PUNTO 199_,PUNTO EVO 199_; MERCEDES-BENZ: A-CLASS W169,M-CLASS W164,E-CLASS T-Model S212,GLK-CLASS X204,R-CLASS W251, V251,M-CLASS W166,GL-CLASS X164,GL-CLASS X166; KIA: VENGA YN; HONDA: CIVIC VII Hatchback EU, EP, EV; JAGUAR: XF SPORTBRAKE CC9; OPEL: CORSA D,INSIGNIA Caravan,CORSA D Van,INSIGNIA A Country Tourer G09; DACIA: DUSTER,DUSTER Kasten; HYUNDAI: ix20 JC; FORD: C-MAX II,B-MAX JK,C-MAX II Van,B-MAX Van; Tuulilasinpyyhkimet,Pyyhkij\u00e4t,Pyyhkij\u00e4nsulka<\/p>\n","protected":false},"excerpt":{"rendered":"<p>HELLA Pyyhkij\u00e4nsulat 9XW 200 526-021 Tuulilasinpyyhkimet,Pyyhkij\u00e4t NISSAN,ABARTH,MERCEDES-BENZ,MICRA III K12,JUKE F15,QASHQAI J11, J11_,PUNTO 199_<\/p>\n","protected":false},"featured_media":0,"template":"","meta":{"site-sidebar-layout":"default","site-content-layout":"default","ast-global-header-display":"","ast-main-header-display":"","ast-hfb-above-header-display":"","ast-hfb-below-header-display":"","ast-hfb-mobile-header-display":"","site-post-title":"","ast-breadcrumbs-content":"","ast-featured-img":"","footer-sml-layout":"","theme-transparent-header-meta":"","adv-header-id-meta":"","stick-header-meta":"","header-above-stick-meta":"","header-main-stick-meta":"","header-below-stick-meta":""},"pwb-brand":[24],"product_cat":[33],"product_tag":[],"class_list":{"0":"post-43260","1":"product","2":"type-product","3":"status-publish","5":"pwb-brand-hella","6":"product_cat-pyyhkijansulat","7":"desktop-align-left","8":"tablet-align-left","9":"mobile-align-left","11":"first","12":"instock","13":"product-type-external"},"brands":[{"id":24,"name":"HELLA","slug":"hella"}],"_links":{"self":[{"href":"https:\/\/www.autonvaraosahaku.fi\/index.php?rest_route=\/wp\/v2\/product\/43260","targetHints":{"allow":["GET"]}}],"collection":[{"href":"https:\/\/www.autonvaraosahaku.fi\/index.php?rest_route=\/wp\/v2\/product"}],"about":[{"href":"https:\/\/www.autonvaraosahaku.fi\/index.php?rest_route=\/wp\/v2\/types\/product"}],"wp:attachment":[{"href":"https:\/\/www.autonvaraosahaku.fi\/index.php?rest_route=%2Fwp%2Fv2%2Fmedia&parent=43260"}],"wp:term":[{"taxonomy":"pwb-brand","embeddable":true,"href":"https:\/\/www.autonvaraosahaku.fi\/index.php?rest_route=%2Fwp%2Fv2%2Fpwb-brand&post=43260"},{"taxonomy":"product_cat","embeddable":true,"href":"https:\/\/www.autonvaraosahaku.fi\/index.php?rest_route=%2Fwp%2Fv2%2Fproduct_cat&post=43260"},{"taxonomy":"product_tag","embeddable":true,"href":"https:\/\/www.autonvaraosahaku.fi\/index.php?rest_route=%2Fwp%2Fv2%2Fproduct_tag&post=43260"}],"curies":[{"name":"wp","href":"https:\/\/api.w.org\/{rel}","templated":true}]}}