{"id":43296,"date":"2021-02-21T16:58:05","date_gmt":"2021-02-21T16:58:05","guid":{"rendered":"https:\/\/www.autonvaraosahaku.fi\/?product=ridex-82b0443-jarrulevyt"},"modified":"2021-02-21T16:58:09","modified_gmt":"2021-02-21T16:58:09","slug":"ridex-82b0443-jarrulevyt","status":"publish","type":"product","link":"https:\/\/www.autonvaraosahaku.fi\/?product=ridex-82b0443-jarrulevyt","title":{"rendered":"RIDEX 82B0443 Jarrulevyt"},"content":{"rendered":"<p>Ulkol\u00e4pimitta [mm]: 299,0; Jarrulevyn paksuus (mm): 10,2; V\u00e4himm\u00e4ispaksuus (mm): 9,0; Korkeus (mm): 68,0; Vanne, aukkoja: 5; Jarrulevytyyppi: Vakiomalli; keskitt\u00e4misl\u00e4pimitta [mm]: 85,0; Reik\u00e4ympyr\u00e4-\u00d8 [mm]: 130,0; Paino [kg]: 5,90; Asennuspuoli: Taka-akseli, Hinterachse; Sis\u00e4l\u00e4pimitta [mm]: 190; Porausreik\u00e4l\u00e4pimitta enint\u00e4\u00e4n [mm]: 17,2; SSANGYONG: REXTON GAB_,KYRON,REXTON W,ACTYON SPORTS I QJ,ACTYON I,ACTYON SPORTS II,RODIUS II,ACTYON II; 4840109000, 4840109001; Jarrulevy<\/p>\n","protected":false},"excerpt":{"rendered":"<p>RIDEX Jarrulevyt 82B0443 Jarrulevy SSANGYONG,REXTON GAB_,KYRON,REXTON W,ACTYON SPORTS I QJ,ACTYON I,ACTYON SPORTS II,RODIUS II,ACTYON II<\/p>\n","protected":false},"featured_media":0,"template":"","meta":{"site-sidebar-layout":"default","site-content-layout":"default","ast-global-header-display":"","ast-main-header-display":"","ast-hfb-above-header-display":"","ast-hfb-below-header-display":"","ast-hfb-mobile-header-display":"","site-post-title":"","ast-breadcrumbs-content":"","ast-featured-img":"","footer-sml-layout":"","theme-transparent-header-meta":"","adv-header-id-meta":"","stick-header-meta":"","header-above-stick-meta":"","header-main-stick-meta":"","header-below-stick-meta":""},"pwb-brand":[157],"product_cat":[66],"product_tag":[],"class_list":{"0":"post-43296","1":"product","2":"type-product","3":"status-publish","5":"pwb-brand-ridex","6":"product_cat-jarrulevyt","7":"desktop-align-left","8":"tablet-align-left","9":"mobile-align-left","11":"first","12":"instock","13":"product-type-external"},"brands":[{"id":157,"name":"RIDEX","slug":"ridex"}],"_links":{"self":[{"href":"https:\/\/www.autonvaraosahaku.fi\/index.php?rest_route=\/wp\/v2\/product\/43296","targetHints":{"allow":["GET"]}}],"collection":[{"href":"https:\/\/www.autonvaraosahaku.fi\/index.php?rest_route=\/wp\/v2\/product"}],"about":[{"href":"https:\/\/www.autonvaraosahaku.fi\/index.php?rest_route=\/wp\/v2\/types\/product"}],"wp:attachment":[{"href":"https:\/\/www.autonvaraosahaku.fi\/index.php?rest_route=%2Fwp%2Fv2%2Fmedia&parent=43296"}],"wp:term":[{"taxonomy":"pwb-brand","embeddable":true,"href":"https:\/\/www.autonvaraosahaku.fi\/index.php?rest_route=%2Fwp%2Fv2%2Fpwb-brand&post=43296"},{"taxonomy":"product_cat","embeddable":true,"href":"https:\/\/www.autonvaraosahaku.fi\/index.php?rest_route=%2Fwp%2Fv2%2Fproduct_cat&post=43296"},{"taxonomy":"product_tag","embeddable":true,"href":"https:\/\/www.autonvaraosahaku.fi\/index.php?rest_route=%2Fwp%2Fv2%2Fproduct_tag&post=43296"}],"curies":[{"name":"wp","href":"https:\/\/api.w.org\/{rel}","templated":true}]}}