{"id":43297,"date":"2021-02-21T16:58:05","date_gmt":"2021-02-21T16:58:05","guid":{"rendered":"https:\/\/www.autonvaraosahaku.fi\/?product=ridex-82b0456-jarrulevyt"},"modified":"2021-02-21T16:58:09","modified_gmt":"2021-02-21T16:58:09","slug":"ridex-82b0456-jarrulevyt","status":"publish","type":"product","link":"https:\/\/www.autonvaraosahaku.fi\/?product=ridex-82b0456-jarrulevyt","title":{"rendered":"RIDEX 82B0456 Jarrulevyt"},"content":{"rendered":"<p>L\u00e4pimitta [mm]: 350; Korkeus (mm): 68,5; Reik\u00e4-\u00d8 [mm]: 15,4; Jarrulevytyyppi: Tuuletettu; Jarrulevyn paksuus (mm): 34; V\u00e4himm\u00e4ispaksuus (mm): 32; Sis\u00e4l\u00e4pimitta [mm]: 185; Reikien m\u00e4\u00e4r\u00e4: 5; keskitt\u00e4misl\u00e4pimitta [mm]: 85; Reik\u00e4ympyr\u00e4-\u00d8 [mm]: 130; Asennuspuoli: Etuakseli, oikea; PR-numerolle: 1LN; VW: TOUAREG 7LA, 7L6, 7L7; AUDI: Q7 4L; PORSCHE: CAYENNE 955,CAYENNE,PANAMERA; 95535140250, 95535140251; Jarrulevy<\/p>\n","protected":false},"excerpt":{"rendered":"<p>RIDEX Jarrulevyt 82B0456 Jarrulevy VW,AUDI,PORSCHE,TOUAREG 7LA, 7L6, 7L7,Q7 4L,CAYENNE 955,CAYENNE,PANAMERA<\/p>\n","protected":false},"featured_media":0,"template":"","meta":{"site-sidebar-layout":"default","site-content-layout":"default","ast-global-header-display":"","ast-main-header-display":"","ast-hfb-above-header-display":"","ast-hfb-below-header-display":"","ast-hfb-mobile-header-display":"","site-post-title":"","ast-breadcrumbs-content":"","ast-featured-img":"","footer-sml-layout":"","theme-transparent-header-meta":"","adv-header-id-meta":"","stick-header-meta":"","header-above-stick-meta":"","header-main-stick-meta":"","header-below-stick-meta":""},"pwb-brand":[157],"product_cat":[66],"product_tag":[],"class_list":{"0":"post-43297","1":"product","2":"type-product","3":"status-publish","5":"pwb-brand-ridex","6":"product_cat-jarrulevyt","7":"desktop-align-left","8":"tablet-align-left","9":"mobile-align-left","11":"first","12":"instock","13":"product-type-external"},"brands":[{"id":157,"name":"RIDEX","slug":"ridex"}],"_links":{"self":[{"href":"https:\/\/www.autonvaraosahaku.fi\/index.php?rest_route=\/wp\/v2\/product\/43297","targetHints":{"allow":["GET"]}}],"collection":[{"href":"https:\/\/www.autonvaraosahaku.fi\/index.php?rest_route=\/wp\/v2\/product"}],"about":[{"href":"https:\/\/www.autonvaraosahaku.fi\/index.php?rest_route=\/wp\/v2\/types\/product"}],"wp:attachment":[{"href":"https:\/\/www.autonvaraosahaku.fi\/index.php?rest_route=%2Fwp%2Fv2%2Fmedia&parent=43297"}],"wp:term":[{"taxonomy":"pwb-brand","embeddable":true,"href":"https:\/\/www.autonvaraosahaku.fi\/index.php?rest_route=%2Fwp%2Fv2%2Fpwb-brand&post=43297"},{"taxonomy":"product_cat","embeddable":true,"href":"https:\/\/www.autonvaraosahaku.fi\/index.php?rest_route=%2Fwp%2Fv2%2Fproduct_cat&post=43297"},{"taxonomy":"product_tag","embeddable":true,"href":"https:\/\/www.autonvaraosahaku.fi\/index.php?rest_route=%2Fwp%2Fv2%2Fproduct_tag&post=43297"}],"curies":[{"name":"wp","href":"https:\/\/api.w.org\/{rel}","templated":true}]}}