{"id":43330,"date":"2021-02-21T16:58:16","date_gmt":"2021-02-21T16:58:16","guid":{"rendered":"https:\/\/www.autonvaraosahaku.fi\/?product=trw-gdb5067-jarrupalat"},"modified":"2021-02-21T16:58:18","modified_gmt":"2021-02-21T16:58:18","slug":"trw-gdb5067-jarrupalat","status":"publish","type":"product","link":"https:\/\/www.autonvaraosahaku.fi\/?product=trw-gdb5067-jarrupalat","title":{"rendered":"TRW GDB5067 Jarrupalat"},"content":{"rendered":"<p>Jarruj\u00e4rjestelm\u00e4: KNORR SB7, KNORR SN7; Pituus (mm): 247,5; Korkeus (mm): 109,5; Paksuus [mm]: 30,0; Kulumisenilmaisimen liitos: Kulumisenilmaisemelle; Reik\u00e4-\u00d8 1 [mm]: 4,0; Tarkistuskilpi: E9 90R-02A1249\/0591; M\u00e4\u00e4r\u00e4yksikk\u00f6: Akselisarja; Asennuspuoli: Hinterachse; MERCEDES-BENZ: ACTROS,ACTROS MP2 \/ MP3,ACTROS MP4 \/ MP5,ANTOS,AROCS,ATEGO,AXOR,AXOR 2,CITARO (O 530),CITO (O 520),CONECTO (O 345),ECONIC,INTEGRO (O 550),INTOURO,MK,NG,O 100,O 403,OF,OH,SK,TOURISMO (O 350),TOURO (O 500),TRAVEGO (O 580); IVECO: EUROCARGO I-III,EUROSTAR,EUROTECH MH,EUROTECH MP,EUROTECH MT,EUROTRAKKER,STRALIS,TRAKKER; SOLARIS: ALPINO,URBINO,VACANZA; SETRA: Series 400; SCANIA: 4 &#8211; series,P,G,R,T &#8211; series; RENAULT TRUCKS: ARES; NEOPLAN: Centroliner,Cityliner,Euroliner,Jetliner,Megaliner,Megashuttle,Skyliner,Spaceliner,Sportliner,Starliner,Tourliner,Transliner,Trendliner; MAN: TGA,TGM,TGS,TGX; DENNIS: OLYMPUS; DAF: 95 XF,CF,CF 65,CF 75,CF 85,LF,LF 55,XF,XF 105,XF 95; 1433011, 1439324, 1617343, 1797053, 1800830, 1878030, 1982826, 1906439, 2992348, 2992476, 2995637, 2995809, 2995819, 2995820, 2995938, 2996189, 2996378, 2996515, 41211278, 41211279, 41212279, 500054632, 500055167, 99476098, V2992348, 81508206030, 81508206032, 81508206033, 81508206055, 81508206056, 81508206070, N1014015973, 0024204920, 0024204970, 0024207720, 0034201020, 0034201620, 0034202020, 0034202220, 0034203220, 0044206020, 0064201020, 0084206020, 24204920, 24204970, 24207720, 34201020, 34201620, 34202020, 34202220, 34203220, 44206020, 6264230010, 64201020, 82850005710, 82855155730, 82855156100, A0024204920, A0024204970, A0024207720, A0034201020, A0034201620, A0034202020, A0034202220, A0034203220, A0044206020, A0064201020, A0084206020, A6264230010, Q82850005710, Q82855155730, Q82855156100; Jarrupalasarja,Jarrupala, Levyjarru<\/p>\n","protected":false},"excerpt":{"rendered":"<p>TRW Jarrupalat GDB5067 Jarrupalasarja,Jarrupala, Levyjarru MERCEDES-BENZ,IVECO,SOLARIS,ACTROS,ACTROS MP2 \/ MP3,ACTROS MP4 \/ MP5,ANTOS,AROCS,ATEGO,AXOR<\/p>\n","protected":false},"featured_media":0,"template":"","meta":{"site-sidebar-layout":"default","site-content-layout":"default","ast-global-header-display":"","ast-main-header-display":"","ast-hfb-above-header-display":"","ast-hfb-below-header-display":"","ast-hfb-mobile-header-display":"","site-post-title":"","ast-breadcrumbs-content":"","ast-featured-img":"","footer-sml-layout":"","theme-transparent-header-meta":"","adv-header-id-meta":"","stick-header-meta":"","header-above-stick-meta":"","header-main-stick-meta":"","header-below-stick-meta":""},"pwb-brand":[332],"product_cat":[100],"product_tag":[],"class_list":{"0":"post-43330","1":"product","2":"type-product","3":"status-publish","5":"pwb-brand-trw","6":"product_cat-jarrupalat","7":"desktop-align-left","8":"tablet-align-left","9":"mobile-align-left","11":"first","12":"instock","13":"product-type-external"},"brands":[{"id":332,"name":"TRW","slug":"trw"}],"_links":{"self":[{"href":"https:\/\/www.autonvaraosahaku.fi\/index.php?rest_route=\/wp\/v2\/product\/43330","targetHints":{"allow":["GET"]}}],"collection":[{"href":"https:\/\/www.autonvaraosahaku.fi\/index.php?rest_route=\/wp\/v2\/product"}],"about":[{"href":"https:\/\/www.autonvaraosahaku.fi\/index.php?rest_route=\/wp\/v2\/types\/product"}],"wp:attachment":[{"href":"https:\/\/www.autonvaraosahaku.fi\/index.php?rest_route=%2Fwp%2Fv2%2Fmedia&parent=43330"}],"wp:term":[{"taxonomy":"pwb-brand","embeddable":true,"href":"https:\/\/www.autonvaraosahaku.fi\/index.php?rest_route=%2Fwp%2Fv2%2Fpwb-brand&post=43330"},{"taxonomy":"product_cat","embeddable":true,"href":"https:\/\/www.autonvaraosahaku.fi\/index.php?rest_route=%2Fwp%2Fv2%2Fproduct_cat&post=43330"},{"taxonomy":"product_tag","embeddable":true,"href":"https:\/\/www.autonvaraosahaku.fi\/index.php?rest_route=%2Fwp%2Fv2%2Fproduct_tag&post=43330"}],"curies":[{"name":"wp","href":"https:\/\/api.w.org\/{rel}","templated":true}]}}