{"id":43334,"date":"2021-02-21T16:58:16","date_gmt":"2021-02-21T16:58:16","guid":{"rendered":"https:\/\/www.autonvaraosahaku.fi\/?product=japanparts-ru-117-muut-luokat"},"modified":"2021-02-21T16:58:19","modified_gmt":"2021-02-21T16:58:19","slug":"japanparts-ru-117-muut-luokat","status":"publish","type":"product","link":"https:\/\/www.autonvaraosahaku.fi\/?product=japanparts-ru-117-muut-luokat","title":{"rendered":"JAPANPARTS RU-117 Muut luokat"},"content":{"rendered":"<p>Pituus (mm): 51; Sis\u00e4l\u00e4pimitta [mm]: 18; Ulkol\u00e4pimitta [mm]: 33; Asennuspuoli: Jousensilm\u00e4ss\u00e4, Takana; NISSAN: PATROL GR II Wagon Y61,PATROL GR I Y60, GR,PATROL Hardtop K160,PATROL Station Wagon W260,PATROL Hardtop K260,PATROL Station Wagon W160; 55046C6000, 55046G9600<\/p>\n","protected":false},"excerpt":{"rendered":"<p>JAPANPARTS Laakerin Holkki, Lehtijousi RU-117  NISSAN,PATROL GR II Wagon Y61,PATROL GR I Y60, GR,PATROL Hardtop K160,PATROL Station Wagon W260<\/p>\n","protected":false},"featured_media":0,"template":"","meta":{"site-sidebar-layout":"default","site-content-layout":"default","ast-global-header-display":"","ast-main-header-display":"","ast-hfb-above-header-display":"","ast-hfb-below-header-display":"","ast-hfb-mobile-header-display":"","site-post-title":"","ast-breadcrumbs-content":"","ast-featured-img":"","footer-sml-layout":"","theme-transparent-header-meta":"","adv-header-id-meta":"","stick-header-meta":"","header-above-stick-meta":"","header-main-stick-meta":"","header-below-stick-meta":""},"pwb-brand":[334],"product_cat":[37],"product_tag":[],"class_list":{"0":"post-43334","1":"product","2":"type-product","3":"status-publish","5":"pwb-brand-japanparts","6":"product_cat-muut-luokat","7":"desktop-align-left","8":"tablet-align-left","9":"mobile-align-left","11":"first","12":"instock","13":"product-type-external"},"brands":[{"id":334,"name":"JAPANPARTS","slug":"japanparts"}],"_links":{"self":[{"href":"https:\/\/www.autonvaraosahaku.fi\/index.php?rest_route=\/wp\/v2\/product\/43334","targetHints":{"allow":["GET"]}}],"collection":[{"href":"https:\/\/www.autonvaraosahaku.fi\/index.php?rest_route=\/wp\/v2\/product"}],"about":[{"href":"https:\/\/www.autonvaraosahaku.fi\/index.php?rest_route=\/wp\/v2\/types\/product"}],"wp:attachment":[{"href":"https:\/\/www.autonvaraosahaku.fi\/index.php?rest_route=%2Fwp%2Fv2%2Fmedia&parent=43334"}],"wp:term":[{"taxonomy":"pwb-brand","embeddable":true,"href":"https:\/\/www.autonvaraosahaku.fi\/index.php?rest_route=%2Fwp%2Fv2%2Fpwb-brand&post=43334"},{"taxonomy":"product_cat","embeddable":true,"href":"https:\/\/www.autonvaraosahaku.fi\/index.php?rest_route=%2Fwp%2Fv2%2Fproduct_cat&post=43334"},{"taxonomy":"product_tag","embeddable":true,"href":"https:\/\/www.autonvaraosahaku.fi\/index.php?rest_route=%2Fwp%2Fv2%2Fproduct_tag&post=43334"}],"curies":[{"name":"wp","href":"https:\/\/api.w.org\/{rel}","templated":true}]}}