{"id":43341,"date":"2021-02-21T16:58:21","date_gmt":"2021-02-21T16:58:21","guid":{"rendered":"https:\/\/www.autonvaraosahaku.fi\/?product=trw-jts557-koiranluu"},"modified":"2021-02-21T16:58:22","modified_gmt":"2021-02-21T16:58:22","slug":"trw-jts557-koiranluu","status":"publish","type":"product","link":"https:\/\/www.autonvaraosahaku.fi\/?product=trw-jts557-koiranluu","title":{"rendered":"TRW JTS557 Koiranluu"},"content":{"rendered":"<p>Tanko \/ tuki: Yhdystanko; Lis\u00e4tarvike\/lis\u00e4tieto: Tarvikkeilla; Pituus (mm): 330; Kierremitta: M10x1.5; Putki-\u00d8 (mm): 10; parilliset tuotenumerot: JTS556; Asennuspuoli: Vorderachse links; OPEL: CROSSLAND X; CITRO\u00cbN: DS3,C3 Picasso,C3 II,DS3 Cabriolet,C-ELYSEE,C4 CACTUS,C3 III SX,C3 AIRCROSS II; PEUGEOT: 207 WA_, WC_,207 CC WD_,207 SW WK_,208,2008,207 Stufenheck,301,207 Van,208 Kasten; DS: DS 3,DS 3 Cabriolet; VAUXHALL: CROSSLAND X; 508754, 508769, 9810159480, 508769, 3640463, 508754, 508769, 3640463; Kallistuksenvakaajan Yhdystanko,Tanko, Kallistuksenvaimennin<\/p>\n","protected":false},"excerpt":{"rendered":"<p>TRW Koiranluu JTS557 Kallistuksenvakaajan Yhdystanko,Tanko, Kallistuksenvaimennin OPEL,CITRO\u00cbN,PEUGEOT,CROSSLAND X,DS3,C3 Picasso,C3 II,DS3 Cabriolet<\/p>\n","protected":false},"featured_media":0,"template":"","meta":{"site-sidebar-layout":"default","site-content-layout":"default","ast-global-header-display":"","ast-main-header-display":"","ast-hfb-above-header-display":"","ast-hfb-below-header-display":"","ast-hfb-mobile-header-display":"","site-post-title":"","ast-breadcrumbs-content":"","ast-featured-img":"","footer-sml-layout":"","theme-transparent-header-meta":"","adv-header-id-meta":"","stick-header-meta":"","header-above-stick-meta":"","header-main-stick-meta":"","header-below-stick-meta":""},"pwb-brand":[332],"product_cat":[38],"product_tag":[],"class_list":{"0":"post-43341","1":"product","2":"type-product","3":"status-publish","5":"pwb-brand-trw","6":"product_cat-koiranluu","7":"desktop-align-left","8":"tablet-align-left","9":"mobile-align-left","11":"first","12":"instock","13":"product-type-external"},"brands":[{"id":332,"name":"TRW","slug":"trw"}],"_links":{"self":[{"href":"https:\/\/www.autonvaraosahaku.fi\/index.php?rest_route=\/wp\/v2\/product\/43341","targetHints":{"allow":["GET"]}}],"collection":[{"href":"https:\/\/www.autonvaraosahaku.fi\/index.php?rest_route=\/wp\/v2\/product"}],"about":[{"href":"https:\/\/www.autonvaraosahaku.fi\/index.php?rest_route=\/wp\/v2\/types\/product"}],"wp:attachment":[{"href":"https:\/\/www.autonvaraosahaku.fi\/index.php?rest_route=%2Fwp%2Fv2%2Fmedia&parent=43341"}],"wp:term":[{"taxonomy":"pwb-brand","embeddable":true,"href":"https:\/\/www.autonvaraosahaku.fi\/index.php?rest_route=%2Fwp%2Fv2%2Fpwb-brand&post=43341"},{"taxonomy":"product_cat","embeddable":true,"href":"https:\/\/www.autonvaraosahaku.fi\/index.php?rest_route=%2Fwp%2Fv2%2Fproduct_cat&post=43341"},{"taxonomy":"product_tag","embeddable":true,"href":"https:\/\/www.autonvaraosahaku.fi\/index.php?rest_route=%2Fwp%2Fv2%2Fproduct_tag&post=43341"}],"curies":[{"name":"wp","href":"https:\/\/api.w.org\/{rel}","templated":true}]}}