{"id":43350,"date":"2021-02-21T16:58:21","date_gmt":"2021-02-21T16:58:21","guid":{"rendered":"https:\/\/www.autonvaraosahaku.fi\/?product=febi-bilstein-33602-kampiakselin-hihnapyora"},"modified":"2021-02-21T16:58:24","modified_gmt":"2021-02-21T16:58:24","slug":"febi-bilstein-33602-kampiakselin-hihnapyora","status":"publish","type":"product","link":"https:\/\/www.autonvaraosahaku.fi\/?product=febi-bilstein-33602-kampiakselin-hihnapyora","title":{"rendered":"FEBI BILSTEIN 33602 Kampiakselin hihnapy\u00f6r\u00e4"},"content":{"rendered":"<p>Ulkol\u00e4pimitta [mm]: 170,0, 192,0; Reikien m\u00e4\u00e4r\u00e4: 4; Paino [kg]: 7,200; kiiloja: 8; Tunnusluku: 4PK + 6PK, 4PK + 6PK; lis\u00e4tieto: febi Plus; Huomioi tekniset tiedot: ; BMW: 3 E46,3 Touring E91,3 E90,5 E60,5 Touring E61,3 Touring E46,X3 E83,3 Coupe E46,X5 E70,X5 E53,3 Coupe E92,3 Cabriolet E46,3 Cabriolet E93,7 E65, E66, E67,X6 E71, E72,6 E63,6 Cabriolet E64; 11237786611, 11237786611S1, 11237793593, 11237793593S1, 11238511371, 11238511371S1; Hihnapy\u00f6r\u00e4, Kampiakseli<\/p>\n","protected":false},"excerpt":{"rendered":"<p>FEBI BILSTEIN Kampiakselin Hihnapy\u00f6r\u00e4 33602 Hihnapy\u00f6r\u00e4, Kampiakseli BMW,3 E46,3 Touring E91,3 E90,5 E60,5 Touring E61,3 Touring E46,X3 E83,3 Coupe E46<\/p>\n","protected":false},"featured_media":0,"template":"","meta":{"site-sidebar-layout":"default","site-content-layout":"default","ast-global-header-display":"","ast-main-header-display":"","ast-hfb-above-header-display":"","ast-hfb-below-header-display":"","ast-hfb-mobile-header-display":"","site-post-title":"","ast-breadcrumbs-content":"","ast-featured-img":"","footer-sml-layout":"","theme-transparent-header-meta":"","adv-header-id-meta":"","stick-header-meta":"","header-above-stick-meta":"","header-main-stick-meta":"","header-below-stick-meta":""},"pwb-brand":[50],"product_cat":[219],"product_tag":[],"class_list":{"0":"post-43350","1":"product","2":"type-product","3":"status-publish","5":"pwb-brand-febi-bilstein","6":"product_cat-kampiakselin-hihnapyora","7":"desktop-align-left","8":"tablet-align-left","9":"mobile-align-left","11":"first","12":"instock","13":"product-type-external"},"brands":[{"id":50,"name":"FEBI BILSTEIN","slug":"febi-bilstein"}],"_links":{"self":[{"href":"https:\/\/www.autonvaraosahaku.fi\/index.php?rest_route=\/wp\/v2\/product\/43350","targetHints":{"allow":["GET"]}}],"collection":[{"href":"https:\/\/www.autonvaraosahaku.fi\/index.php?rest_route=\/wp\/v2\/product"}],"about":[{"href":"https:\/\/www.autonvaraosahaku.fi\/index.php?rest_route=\/wp\/v2\/types\/product"}],"wp:attachment":[{"href":"https:\/\/www.autonvaraosahaku.fi\/index.php?rest_route=%2Fwp%2Fv2%2Fmedia&parent=43350"}],"wp:term":[{"taxonomy":"pwb-brand","embeddable":true,"href":"https:\/\/www.autonvaraosahaku.fi\/index.php?rest_route=%2Fwp%2Fv2%2Fpwb-brand&post=43350"},{"taxonomy":"product_cat","embeddable":true,"href":"https:\/\/www.autonvaraosahaku.fi\/index.php?rest_route=%2Fwp%2Fv2%2Fproduct_cat&post=43350"},{"taxonomy":"product_tag","embeddable":true,"href":"https:\/\/www.autonvaraosahaku.fi\/index.php?rest_route=%2Fwp%2Fv2%2Fproduct_tag&post=43350"}],"curies":[{"name":"wp","href":"https:\/\/api.w.org\/{rel}","templated":true}]}}