{"id":43394,"date":"2021-02-21T16:58:32","date_gmt":"2021-02-21T16:58:32","guid":{"rendered":"https:\/\/www.autonvaraosahaku.fi\/?product=trw-jte2057-raidetangon-paa"},"modified":"2021-02-21T16:58:35","modified_gmt":"2021-02-21T16:58:35","slug":"trw-jte2057-raidetangon-paa","status":"publish","type":"product","link":"https:\/\/www.autonvaraosahaku.fi\/?product=trw-jte2057-raidetangon-paa","title":{"rendered":"TRW JTE2057 Raidetangon p\u00e4\u00e4"},"content":{"rendered":"<p>Lis\u00e4tarvike\/lis\u00e4tieto: Tarvikkeilla; Pituus (mm): 165; Kierremitta: M10x1,25; Kartiomitta (mm): 14,45; Kartionousu: 1:5; parilliset tuotenumerot: JTE2056; Asennuspuoli: Vorderachse links; PEUGEOT: 308 SW,308 4A_, 4C_,5008,3008,PARTNER Tepee,308 CC,PARTNER Kasten,308 II,PARTNER Pritsche\/Fahrgestell; CITRO\u00cbN: BERLINGO B9,C4 II B7,BERLINGO Kasten B9,DS4,BERLINGO Pritsche\/Fahrgestell B9,C4 Stufenheck N; DS: DS 4 \/ DS 4 CROSSBACK; 381776, 381789, 381789, 381776, 381789<\/p>\n","protected":false},"excerpt":{"rendered":"<p>TRW Raidetangon P\u00e4\u00e4 JTE2057  PEUGEOT,CITRO\u00cbN,DS,308 SW,308 4A_, 4C_,5008,3008,PARTNER Tepee,308 CC,PARTNER Kasten,308 II,PARTNER Pritsche\/Fahrgestell<\/p>\n","protected":false},"featured_media":0,"template":"","meta":{"site-sidebar-layout":"default","site-content-layout":"default","ast-global-header-display":"","ast-main-header-display":"","ast-hfb-above-header-display":"","ast-hfb-below-header-display":"","ast-hfb-mobile-header-display":"","site-post-title":"","ast-breadcrumbs-content":"","ast-featured-img":"","footer-sml-layout":"","theme-transparent-header-meta":"","adv-header-id-meta":"","stick-header-meta":"","header-above-stick-meta":"","header-main-stick-meta":"","header-below-stick-meta":""},"pwb-brand":[332],"product_cat":[96],"product_tag":[],"class_list":{"0":"post-43394","1":"product","2":"type-product","3":"status-publish","5":"pwb-brand-trw","6":"product_cat-raidetangon-paa","7":"desktop-align-left","8":"tablet-align-left","9":"mobile-align-left","11":"first","12":"instock","13":"product-type-external"},"brands":[{"id":332,"name":"TRW","slug":"trw"}],"_links":{"self":[{"href":"https:\/\/www.autonvaraosahaku.fi\/index.php?rest_route=\/wp\/v2\/product\/43394","targetHints":{"allow":["GET"]}}],"collection":[{"href":"https:\/\/www.autonvaraosahaku.fi\/index.php?rest_route=\/wp\/v2\/product"}],"about":[{"href":"https:\/\/www.autonvaraosahaku.fi\/index.php?rest_route=\/wp\/v2\/types\/product"}],"wp:attachment":[{"href":"https:\/\/www.autonvaraosahaku.fi\/index.php?rest_route=%2Fwp%2Fv2%2Fmedia&parent=43394"}],"wp:term":[{"taxonomy":"pwb-brand","embeddable":true,"href":"https:\/\/www.autonvaraosahaku.fi\/index.php?rest_route=%2Fwp%2Fv2%2Fpwb-brand&post=43394"},{"taxonomy":"product_cat","embeddable":true,"href":"https:\/\/www.autonvaraosahaku.fi\/index.php?rest_route=%2Fwp%2Fv2%2Fproduct_cat&post=43394"},{"taxonomy":"product_tag","embeddable":true,"href":"https:\/\/www.autonvaraosahaku.fi\/index.php?rest_route=%2Fwp%2Fv2%2Fproduct_tag&post=43394"}],"curies":[{"name":"wp","href":"https:\/\/api.w.org\/{rel}","templated":true}]}}