{"id":43437,"date":"2021-02-21T16:58:42","date_gmt":"2021-02-21T16:58:42","guid":{"rendered":"https:\/\/www.autonvaraosahaku.fi\/?product=ridex-479c0041-kytkinpaketti"},"modified":"2021-02-21T16:58:46","modified_gmt":"2021-02-21T16:58:46","slug":"ridex-479c0041-kytkinpaketti","status":"publish","type":"product","link":"https:\/\/www.autonvaraosahaku.fi\/?product=ridex-479c0041-kytkinpaketti","title":{"rendered":"RIDEX 479C0041 Kytkinpaketti"},"content":{"rendered":"<p>Lis\u00e4tarvike\/lis\u00e4tieto: Painelevyll\u00e4; Ulkol\u00e4pimitta [mm]: 225; Korvaava tuote\/korvaava tiedote 2: Kytkinlevyll\u00e4, irroitinlaakerilla; Ulkol\u00e4pimitta 1 [mm]: 225; Hammasluku: 23; Napaprofiili: 26,14 x 23,16; Paino [kg]: 6,27; Valmistusvuoteen: 10\/1988; MITSUBISHI: PAJERO III V7_W, V6_W,L 200 K7_T, K6_T,PAJERO II V3_W, V2_W, V4_W,L 300 Bus P0_W, P1_W, P2_W,PAJERO SPORT K90,PAJERO I L04_G, L14_G,PAJERO CLASSIC V2_W,L 400 \/ SPACE GEAR Bus PD_W, PC_W, PA_V, PB_V,GALLOPER JK-01,PAJERO III Gel\u00e4ndewagen offen V6_W, V7_W,L 300 Kasten P0_W, P1_W,PAJERO I Canvas Top L04_G,L 200 K3_T, K2_T, K1_T, K0_T,PAJERO II Canvas Top V2_W, V4_W,L 400 Kasten PD_W, PC_W, PB_V, PA_W, PA_V,L 300 Pritsche\/Fahrgestell P1_T; MME61521, RL210117; Kytkinsarja<\/p>\n","protected":false},"excerpt":{"rendered":"<p>RIDEX Kytkinpaketti 479C0041 Kytkinsarja MITSUBISHI,PAJERO III V7_W, V6_W,L 200 K7_T, K6_T,PAJERO II V3_W, V2_W, V4_W,L 300 Bus P0_W, P1_W, P2_W<\/p>\n","protected":false},"featured_media":0,"template":"","meta":{"site-sidebar-layout":"default","site-content-layout":"default","ast-global-header-display":"","ast-main-header-display":"","ast-hfb-above-header-display":"","ast-hfb-below-header-display":"","ast-hfb-mobile-header-display":"","site-post-title":"","ast-breadcrumbs-content":"","ast-featured-img":"","footer-sml-layout":"","theme-transparent-header-meta":"","adv-header-id-meta":"","stick-header-meta":"","header-above-stick-meta":"","header-main-stick-meta":"","header-below-stick-meta":""},"pwb-brand":[157],"product_cat":[21],"product_tag":[],"class_list":{"0":"post-43437","1":"product","2":"type-product","3":"status-publish","5":"pwb-brand-ridex","6":"product_cat-kytkinpaketti","7":"desktop-align-left","8":"tablet-align-left","9":"mobile-align-left","11":"first","12":"instock","13":"product-type-external"},"brands":[{"id":157,"name":"RIDEX","slug":"ridex"}],"_links":{"self":[{"href":"https:\/\/www.autonvaraosahaku.fi\/index.php?rest_route=\/wp\/v2\/product\/43437","targetHints":{"allow":["GET"]}}],"collection":[{"href":"https:\/\/www.autonvaraosahaku.fi\/index.php?rest_route=\/wp\/v2\/product"}],"about":[{"href":"https:\/\/www.autonvaraosahaku.fi\/index.php?rest_route=\/wp\/v2\/types\/product"}],"wp:attachment":[{"href":"https:\/\/www.autonvaraosahaku.fi\/index.php?rest_route=%2Fwp%2Fv2%2Fmedia&parent=43437"}],"wp:term":[{"taxonomy":"pwb-brand","embeddable":true,"href":"https:\/\/www.autonvaraosahaku.fi\/index.php?rest_route=%2Fwp%2Fv2%2Fpwb-brand&post=43437"},{"taxonomy":"product_cat","embeddable":true,"href":"https:\/\/www.autonvaraosahaku.fi\/index.php?rest_route=%2Fwp%2Fv2%2Fproduct_cat&post=43437"},{"taxonomy":"product_tag","embeddable":true,"href":"https:\/\/www.autonvaraosahaku.fi\/index.php?rest_route=%2Fwp%2Fv2%2Fproduct_tag&post=43437"}],"curies":[{"name":"wp","href":"https:\/\/api.w.org\/{rel}","templated":true}]}}