{"id":43468,"date":"2021-02-21T16:58:53","date_gmt":"2021-02-21T16:58:53","guid":{"rendered":"https:\/\/www.autonvaraosahaku.fi\/?product=hella-5da-193-175-591-sytytyspuola"},"modified":"2021-02-21T16:58:55","modified_gmt":"2021-02-21T16:58:55","slug":"hella-5da-193-175-591-sytytyspuola","status":"publish","type":"product","link":"https:\/\/www.autonvaraosahaku.fi\/?product=hella-5da-193-175-591-sytytyspuola","title":{"rendered":"HELLA 5DA 193 175-591 Sytytyspuola"},"content":{"rendered":"<p>Asennusmalli: Liitos; Nimellisj\u00e4nnite (V): 12; Napojen m\u00e4\u00e4r\u00e4: 4; Sytytyspuola: COP-sytytyspuola (syt.tulpan p\u00e4\u00e4ll\u00e4); Tarvittava kappalem\u00e4\u00e4r\u00e4: 8; AUDI: A6 Avant 4F5, C6,A4 Avant 8E5, B6,A4 8E2, B6,A6 4F2, C6,A4 Cabriolet 8H7, B6, 8HE, B7,A4 8EC, B7,A8 4E_,ALLROAD 4BH, C5; 077905115B, 077905115C, 077905115E, 077905115F, 077905115H, 077905115K, 077905115P, 077905115Q, 077905115T<\/p>\n","protected":false},"excerpt":{"rendered":"<p>HELLA Sytytyspuola 5DA 193 175-591  AUDI,A6 Avant 4F5, C6,A4 Avant 8E5, B6,A4 8E2, B6,A6 4F2, C6,A4 Cabriolet 8H7, B6, 8HE, B7,A4 8EC, B7,A8 4E_<\/p>\n","protected":false},"featured_media":0,"template":"","meta":{"site-sidebar-layout":"default","site-content-layout":"default","ast-global-header-display":"","ast-main-header-display":"","ast-hfb-above-header-display":"","ast-hfb-below-header-display":"","ast-hfb-mobile-header-display":"","site-post-title":"","ast-breadcrumbs-content":"","ast-featured-img":"","footer-sml-layout":"","theme-transparent-header-meta":"","adv-header-id-meta":"","stick-header-meta":"","header-above-stick-meta":"","header-main-stick-meta":"","header-below-stick-meta":""},"pwb-brand":[24],"product_cat":[25],"product_tag":[],"class_list":{"0":"post-43468","1":"product","2":"type-product","3":"status-publish","5":"pwb-brand-hella","6":"product_cat-sytytyspuola","7":"desktop-align-left","8":"tablet-align-left","9":"mobile-align-left","11":"first","12":"instock","13":"product-type-external"},"brands":[{"id":24,"name":"HELLA","slug":"hella"}],"_links":{"self":[{"href":"https:\/\/www.autonvaraosahaku.fi\/index.php?rest_route=\/wp\/v2\/product\/43468","targetHints":{"allow":["GET"]}}],"collection":[{"href":"https:\/\/www.autonvaraosahaku.fi\/index.php?rest_route=\/wp\/v2\/product"}],"about":[{"href":"https:\/\/www.autonvaraosahaku.fi\/index.php?rest_route=\/wp\/v2\/types\/product"}],"wp:attachment":[{"href":"https:\/\/www.autonvaraosahaku.fi\/index.php?rest_route=%2Fwp%2Fv2%2Fmedia&parent=43468"}],"wp:term":[{"taxonomy":"pwb-brand","embeddable":true,"href":"https:\/\/www.autonvaraosahaku.fi\/index.php?rest_route=%2Fwp%2Fv2%2Fpwb-brand&post=43468"},{"taxonomy":"product_cat","embeddable":true,"href":"https:\/\/www.autonvaraosahaku.fi\/index.php?rest_route=%2Fwp%2Fv2%2Fproduct_cat&post=43468"},{"taxonomy":"product_tag","embeddable":true,"href":"https:\/\/www.autonvaraosahaku.fi\/index.php?rest_route=%2Fwp%2Fv2%2Fproduct_tag&post=43468"}],"curies":[{"name":"wp","href":"https:\/\/api.w.org\/{rel}","templated":true}]}}