{"id":43521,"date":"2021-02-21T16:59:09","date_gmt":"2021-02-21T16:59:09","guid":{"rendered":"https:\/\/www.autonvaraosahaku.fi\/?product=ate-24-0120-0174-1-jarrulevyt"},"modified":"2021-02-21T16:59:10","modified_gmt":"2021-02-21T16:59:10","slug":"ate-24-0120-0174-1-jarrulevyt","status":"publish","type":"product","link":"https:\/\/www.autonvaraosahaku.fi\/?product=ate-24-0120-0174-1-jarrulevyt","title":{"rendered":"ATE 24.0120-0174.1 Jarrulevyt"},"content":{"rendered":"<p>Ulkol\u00e4pimitta [mm]: 240,0; Jarrulevyn paksuus (mm): 20,0; V\u00e4himm\u00e4ispaksuus (mm): 17,0; Jarrulevytyyppi: Tuuletettu; Pinta: pinnoitettu; Reikien m\u00e4\u00e4r\u00e4: 4; Korvaava tuote\/korvaava tiedote 2: Ruuveilla; MAPP-koodi saatavilla: ; Reik\u00e4lukum\u00e4\u00e4r\u00e4 2: 6; Korkeus (mm): 41,0; keskitt\u00e4misl\u00e4pimitta [mm]: 60,0; Sis\u00e4l\u00e4pimitta [mm]: 126,0; Reik\u00e4ympyr\u00e4-\u00d8 [mm]: 100,0; Reik\u00e4-\u00d8 [mm]: 14,0; Tarkistuskilpi: E1 90R-02C0118\/0088; Jarru-\/ajodynamiikka: f\u00fcr Fahrzeuge mit ABS; OPEL: CORSA C F08, F68,CORSA C Kasten F08, W5L; VAUXHALL: CORSA Mk II C W5L, F08,CORSAVAN Mk II C; 569021, 9195985, 569021, 9195985; Jarrulevy<\/p>\n","protected":false},"excerpt":{"rendered":"<p>ATE Jarrulevyt 24.0120-0174.1 Jarrulevy OPEL,VAUXHALL,CORSA C F08, F68,CORSA C Kasten F08, W5L,CORSA Mk II C W5L, F08,CORSAVAN Mk II C<\/p>\n","protected":false},"featured_media":0,"template":"","meta":{"site-sidebar-layout":"default","site-content-layout":"default","ast-global-header-display":"","ast-main-header-display":"","ast-hfb-above-header-display":"","ast-hfb-below-header-display":"","ast-hfb-mobile-header-display":"","site-post-title":"","ast-breadcrumbs-content":"","ast-featured-img":"","footer-sml-layout":"","theme-transparent-header-meta":"","adv-header-id-meta":"","stick-header-meta":"","header-above-stick-meta":"","header-main-stick-meta":"","header-below-stick-meta":""},"pwb-brand":[108],"product_cat":[66],"product_tag":[],"class_list":{"0":"post-43521","1":"product","2":"type-product","3":"status-publish","5":"pwb-brand-ate","6":"product_cat-jarrulevyt","7":"desktop-align-left","8":"tablet-align-left","9":"mobile-align-left","11":"first","12":"instock","13":"product-type-external"},"brands":[{"id":108,"name":"ATE","slug":"ate"}],"_links":{"self":[{"href":"https:\/\/www.autonvaraosahaku.fi\/index.php?rest_route=\/wp\/v2\/product\/43521","targetHints":{"allow":["GET"]}}],"collection":[{"href":"https:\/\/www.autonvaraosahaku.fi\/index.php?rest_route=\/wp\/v2\/product"}],"about":[{"href":"https:\/\/www.autonvaraosahaku.fi\/index.php?rest_route=\/wp\/v2\/types\/product"}],"wp:attachment":[{"href":"https:\/\/www.autonvaraosahaku.fi\/index.php?rest_route=%2Fwp%2Fv2%2Fmedia&parent=43521"}],"wp:term":[{"taxonomy":"pwb-brand","embeddable":true,"href":"https:\/\/www.autonvaraosahaku.fi\/index.php?rest_route=%2Fwp%2Fv2%2Fpwb-brand&post=43521"},{"taxonomy":"product_cat","embeddable":true,"href":"https:\/\/www.autonvaraosahaku.fi\/index.php?rest_route=%2Fwp%2Fv2%2Fproduct_cat&post=43521"},{"taxonomy":"product_tag","embeddable":true,"href":"https:\/\/www.autonvaraosahaku.fi\/index.php?rest_route=%2Fwp%2Fv2%2Fproduct_tag&post=43521"}],"curies":[{"name":"wp","href":"https:\/\/api.w.org\/{rel}","templated":true}]}}