{"id":43592,"date":"2021-02-21T16:59:26","date_gmt":"2021-02-21T16:59:26","guid":{"rendered":"https:\/\/www.autonvaraosahaku.fi\/?product=era-330026-oljynpaineanturi"},"modified":"2021-02-21T16:59:28","modified_gmt":"2021-02-21T16:59:28","slug":"era-330026-oljynpaineanturi","status":"publish","type":"product","link":"https:\/\/www.autonvaraosahaku.fi\/?product=era-330026-oljynpaineanturi","title":{"rendered":"ERA 330026 \u00d6ljynpaineanturi"},"content":{"rendered":"<p>Liitinkierre: M16 x 1,5; Kytkent\u00e4paine (bar): 0,5; Liittimi\u00e4: 1; Teknisten tietojen numero: circuit N.C.; MAZDA: 3 BK,2 DY,2 DE,3 BL,5 CW,3 Stufenheck BK,3 Stufenheck BL; NISSAN: MICRA II K11; LAND ROVER: FREELANDER 2 FA_,RANGE ROVER EVOQUE LV,DISCOVERY SPORT LC; VOLVO: V50 MW,V70 III BW,C30,V60,S40 II MS,C70 II Cabriolet,V40 Schr\u00e4gheck,XC70 II,S80 II AS,S60 II; SUZUKI: SX4 EY, GY,GRAND VITARA I FT,LIANA Schr\u00e4gheck,LIANA ER; OPEL: CROSSLAND X; MINI: MINI R56,MINI CLUBMAN R55,MINI Cabriolet R57,MINI Coupe R58,MINI Roadster R59; LANCIA: PHEDRA 179,ZETA 220; FORD: FIESTA V JH_, JD_,FOCUS II Kombi DA_,FIESTA VI,MONDEO IV Turnier BA7,FOCUS II DA_,S-MAX WA6,FOCUS III Turnier,FOCUS C-MAX,GALAXY WA6,KUGA I,FUSION JU_,C-MAX DM2,FOCUS III,C-MAX II,MONDEO IV BA7,KUGA II DM2,GRAND C-MAX,FOCUS II Stufenheck DA_,B-MAX JK,FOCUS II Cabriolet,ECOSPORT,FOCUS III Stufenheck,MONDEO IV Stufenheck BA7,TOURNEO CONNECT \/ GRAND TOURNEO CONNECT Kombi,FIESTA V Van,FIESTA VI Van,TRANSIT CONNECT Kasten,MONDEO V Turnier,GRAND C-MAX Van,MONDEO V Schr\u00e4gheck,C-MAX II Van,TOURNEO COURIER Kombi,B-MAX Van,TRANSIT CONNECT Kombi,TRANSIT COURIER Kasten,FOCUS III Kasten\/Schr\u00e4gheck,TRANSIT COURIER Kombi; TOYOTA: AYGO WNB1_, KGB1_,COROLLA Liftback _E11_,COROLLA Compact _E11_,COROLLA _E11_,COROLLA Wagon __E11_,PROACE Kasten\/Kombi,AYGO PAB4_, KGB4_; 11427805983, 12617536724, 12617568481, 7568481, 1131C5, 1131K5, 9661477580, 9631846480, 1145966, 1486742, 2S6Q9278AA, 2S6Q9278AB, Y40118501, Y40118501A, 252406F901, 1131C5, 1131K5, 9661477580, 1658267G00000, 1658286CT0, 8353002040, SU00100591, 30725229, 31259226, 8653814; \u00d6ljynpainekytkin<\/p>\n","protected":false},"excerpt":{"rendered":"<p>ERA \u00d6ljynpaineanturi 330026 \u00d6ljynpainekytkin MAZDA,NISSAN,LAND ROVER,3 BK,2 DY,2 DE,3 BL,5 CW,3 Stufenheck BK,3 Stufenheck BL,MICRA II K11<\/p>\n","protected":false},"featured_media":0,"template":"","meta":{"site-sidebar-layout":"default","site-content-layout":"default","ast-global-header-display":"","ast-main-header-display":"","ast-hfb-above-header-display":"","ast-hfb-below-header-display":"","ast-hfb-mobile-header-display":"","site-post-title":"","ast-breadcrumbs-content":"","ast-featured-img":"","footer-sml-layout":"","theme-transparent-header-meta":"","adv-header-id-meta":"","stick-header-meta":"","header-above-stick-meta":"","header-main-stick-meta":"","header-below-stick-meta":""},"pwb-brand":[64],"product_cat":[235],"product_tag":[],"class_list":{"0":"post-43592","1":"product","2":"type-product","3":"status-publish","5":"pwb-brand-era","6":"product_cat-oljynpaineanturi","7":"desktop-align-left","8":"tablet-align-left","9":"mobile-align-left","11":"first","12":"instock","13":"product-type-external"},"brands":[{"id":64,"name":"ERA","slug":"era"}],"_links":{"self":[{"href":"https:\/\/www.autonvaraosahaku.fi\/index.php?rest_route=\/wp\/v2\/product\/43592","targetHints":{"allow":["GET"]}}],"collection":[{"href":"https:\/\/www.autonvaraosahaku.fi\/index.php?rest_route=\/wp\/v2\/product"}],"about":[{"href":"https:\/\/www.autonvaraosahaku.fi\/index.php?rest_route=\/wp\/v2\/types\/product"}],"wp:attachment":[{"href":"https:\/\/www.autonvaraosahaku.fi\/index.php?rest_route=%2Fwp%2Fv2%2Fmedia&parent=43592"}],"wp:term":[{"taxonomy":"pwb-brand","embeddable":true,"href":"https:\/\/www.autonvaraosahaku.fi\/index.php?rest_route=%2Fwp%2Fv2%2Fpwb-brand&post=43592"},{"taxonomy":"product_cat","embeddable":true,"href":"https:\/\/www.autonvaraosahaku.fi\/index.php?rest_route=%2Fwp%2Fv2%2Fproduct_cat&post=43592"},{"taxonomy":"product_tag","embeddable":true,"href":"https:\/\/www.autonvaraosahaku.fi\/index.php?rest_route=%2Fwp%2Fv2%2Fproduct_tag&post=43592"}],"curies":[{"name":"wp","href":"https:\/\/api.w.org\/{rel}","templated":true}]}}