{"id":43628,"date":"2021-02-21T16:59:36","date_gmt":"2021-02-21T16:59:36","guid":{"rendered":"https:\/\/www.autonvaraosahaku.fi\/?product=topran-103-173-pissapojan-pumppu"},"modified":"2021-02-21T16:59:38","modified_gmt":"2021-02-21T16:59:38","slug":"topran-103-173-pissapojan-pumppu","status":"publish","type":"product","link":"https:\/\/www.autonvaraosahaku.fi\/?product=topran-103-173-pissapojan-pumppu","title":{"rendered":"TOPRAN 103 173 Pissapojan pumppu"},"content":{"rendered":"<p>Pumpputyyppi: Kaksoispumppu; Pistokkeen kotelon muoto: suorakulmainen (rectangular); K\u00e4ytt\u00f6: S\u00e4hk\u00f6inen; Napojen m\u00e4\u00e4r\u00e4: 2; Nimellisj\u00e4nnite (V): 12; Varusteet: f\u00fcr Fahrzeuge mit Heckscheibenwischer; VW: TRANSPORTER IV Bus 70XB, 70XC, 7DB, 7DW,GOLF III 1H1,SHARAN 7M8, 7M9, 7M6,POLO 6N1,PASSAT Variant 3A5, 35I,TRANSPORTER IV Kasten 70XA,GOLF III Variant 1H5,TRANSPORTER IV Pritsche\/Fahrgestell 70XD; SEAT: ALHAMBRA 7V8, 7V9,IBIZA II 6K1; OPEL: CORSA D,CORSA C F08, F68,ZAFIRA B A05,ASTRA H Caravan L35,MERIVA,ZAFIRA A F75_,ASTRA G CC F48_, F08_,ASTRA H L48,ASTRA G Caravan F35_,CORSA B 73_, 78_, 79_,VECTRA C Caravan,ASTRA H GTC L08,SIGNUM,AGILA A H00,OMEGA B Caravan 21_, 22_, 23_,VECTRA C GTS,VECTRA B Caravan 31_,COMBO Kasten\/Kombi,VECTRA B CC 38_,COMBO Tour,CORSA D Van,TIGRA 95_,COMBO 71_,ASTRA H Kasten L70,CORSA B Kasten 73_,ASTRA G Kasten F70; FORD: GALAXY WGR; VAUXHALL: CORSA Mk III D L_8,ZAFIRA Mk II B M75,ASTRA Mk V H CC,VECTRA Mk II C CC,ZAFIRA Mk I A F75,CORSA Mk II C W5L, F08,ASTRA Mk V H Estate,VECTRA Mk II C Estate,ASTRA Mk IV G CC,CORSA Mk I B,SIGNUM,MERIVA Mk I A,CORSAVAN Mk III D,AGILA Mk I A,VECTRA B CC,VECTRA B Estate,ASTRAVAN Mk IV G,ASTRAVAN Mk V H,TIGRA Mk I F07,OMEGA B Estate,COMBO Mk II C Kasten\/Kombi F25,ASTRA Mk IV G Estate; 7222079, 95VW17K624AA, 1450173, 1450185, 1H6955651, 90508706, 90585762, 1H6955651; Pesurin Pumppu,Lasinpesurin Pumppu,Pesunestepumppu, Lasinpesu<\/p>\n","protected":false},"excerpt":{"rendered":"<p>TOPRAN Pissapojan Pumppu 103 173 Pesurin Pumppu,Lasinpesurin Pumppu VW,SEAT,OPEL,TRANSPORTER IV Bus 70XB, 70XC, 7DB, 7DW,GOLF III 1H1<\/p>\n","protected":false},"featured_media":0,"template":"","meta":{"site-sidebar-layout":"default","site-content-layout":"default","ast-global-header-display":"","ast-main-header-display":"","ast-hfb-above-header-display":"","ast-hfb-below-header-display":"","ast-hfb-mobile-header-display":"","site-post-title":"","ast-breadcrumbs-content":"","ast-featured-img":"","footer-sml-layout":"","theme-transparent-header-meta":"","adv-header-id-meta":"","stick-header-meta":"","header-above-stick-meta":"","header-main-stick-meta":"","header-below-stick-meta":""},"pwb-brand":[18],"product_cat":[182],"product_tag":[],"class_list":{"0":"post-43628","1":"product","2":"type-product","3":"status-publish","5":"pwb-brand-topran","6":"product_cat-pissapojan-pumppu","7":"desktop-align-left","8":"tablet-align-left","9":"mobile-align-left","11":"first","12":"instock","13":"product-type-external"},"brands":[{"id":18,"name":"TOPRAN","slug":"topran"}],"_links":{"self":[{"href":"https:\/\/www.autonvaraosahaku.fi\/index.php?rest_route=\/wp\/v2\/product\/43628","targetHints":{"allow":["GET"]}}],"collection":[{"href":"https:\/\/www.autonvaraosahaku.fi\/index.php?rest_route=\/wp\/v2\/product"}],"about":[{"href":"https:\/\/www.autonvaraosahaku.fi\/index.php?rest_route=\/wp\/v2\/types\/product"}],"wp:attachment":[{"href":"https:\/\/www.autonvaraosahaku.fi\/index.php?rest_route=%2Fwp%2Fv2%2Fmedia&parent=43628"}],"wp:term":[{"taxonomy":"pwb-brand","embeddable":true,"href":"https:\/\/www.autonvaraosahaku.fi\/index.php?rest_route=%2Fwp%2Fv2%2Fpwb-brand&post=43628"},{"taxonomy":"product_cat","embeddable":true,"href":"https:\/\/www.autonvaraosahaku.fi\/index.php?rest_route=%2Fwp%2Fv2%2Fproduct_cat&post=43628"},{"taxonomy":"product_tag","embeddable":true,"href":"https:\/\/www.autonvaraosahaku.fi\/index.php?rest_route=%2Fwp%2Fv2%2Fproduct_tag&post=43628"}],"curies":[{"name":"wp","href":"https:\/\/api.w.org\/{rel}","templated":true}]}}