{"id":43633,"date":"2021-02-21T16:59:36","date_gmt":"2021-02-21T16:59:36","guid":{"rendered":"https:\/\/www.autonvaraosahaku.fi\/?product=ridex-123b0070-jarrurumpu"},"modified":"2021-02-21T16:59:39","modified_gmt":"2021-02-21T16:59:39","slug":"ridex-123b0070-jarrurumpu","status":"publish","type":"product","link":"https:\/\/www.autonvaraosahaku.fi\/?product=ridex-123b0070-jarrurumpu","title":{"rendered":"RIDEX 123B0070 Jarrurumpu"},"content":{"rendered":"<p>Paino [kg]: 4,86; Reik\u00e4-\u00d8 [mm]: 51,884; Rumpul\u00e4pimitta: 180; Jarrurummun ulkol\u00e4pim. [mm]: 212; Suurin mahdollinen rummun sis\u00e4mitta (mm): 181; J-rumpu sis\u00e4leveys [mm]: 44,2; J-rumpu ulkoleveys [mm]: 70,7; Reikien m\u00e4\u00e4r\u00e4: 4; Laipan sis\u00e4l\u00e4pimitta [mm]: 52; Korvaava tuote\/korvaava tiedote 2: ilman ABS-sensorirengasta, ilman py\u00f6r\u00e4nlaakeria; Asennuspuoli: Hinterachse; PEUGEOT: 205 II 20A\/C,205 I Cabriolet 741B, 20D,309 II 3C, 3A,205 I 741A\/C,309 I 10C, 10A,205 Kasten; 95637178, 424725, 424731<\/p>\n","protected":false},"excerpt":{"rendered":"<p>RIDEX Jarrurumpu 123B0070  PEUGEOT,205 II 20A\/C,205 I Cabriolet 741B, 20D,309 II 3C, 3A,205 I 741A\/C,309 I 10C, 10A,205 Kasten<\/p>\n","protected":false},"featured_media":0,"template":"","meta":{"site-sidebar-layout":"default","site-content-layout":"default","ast-global-header-display":"","ast-main-header-display":"","ast-hfb-above-header-display":"","ast-hfb-below-header-display":"","ast-hfb-mobile-header-display":"","site-post-title":"","ast-breadcrumbs-content":"","ast-featured-img":"","footer-sml-layout":"","theme-transparent-header-meta":"","adv-header-id-meta":"","stick-header-meta":"","header-above-stick-meta":"","header-main-stick-meta":"","header-below-stick-meta":""},"pwb-brand":[157],"product_cat":[304],"product_tag":[],"class_list":{"0":"post-43633","1":"product","2":"type-product","3":"status-publish","5":"pwb-brand-ridex","6":"product_cat-jarrurumpu","7":"desktop-align-left","8":"tablet-align-left","9":"mobile-align-left","11":"first","12":"instock","13":"product-type-external"},"brands":[{"id":157,"name":"RIDEX","slug":"ridex"}],"_links":{"self":[{"href":"https:\/\/www.autonvaraosahaku.fi\/index.php?rest_route=\/wp\/v2\/product\/43633","targetHints":{"allow":["GET"]}}],"collection":[{"href":"https:\/\/www.autonvaraosahaku.fi\/index.php?rest_route=\/wp\/v2\/product"}],"about":[{"href":"https:\/\/www.autonvaraosahaku.fi\/index.php?rest_route=\/wp\/v2\/types\/product"}],"wp:attachment":[{"href":"https:\/\/www.autonvaraosahaku.fi\/index.php?rest_route=%2Fwp%2Fv2%2Fmedia&parent=43633"}],"wp:term":[{"taxonomy":"pwb-brand","embeddable":true,"href":"https:\/\/www.autonvaraosahaku.fi\/index.php?rest_route=%2Fwp%2Fv2%2Fpwb-brand&post=43633"},{"taxonomy":"product_cat","embeddable":true,"href":"https:\/\/www.autonvaraosahaku.fi\/index.php?rest_route=%2Fwp%2Fv2%2Fproduct_cat&post=43633"},{"taxonomy":"product_tag","embeddable":true,"href":"https:\/\/www.autonvaraosahaku.fi\/index.php?rest_route=%2Fwp%2Fv2%2Fproduct_tag&post=43633"}],"curies":[{"name":"wp","href":"https:\/\/api.w.org\/{rel}","templated":true}]}}