{"id":43650,"date":"2021-02-21T16:59:41","date_gmt":"2021-02-21T16:59:41","guid":{"rendered":"https:\/\/www.autonvaraosahaku.fi\/?product=ridex-51t0081-raidetangon-sisapaa"},"modified":"2021-02-21T16:59:44","modified_gmt":"2021-02-21T16:59:44","slug":"ridex-51t0081-raidetangon-sisapaa","status":"publish","type":"product","link":"https:\/\/www.autonvaraosahaku.fi\/?product=ridex-51t0081-raidetangon-sisapaa","title":{"rendered":"RIDEX 51T0081 Raidetangon sis\u00e4p\u00e4\u00e4"},"content":{"rendered":"<p>Asennuspuoli: etuakseli molemminpuoleinen, Sisempi; Pituus (mm): 184,5; kierre 2: M14X1.5; L\u00e4pimitta 1 [mm]: 14,5; Kierre 1: M16X1.5; KIA: CEE&#8217;D SW ED,CEE&#8217;D Schr\u00e4gheck ED,CEE&#8217;D JD,CEE`D Sportswagon JD,PRO CEE&#8217;D ED,PRO CEE\u00b4D JD,CERATO Stufenheck LD,CERATO II Stufenheck TD,CERATO KOUP TD; HYUNDAI: i30 FD,i30 CW FD,ELANTRA Stufenheck MD, UD,ELANTRA Stufenheck HD; 565402H000, 565402H000; Raidetangon P\u00e4\u00e4 Sisempi,Raidetangon P\u00e4\u00e4, Suora<\/p>\n","protected":false},"excerpt":{"rendered":"<p>RIDEX Raidetangon Sis\u00e4p\u00e4\u00e4 51T0081 Raidetangon P\u00e4\u00e4 Sisempi,Raidetangon P\u00e4\u00e4, Suora KIA,HYUNDAI,CEE&#8217;D SW ED,CEE&#8217;D Schr\u00e4gheck ED,CEE&#8217;D JD<\/p>\n","protected":false},"featured_media":0,"template":"","meta":{"site-sidebar-layout":"default","site-content-layout":"default","ast-global-header-display":"","ast-main-header-display":"","ast-hfb-above-header-display":"","ast-hfb-below-header-display":"","ast-hfb-mobile-header-display":"","site-post-title":"","ast-breadcrumbs-content":"","ast-featured-img":"","footer-sml-layout":"","theme-transparent-header-meta":"","adv-header-id-meta":"","stick-header-meta":"","header-above-stick-meta":"","header-main-stick-meta":"","header-below-stick-meta":""},"pwb-brand":[157],"product_cat":[208],"product_tag":[],"class_list":{"0":"post-43650","1":"product","2":"type-product","3":"status-publish","5":"pwb-brand-ridex","6":"product_cat-raidetangon-sisapaa","7":"desktop-align-left","8":"tablet-align-left","9":"mobile-align-left","11":"first","12":"instock","13":"product-type-external"},"brands":[{"id":157,"name":"RIDEX","slug":"ridex"}],"_links":{"self":[{"href":"https:\/\/www.autonvaraosahaku.fi\/index.php?rest_route=\/wp\/v2\/product\/43650","targetHints":{"allow":["GET"]}}],"collection":[{"href":"https:\/\/www.autonvaraosahaku.fi\/index.php?rest_route=\/wp\/v2\/product"}],"about":[{"href":"https:\/\/www.autonvaraosahaku.fi\/index.php?rest_route=\/wp\/v2\/types\/product"}],"wp:attachment":[{"href":"https:\/\/www.autonvaraosahaku.fi\/index.php?rest_route=%2Fwp%2Fv2%2Fmedia&parent=43650"}],"wp:term":[{"taxonomy":"pwb-brand","embeddable":true,"href":"https:\/\/www.autonvaraosahaku.fi\/index.php?rest_route=%2Fwp%2Fv2%2Fpwb-brand&post=43650"},{"taxonomy":"product_cat","embeddable":true,"href":"https:\/\/www.autonvaraosahaku.fi\/index.php?rest_route=%2Fwp%2Fv2%2Fproduct_cat&post=43650"},{"taxonomy":"product_tag","embeddable":true,"href":"https:\/\/www.autonvaraosahaku.fi\/index.php?rest_route=%2Fwp%2Fv2%2Fproduct_tag&post=43650"}],"curies":[{"name":"wp","href":"https:\/\/api.w.org\/{rel}","templated":true}]}}