{"id":43660,"date":"2021-02-21T16:59:47","date_gmt":"2021-02-21T16:59:47","guid":{"rendered":"https:\/\/www.autonvaraosahaku.fi\/?product=ridex-402b0159-jarrupalat"},"modified":"2021-02-21T16:59:47","modified_gmt":"2021-02-21T16:59:47","slug":"ridex-402b0159-jarrupalat","status":"publish","type":"product","link":"https:\/\/www.autonvaraosahaku.fi\/?product=ridex-402b0159-jarrupalat","title":{"rendered":"RIDEX 402B0159 Jarrupalat"},"content":{"rendered":"<p>Asennuspuoli: Taka-akseli; M\u00e4\u00e4r\u00e4tty kiertosuunta: ; ei sidoksissa kulkusuuntaan: ; Leveys 1 (mm): 98,8; Korkeus 1 (mm): 43,5; Paksuus 1 [mm]: 15,5; Paino [kg]: 0,82; M\u00e4\u00e4r\u00e4yksikk\u00f6: Akselisarja; Kulumisenilmaisimen liitos: akustisella kulumavaroittimella; Vaihteistomalli: Vollautomatik; DAEWOO: MUSSO FJ,KORANDO KJ,REXTON GAB_,KORANDO Cabrio KJ; SSANGYONG: REXTON GAB_,KYRON,REXTON W,MUSSO FJ,ACTYON SPORTS I QJ,ACTYON I,KORANDO KJ,ACTYON SPORTS II,MUSSO SPORTS,KORANDO K4,KORANDO Cabrio KJ; 4841308050, 48413090A0, 48413090A1, 4841305100, 4841305101, 4841305102, 4841308050, 4841308051, 48413090A0, 48413090A1, 48413091A0, 48413091A1; Jarrupalasarja,Jarrupala, Levyjarru<\/p>\n","protected":false},"excerpt":{"rendered":"<p>RIDEX Jarrupalat 402B0159 Jarrupalasarja,Jarrupala, Levyjarru DAEWOO,SSANGYONG,MUSSO FJ,KORANDO KJ,REXTON GAB_,KORANDO Cabrio KJ,REXTON GAB_,KYRON<\/p>\n","protected":false},"featured_media":0,"template":"","meta":{"site-sidebar-layout":"default","site-content-layout":"default","ast-global-header-display":"","ast-main-header-display":"","ast-hfb-above-header-display":"","ast-hfb-below-header-display":"","ast-hfb-mobile-header-display":"","site-post-title":"","ast-breadcrumbs-content":"","ast-featured-img":"","footer-sml-layout":"","theme-transparent-header-meta":"","adv-header-id-meta":"","stick-header-meta":"","header-above-stick-meta":"","header-main-stick-meta":"","header-below-stick-meta":""},"pwb-brand":[157],"product_cat":[100],"product_tag":[],"class_list":{"0":"post-43660","1":"product","2":"type-product","3":"status-publish","5":"pwb-brand-ridex","6":"product_cat-jarrupalat","7":"desktop-align-left","8":"tablet-align-left","9":"mobile-align-left","11":"first","12":"instock","13":"product-type-external"},"brands":[{"id":157,"name":"RIDEX","slug":"ridex"}],"_links":{"self":[{"href":"https:\/\/www.autonvaraosahaku.fi\/index.php?rest_route=\/wp\/v2\/product\/43660","targetHints":{"allow":["GET"]}}],"collection":[{"href":"https:\/\/www.autonvaraosahaku.fi\/index.php?rest_route=\/wp\/v2\/product"}],"about":[{"href":"https:\/\/www.autonvaraosahaku.fi\/index.php?rest_route=\/wp\/v2\/types\/product"}],"wp:attachment":[{"href":"https:\/\/www.autonvaraosahaku.fi\/index.php?rest_route=%2Fwp%2Fv2%2Fmedia&parent=43660"}],"wp:term":[{"taxonomy":"pwb-brand","embeddable":true,"href":"https:\/\/www.autonvaraosahaku.fi\/index.php?rest_route=%2Fwp%2Fv2%2Fpwb-brand&post=43660"},{"taxonomy":"product_cat","embeddable":true,"href":"https:\/\/www.autonvaraosahaku.fi\/index.php?rest_route=%2Fwp%2Fv2%2Fproduct_cat&post=43660"},{"taxonomy":"product_tag","embeddable":true,"href":"https:\/\/www.autonvaraosahaku.fi\/index.php?rest_route=%2Fwp%2Fv2%2Fproduct_tag&post=43660"}],"curies":[{"name":"wp","href":"https:\/\/api.w.org\/{rel}","templated":true}]}}