{"id":43693,"date":"2021-02-21T16:59:52","date_gmt":"2021-02-21T16:59:52","guid":{"rendered":"https:\/\/www.autonvaraosahaku.fi\/?product=stabilus-1293bn-konepellin-kaasujousi"},"modified":"2021-02-21T16:59:55","modified_gmt":"2021-02-21T16:59:55","slug":"stabilus-1293bn-konepellin-kaasujousi","status":"publish","type":"product","link":"https:\/\/www.autonvaraosahaku.fi\/?product=stabilus-1293bn-konepellin-kaasujousi","title":{"rendered":"STABILUS 1293BN Konepellin kaasujousi"},"content":{"rendered":"<p>Ty\u00f6nt\u00f6voima [N]: 270; Pituus (mm): 405; Isku (mm): 162; lis\u00e4tieto: \/\/  LIFT-O-MAT\u00ae; Asennuspuoli: Fahrzeugfront; PORSCHE: 944,924,944 Cabriolet; 94451135100, 94451135101, 94551135101; Kaasujousi, Konepelti<\/p>\n","protected":false},"excerpt":{"rendered":"<p>STABILUS Konepellin Kaasujousi 1293BN Kaasujousi, Konepelti PORSCHE,944,924,944 Cabriolet<\/p>\n","protected":false},"featured_media":0,"template":"","meta":{"site-sidebar-layout":"default","site-content-layout":"default","ast-global-header-display":"","ast-main-header-display":"","ast-hfb-above-header-display":"","ast-hfb-below-header-display":"","ast-hfb-mobile-header-display":"","site-post-title":"","ast-breadcrumbs-content":"","ast-featured-img":"","footer-sml-layout":"","theme-transparent-header-meta":"","adv-header-id-meta":"","stick-header-meta":"","header-above-stick-meta":"","header-main-stick-meta":"","header-below-stick-meta":""},"pwb-brand":[218],"product_cat":[194],"product_tag":[],"class_list":{"0":"post-43693","1":"product","2":"type-product","3":"status-publish","5":"pwb-brand-stabilus","6":"product_cat-konepellin-kaasujousi","7":"desktop-align-left","8":"tablet-align-left","9":"mobile-align-left","11":"first","12":"instock","13":"product-type-external"},"brands":[{"id":218,"name":"STABILUS","slug":"stabilus"}],"_links":{"self":[{"href":"https:\/\/www.autonvaraosahaku.fi\/index.php?rest_route=\/wp\/v2\/product\/43693","targetHints":{"allow":["GET"]}}],"collection":[{"href":"https:\/\/www.autonvaraosahaku.fi\/index.php?rest_route=\/wp\/v2\/product"}],"about":[{"href":"https:\/\/www.autonvaraosahaku.fi\/index.php?rest_route=\/wp\/v2\/types\/product"}],"wp:attachment":[{"href":"https:\/\/www.autonvaraosahaku.fi\/index.php?rest_route=%2Fwp%2Fv2%2Fmedia&parent=43693"}],"wp:term":[{"taxonomy":"pwb-brand","embeddable":true,"href":"https:\/\/www.autonvaraosahaku.fi\/index.php?rest_route=%2Fwp%2Fv2%2Fpwb-brand&post=43693"},{"taxonomy":"product_cat","embeddable":true,"href":"https:\/\/www.autonvaraosahaku.fi\/index.php?rest_route=%2Fwp%2Fv2%2Fproduct_cat&post=43693"},{"taxonomy":"product_tag","embeddable":true,"href":"https:\/\/www.autonvaraosahaku.fi\/index.php?rest_route=%2Fwp%2Fv2%2Fproduct_tag&post=43693"}],"curies":[{"name":"wp","href":"https:\/\/api.w.org\/{rel}","templated":true}]}}