{"id":43703,"date":"2021-02-21T16:59:57","date_gmt":"2021-02-21T16:59:57","guid":{"rendered":"https:\/\/www.autonvaraosahaku.fi\/?product=vaico-v38-80010-jarrulevyt"},"modified":"2021-02-21T16:59:58","modified_gmt":"2021-02-21T16:59:58","slug":"vaico-v38-80010-jarrulevyt","status":"publish","type":"product","link":"https:\/\/www.autonvaraosahaku.fi\/?product=vaico-v38-80010-jarrulevyt","title":{"rendered":"VAICO V38-80010 Jarrulevyt"},"content":{"rendered":"<p>Asennuspuoli: Etuakseli, Etuakseli, Hinterachse; Jarrulevyn navan korkeus [mm]: 46,1; Vanne, aukkoja: 5; Korkeus (mm): 62; Jarrulevytyyppi: Tuuletettu; Jarrulevyn paksuus (mm): 16; V\u00e4himm\u00e4ispaksuus (mm): 14; Ulkol\u00e4pimitta [mm]: 292; keskitt\u00e4misl\u00e4pimitta [mm]: 68; Reik\u00e4ympyr\u00e4-\u00d8 [mm]: 114,3; Pakkausleveys [cm]: 30; Pakkauskorkeus [mm]: 13, 13; Pakkaussyvyys [cm]: 30, 30; lis\u00e4tieto: CST99; NISSAN: QASHQAI \/ QASHQAI +2 J10, JJ10,X-TRAIL T30,JUKE F15,X-TRAIL T31,350 Z Z33,350 Z Roadster Z33,LEAF; RENAULT: KOLEOS HY_; 432068H304, 432068H305, 432068H700, 432068H701, 432068H702, 432000016R, 432003112R; Jarrulevy<\/p>\n","protected":false},"excerpt":{"rendered":"<p>VAICO Jarrulevyt V38-80010 Jarrulevy NISSAN,RENAULT,QASHQAI \/ QASHQAI +2 J10, JJ10,X-TRAIL T30,JUKE F15,X-TRAIL T31,350 Z Z33,350 Z Roadster Z33,LEAF<\/p>\n","protected":false},"featured_media":0,"template":"","meta":{"site-sidebar-layout":"default","site-content-layout":"default","ast-global-header-display":"","ast-main-header-display":"","ast-hfb-above-header-display":"","ast-hfb-below-header-display":"","ast-hfb-mobile-header-display":"","site-post-title":"","ast-breadcrumbs-content":"","ast-featured-img":"","footer-sml-layout":"","theme-transparent-header-meta":"","adv-header-id-meta":"","stick-header-meta":"","header-above-stick-meta":"","header-main-stick-meta":"","header-below-stick-meta":""},"pwb-brand":[330],"product_cat":[66],"product_tag":[],"class_list":{"0":"post-43703","1":"product","2":"type-product","3":"status-publish","5":"pwb-brand-vaico","6":"product_cat-jarrulevyt","7":"desktop-align-left","8":"tablet-align-left","9":"mobile-align-left","11":"first","12":"instock","13":"product-type-external"},"brands":[{"id":330,"name":"VAICO","slug":"vaico"}],"_links":{"self":[{"href":"https:\/\/www.autonvaraosahaku.fi\/index.php?rest_route=\/wp\/v2\/product\/43703","targetHints":{"allow":["GET"]}}],"collection":[{"href":"https:\/\/www.autonvaraosahaku.fi\/index.php?rest_route=\/wp\/v2\/product"}],"about":[{"href":"https:\/\/www.autonvaraosahaku.fi\/index.php?rest_route=\/wp\/v2\/types\/product"}],"wp:attachment":[{"href":"https:\/\/www.autonvaraosahaku.fi\/index.php?rest_route=%2Fwp%2Fv2%2Fmedia&parent=43703"}],"wp:term":[{"taxonomy":"pwb-brand","embeddable":true,"href":"https:\/\/www.autonvaraosahaku.fi\/index.php?rest_route=%2Fwp%2Fv2%2Fpwb-brand&post=43703"},{"taxonomy":"product_cat","embeddable":true,"href":"https:\/\/www.autonvaraosahaku.fi\/index.php?rest_route=%2Fwp%2Fv2%2Fproduct_cat&post=43703"},{"taxonomy":"product_tag","embeddable":true,"href":"https:\/\/www.autonvaraosahaku.fi\/index.php?rest_route=%2Fwp%2Fv2%2Fproduct_tag&post=43703"}],"curies":[{"name":"wp","href":"https:\/\/api.w.org\/{rel}","templated":true}]}}