{"id":43722,"date":"2021-02-21T17:00:02","date_gmt":"2021-02-21T17:00:02","guid":{"rendered":"https:\/\/www.autonvaraosahaku.fi\/?product=japanparts-pa-k20af-jarrupalat"},"modified":"2021-02-21T17:00:03","modified_gmt":"2021-02-21T17:00:03","slug":"japanparts-pa-k20af-jarrupalat","status":"publish","type":"product","link":"https:\/\/www.autonvaraosahaku.fi\/?product=japanparts-pa-k20af-jarrupalat","title":{"rendered":"JAPANPARTS PA-K20AF Jarrupalat"},"content":{"rendered":"<p>Asennuspuoli: Etuakseli; Jarrutyyppi: Levyjarru; Pituus (mm): 137,8; Korkeus (mm): 60; Paksuus [mm]: 16,8; WVA-numero: 24501; Tarkistuskilpi: ECE R90 APPROVED; M\u00e4\u00e4r\u00e4yksikk\u00f6: Akselisarja; Valmistusvuosi alkaen: 04\/2007; HYUNDAI: ix35 LM, EL, ELH,i40 CW VF,i40 VF; KIA: SPORTAGE SL,SPORTAGE JE_, KM_,CARENS III UN; 581010ZA00, 581011DA00, 581011DE00, 581012MA00, 581012SA50, 581012SA51, 581012SA70, 581012SA75, 581012YA00, 581012YA50, 581013ZA00, 581013ZA10, 581013ZA16, 581013ZA70, 581013ZA76, 581014WA10, 58101B2A60, 58101D7A00, 58101D7A10, 58101D7A50, 581010ZA00, 581011DA00, 581011DA50, 581011DE00, 581012SA50, 581012SA70, 581012YA00, 581012YA50, 581013ZA16, 581013ZA76, 58101B2A60, 58101D7A10; Jarrupalasarja,Jarrupala, Levyjarru<\/p>\n","protected":false},"excerpt":{"rendered":"<p>JAPANPARTS Jarrupalat PA-K20AF Jarrupalasarja,Jarrupala, Levyjarru HYUNDAI,KIA,ix35 LM, EL, ELH,i40 CW VF,i40 VF,SPORTAGE SL,SPORTAGE JE_, KM_<\/p>\n","protected":false},"featured_media":0,"template":"","meta":{"site-sidebar-layout":"default","site-content-layout":"default","ast-global-header-display":"","ast-main-header-display":"","ast-hfb-above-header-display":"","ast-hfb-below-header-display":"","ast-hfb-mobile-header-display":"","site-post-title":"","ast-breadcrumbs-content":"","ast-featured-img":"","footer-sml-layout":"","theme-transparent-header-meta":"","adv-header-id-meta":"","stick-header-meta":"","header-above-stick-meta":"","header-main-stick-meta":"","header-below-stick-meta":""},"pwb-brand":[334],"product_cat":[100],"product_tag":[],"class_list":{"0":"post-43722","1":"product","2":"type-product","3":"status-publish","5":"pwb-brand-japanparts","6":"product_cat-jarrupalat","7":"desktop-align-left","8":"tablet-align-left","9":"mobile-align-left","11":"first","12":"instock","13":"product-type-external"},"brands":[{"id":334,"name":"JAPANPARTS","slug":"japanparts"}],"_links":{"self":[{"href":"https:\/\/www.autonvaraosahaku.fi\/index.php?rest_route=\/wp\/v2\/product\/43722","targetHints":{"allow":["GET"]}}],"collection":[{"href":"https:\/\/www.autonvaraosahaku.fi\/index.php?rest_route=\/wp\/v2\/product"}],"about":[{"href":"https:\/\/www.autonvaraosahaku.fi\/index.php?rest_route=\/wp\/v2\/types\/product"}],"wp:attachment":[{"href":"https:\/\/www.autonvaraosahaku.fi\/index.php?rest_route=%2Fwp%2Fv2%2Fmedia&parent=43722"}],"wp:term":[{"taxonomy":"pwb-brand","embeddable":true,"href":"https:\/\/www.autonvaraosahaku.fi\/index.php?rest_route=%2Fwp%2Fv2%2Fpwb-brand&post=43722"},{"taxonomy":"product_cat","embeddable":true,"href":"https:\/\/www.autonvaraosahaku.fi\/index.php?rest_route=%2Fwp%2Fv2%2Fproduct_cat&post=43722"},{"taxonomy":"product_tag","embeddable":true,"href":"https:\/\/www.autonvaraosahaku.fi\/index.php?rest_route=%2Fwp%2Fv2%2Fproduct_tag&post=43722"}],"curies":[{"name":"wp","href":"https:\/\/api.w.org\/{rel}","templated":true}]}}