{"id":43724,"date":"2021-02-21T17:00:02","date_gmt":"2021-02-21T17:00:02","guid":{"rendered":"https:\/\/www.autonvaraosahaku.fi\/?product=japanparts-fo-110s-oljynsuodatin"},"modified":"2021-02-21T17:00:04","modified_gmt":"2021-02-21T17:00:04","slug":"japanparts-fo-110s-oljynsuodatin","status":"publish","type":"product","link":"https:\/\/www.autonvaraosahaku.fi\/?product=japanparts-fo-110s-oljynsuodatin","title":{"rendered":"JAPANPARTS FO-110S \u00d6ljynsuodatin"},"content":{"rendered":"<p>Suodatintyyppi: Ruuvattava suodatin; Pituus (mm): 131; Ulkol\u00e4pimitta [mm]: 94,5; Asennusl\u00e4pimitta [mm]: 73; Sis\u00e4kierre (mm): 3\/4 x 16; Valmistusvuoteen: 08\/1995; NISSAN: TERRANO II R20,PICK UP D22,PICK UP D21,PATROL GR I Y60, GR,280 ZX,ZXT HGS130,PATROL Station Wagon W260,PATROL Hardtop K260,LAUREL JC32,PICK UP 720,TRADE Kasten\/Kombi,DATSUN 240 Coupe C210,LAUREL JC31,TRADE Bus,URVAN Bus E24,LAUREL HLC230,BLUEBIRD 910,VANETTE Bus KC120,URVAN Kasten E24,BLUEBIRD B610,DATSUN 160 J 710, A10,BLUEBIRD Traveller W910,DATSUN 180 B PL810,DATSUN 140 J 710,SILVIA S110,CABSTAR Pritsche\/Fahrgestell F22, H40,ATLEON,L-Serie; FORD: MAVERICK UDS, UNS; RENAULT: 30 127_; 1112652, 1213439, 1363159, 3484574, 3707442, 3771819, 3875440, 4130046, 5092555, 5191624, 5861024090, 1520805D0A, 1520843G00, 1520843G0A, 1520865005, 1520865011, 1520865014, 152087F400, 152087F40A, 152089X70A, 15208G9900, 15208G9903, 15208U3401, 15208W1120, 15208W1123, 15208W1124, 15208W1194, 15208W3400, 15208W3401, 15208W3403, 15208Y9700, 15208Y9701, 2654154, 993021, 993071, 993072, 996210, 996590, A520843G00, A520843G0A, A520843G0A01, A5208W3401, A5208W3403, A5208Y9701, AY100NS009, AY100NS010<\/p>\n","protected":false},"excerpt":{"rendered":"<p>JAPANPARTS \u00d6ljynsuodatin FO-110S  NISSAN,FORD,RENAULT,TERRANO II R20,PICK UP D22,PICK UP D21,PATROL GR I Y60, GR,280 ZX,ZXT HGS130<\/p>\n","protected":false},"featured_media":0,"template":"","meta":{"site-sidebar-layout":"default","site-content-layout":"default","ast-global-header-display":"","ast-main-header-display":"","ast-hfb-above-header-display":"","ast-hfb-below-header-display":"","ast-hfb-mobile-header-display":"","site-post-title":"","ast-breadcrumbs-content":"","ast-featured-img":"","footer-sml-layout":"","theme-transparent-header-meta":"","adv-header-id-meta":"","stick-header-meta":"","header-above-stick-meta":"","header-main-stick-meta":"","header-below-stick-meta":""},"pwb-brand":[334],"product_cat":[30],"product_tag":[],"class_list":{"0":"post-43724","1":"product","2":"type-product","3":"status-publish","5":"pwb-brand-japanparts","6":"product_cat-oljynsuodatin","7":"desktop-align-left","8":"tablet-align-left","9":"mobile-align-left","11":"first","12":"instock","13":"product-type-external"},"brands":[{"id":334,"name":"JAPANPARTS","slug":"japanparts"}],"_links":{"self":[{"href":"https:\/\/www.autonvaraosahaku.fi\/index.php?rest_route=\/wp\/v2\/product\/43724","targetHints":{"allow":["GET"]}}],"collection":[{"href":"https:\/\/www.autonvaraosahaku.fi\/index.php?rest_route=\/wp\/v2\/product"}],"about":[{"href":"https:\/\/www.autonvaraosahaku.fi\/index.php?rest_route=\/wp\/v2\/types\/product"}],"wp:attachment":[{"href":"https:\/\/www.autonvaraosahaku.fi\/index.php?rest_route=%2Fwp%2Fv2%2Fmedia&parent=43724"}],"wp:term":[{"taxonomy":"pwb-brand","embeddable":true,"href":"https:\/\/www.autonvaraosahaku.fi\/index.php?rest_route=%2Fwp%2Fv2%2Fpwb-brand&post=43724"},{"taxonomy":"product_cat","embeddable":true,"href":"https:\/\/www.autonvaraosahaku.fi\/index.php?rest_route=%2Fwp%2Fv2%2Fproduct_cat&post=43724"},{"taxonomy":"product_tag","embeddable":true,"href":"https:\/\/www.autonvaraosahaku.fi\/index.php?rest_route=%2Fwp%2Fv2%2Fproduct_tag&post=43724"}],"curies":[{"name":"wp","href":"https:\/\/api.w.org\/{rel}","templated":true}]}}