{"id":43761,"date":"2021-02-21T17:00:13","date_gmt":"2021-02-21T17:00:13","guid":{"rendered":"https:\/\/www.autonvaraosahaku.fi\/?product=gates-t36417-ohjainrulla"},"modified":"2021-02-21T17:00:14","modified_gmt":"2021-02-21T17:00:14","slug":"gates-t36417-ohjainrulla","status":"publish","type":"product","link":"https:\/\/www.autonvaraosahaku.fi\/?product=gates-t36417-ohjainrulla","title":{"rendered":"GATES T36417 Ohjainrulla"},"content":{"rendered":"<p>Materiaali: Metalli; Rihloja (kpl): 0; Ulkol\u00e4pimitta [mm]: 71; Sis\u00e4l\u00e4pimitta [mm]: 17; Leveys (mm): 35; lis\u00e4tieto: PowerGrip\u00ae; Apulaitteet: angetr. Agg.: Generator; MAZDA: 5 CR19,3 BK,6 Station Wagon GY,6 Kombi GH,CX-7 ER,6 Hatchback GG,6 GG,3 BL,6 Schr\u00e4gheck GH,3 Stufenheck BK,6 GH,3 Stufenheck BL; RF5D15940A; Ohjainrulla, Moniurahihna<\/p>\n","protected":false},"excerpt":{"rendered":"<p>GATES Ohjainrulla T36417 Ohjainrulla, Moniurahihna MAZDA,5 CR19,3 BK,6 Station Wagon GY,6 Kombi GH,CX-7 ER,6 Hatchback GG,6 GG,3 BL,6 Schr\u00e4gheck GH<\/p>\n","protected":false},"featured_media":0,"template":"","meta":{"site-sidebar-layout":"default","site-content-layout":"default","ast-global-header-display":"","ast-main-header-display":"","ast-hfb-above-header-display":"","ast-hfb-below-header-display":"","ast-hfb-mobile-header-display":"","site-post-title":"","ast-breadcrumbs-content":"","ast-featured-img":"","footer-sml-layout":"","theme-transparent-header-meta":"","adv-header-id-meta":"","stick-header-meta":"","header-above-stick-meta":"","header-main-stick-meta":"","header-below-stick-meta":""},"pwb-brand":[22],"product_cat":[308],"product_tag":[],"class_list":{"0":"post-43761","1":"product","2":"type-product","3":"status-publish","5":"pwb-brand-gates","6":"product_cat-ohjainrulla","7":"desktop-align-left","8":"tablet-align-left","9":"mobile-align-left","11":"first","12":"instock","13":"product-type-external"},"brands":[{"id":22,"name":"GATES","slug":"gates"}],"_links":{"self":[{"href":"https:\/\/www.autonvaraosahaku.fi\/index.php?rest_route=\/wp\/v2\/product\/43761","targetHints":{"allow":["GET"]}}],"collection":[{"href":"https:\/\/www.autonvaraosahaku.fi\/index.php?rest_route=\/wp\/v2\/product"}],"about":[{"href":"https:\/\/www.autonvaraosahaku.fi\/index.php?rest_route=\/wp\/v2\/types\/product"}],"wp:attachment":[{"href":"https:\/\/www.autonvaraosahaku.fi\/index.php?rest_route=%2Fwp%2Fv2%2Fmedia&parent=43761"}],"wp:term":[{"taxonomy":"pwb-brand","embeddable":true,"href":"https:\/\/www.autonvaraosahaku.fi\/index.php?rest_route=%2Fwp%2Fv2%2Fpwb-brand&post=43761"},{"taxonomy":"product_cat","embeddable":true,"href":"https:\/\/www.autonvaraosahaku.fi\/index.php?rest_route=%2Fwp%2Fv2%2Fproduct_cat&post=43761"},{"taxonomy":"product_tag","embeddable":true,"href":"https:\/\/www.autonvaraosahaku.fi\/index.php?rest_route=%2Fwp%2Fv2%2Fproduct_tag&post=43761"}],"curies":[{"name":"wp","href":"https:\/\/api.w.org\/{rel}","templated":true}]}}