{"id":43786,"date":"2021-02-21T17:00:19","date_gmt":"2021-02-21T17:00:19","guid":{"rendered":"https:\/\/www.autonvaraosahaku.fi\/?product=topran-401-471-lampotila-anturi"},"modified":"2021-02-21T17:00:21","modified_gmt":"2021-02-21T17:00:21","slug":"topran-401-471-lampotila-anturi","status":"publish","type":"product","link":"https:\/\/www.autonvaraosahaku.fi\/?product=topran-401-471-lampotila-anturi","title":{"rendered":"TOPRAN 401 471 L\u00e4mp\u00f6tila-anturi"},"content":{"rendered":"<p>Pistokkeen kotelon muoto: Soikea; Napojen m\u00e4\u00e4r\u00e4: 2; Vaihteistomalli: Schaltgetriebe; VW: LT 28-46 II Kasten 2DA, 2DD, 2DH,LT 28-35 II Bus 2DB, 2DE, 2DK,LT 28-46 II Pritsche\/Fahrgestell 2DC, 2DF, 2DG, 2DL, 2DM; MERCEDES-BENZ: C-CLASS W203,E-CLASS W211,C-CLASS W204,A-CLASS W169,A-CLASS W168,B-CLASS W245,C-CLASS T-Model S204,C-CLASS T-Model S203,C-CLASS W202,E-CLASS T-Model S211,E-CLASS W210,E-CLASS W212,VIANO W639,B-CLASS W246, W242,M-CLASS W164,C-CLASS Coupe CL203,M-CLASS W163,Stufenheck W124,E-CLASS T-Model S212,GLK-CLASS X204,E-CLASS Kombi S210,VITO Bus W639,SLK R171,CLK C208,A-CLASS W176,SL R129,CLK C209,C-CLASS Kombi S202,S-CLASS W220,VITO \/ MIXTO Kasten W639,SPRINTER 3,5-t Kasten 906,S-CLASS W221,SL R230,KOMBI Kombi S124,E-CLASS W124,M-CLASS W166,VITO Bus 638,E-CLASS Coupe C207,CLK Cabriolet A208,COUPE C124,CLK Cabriolet A209,S-CLASS W140,E-CLASS Kombi S124,SPRINTER 3-t Kasten 903,SPRINTER 3,5-t Bus 906,SPRINTER 2-t Bus 901, 902,SPRINTER 3-t Kasten 906,SLK R172,V-CLASS 638\/2,E-CLASS Cabriolet A207,GL-CLASS X164,SPRINTER 2-t Kasten 901, 902,SPRINTER 3-t Bus 903,SPRINTER 3,5-t Pritsche\/Fahrgestell 906,SPRINTER 3-t Pritsche\/Fahrgestell 903,VITO Kasten 638,E-CLASS Cabriolet ; SMART: FORTWO Coupe 451,CITY-COUPE 450,FORFOUR 454,FORTWO Cabrio 451,CABRIO 450,FORTWO Coupe 450; 0005422818, 0061532028, 0061538028, 6511530028, A0005422818, A0061532028, A0061538028, A6511530028, 0005422818, 0061532028, 0061538028, 6511530028, A0005422818, A0061532028, A0061538028, A6511530028, 2D0905379A<\/p>\n","protected":false},"excerpt":{"rendered":"<p>TOPRAN Tunnistin Imuilman L\u00e4mp\u00f6tila 401 471  VW,MERCEDES-BENZ,SMART,LT 28-46 II Kasten 2DA, 2DD, 2DH,LT 28-35 II Bus 2DB, 2DE, 2DK<\/p>\n","protected":false},"featured_media":0,"template":"","meta":{"site-sidebar-layout":"default","site-content-layout":"default","ast-global-header-display":"","ast-main-header-display":"","ast-hfb-above-header-display":"","ast-hfb-below-header-display":"","ast-hfb-mobile-header-display":"","site-post-title":"","ast-breadcrumbs-content":"","ast-featured-img":"","footer-sml-layout":"","theme-transparent-header-meta":"","adv-header-id-meta":"","stick-header-meta":"","header-above-stick-meta":"","header-main-stick-meta":"","header-below-stick-meta":""},"pwb-brand":[18],"product_cat":[47],"product_tag":[],"class_list":{"0":"post-43786","1":"product","2":"type-product","3":"status-publish","5":"pwb-brand-topran","6":"product_cat-lampotila-anturi","7":"desktop-align-left","8":"tablet-align-left","9":"mobile-align-left","11":"first","12":"instock","13":"product-type-external"},"brands":[{"id":18,"name":"TOPRAN","slug":"topran"}],"_links":{"self":[{"href":"https:\/\/www.autonvaraosahaku.fi\/index.php?rest_route=\/wp\/v2\/product\/43786","targetHints":{"allow":["GET"]}}],"collection":[{"href":"https:\/\/www.autonvaraosahaku.fi\/index.php?rest_route=\/wp\/v2\/product"}],"about":[{"href":"https:\/\/www.autonvaraosahaku.fi\/index.php?rest_route=\/wp\/v2\/types\/product"}],"wp:attachment":[{"href":"https:\/\/www.autonvaraosahaku.fi\/index.php?rest_route=%2Fwp%2Fv2%2Fmedia&parent=43786"}],"wp:term":[{"taxonomy":"pwb-brand","embeddable":true,"href":"https:\/\/www.autonvaraosahaku.fi\/index.php?rest_route=%2Fwp%2Fv2%2Fpwb-brand&post=43786"},{"taxonomy":"product_cat","embeddable":true,"href":"https:\/\/www.autonvaraosahaku.fi\/index.php?rest_route=%2Fwp%2Fv2%2Fproduct_cat&post=43786"},{"taxonomy":"product_tag","embeddable":true,"href":"https:\/\/www.autonvaraosahaku.fi\/index.php?rest_route=%2Fwp%2Fv2%2Fproduct_tag&post=43786"}],"curies":[{"name":"wp","href":"https:\/\/api.w.org\/{rel}","templated":true}]}}