{"id":43807,"date":"2021-02-21T17:00:25","date_gmt":"2021-02-21T17:00:25","guid":{"rendered":"https:\/\/www.autonvaraosahaku.fi\/?product=ridex-3946s0107-kampiakselin-asentotunnistin"},"modified":"2021-02-21T17:00:26","modified_gmt":"2021-02-21T17:00:26","slug":"ridex-3946s0107-kampiakselin-asentotunnistin","status":"publish","type":"product","link":"https:\/\/www.autonvaraosahaku.fi\/?product=ridex-3946s0107-kampiakselin-asentotunnistin","title":{"rendered":"RIDEX 3946S0107 Kampiakselin asentotunnistin"},"content":{"rendered":"<p>Muoto: Py\u00f6re\u00e4; Napojen m\u00e4\u00e4r\u00e4: 3; Pistokkeen kotelon muoto: suorakulmainen (rectangular); Liittimen v\u00e4ri: Valkoinen; Kaapelinmitta (mm): 160; Kiinnitysreikien lukum\u00e4\u00e4r\u00e4: 2; Tunnistinmalli: Hall-anturi; Valmistusvuosi alkaen: 01\/1997; VOLVO: V70 II SW,V70 I LV,850 Kombi LW,C70 I Cabriolet,C70 I Coupe,850 LS,960 II Kombi 965,S70 LS,960 II 964,V90 Kombi,960 Kombi 965,960 964,S90; RENAULT: LAGUNA I B56_, 556_,LAGUNA I Grandtour K56_,SAFRANE II B54_; 7439146108, 7439146108, 1383966, 9146108; Nokka Akselin Anturi,Nokka Akselin Tunnistin,Tunnistin, Nokka-Akselin Ajoitus<\/p>\n","protected":false},"excerpt":{"rendered":"<p>RIDEX Nokka Akselin Asentotunnistin 3946S0107 Nokka Akselin Anturi,Nokka Akselin Tunnistin VOLVO,RENAULT,V70 II SW,V70 I LV,850 Kombi LW<\/p>\n","protected":false},"featured_media":0,"template":"","meta":{"site-sidebar-layout":"default","site-content-layout":"default","ast-global-header-display":"","ast-main-header-display":"","ast-hfb-above-header-display":"","ast-hfb-below-header-display":"","ast-hfb-mobile-header-display":"","site-post-title":"","ast-breadcrumbs-content":"","ast-featured-img":"","footer-sml-layout":"","theme-transparent-header-meta":"","adv-header-id-meta":"","stick-header-meta":"","header-above-stick-meta":"","header-main-stick-meta":"","header-below-stick-meta":""},"pwb-brand":[157],"product_cat":[184],"product_tag":[],"class_list":{"0":"post-43807","1":"product","2":"type-product","3":"status-publish","5":"pwb-brand-ridex","6":"product_cat-kampiakselin-asentotunnistin","7":"desktop-align-left","8":"tablet-align-left","9":"mobile-align-left","11":"first","12":"instock","13":"product-type-external"},"brands":[{"id":157,"name":"RIDEX","slug":"ridex"}],"_links":{"self":[{"href":"https:\/\/www.autonvaraosahaku.fi\/index.php?rest_route=\/wp\/v2\/product\/43807","targetHints":{"allow":["GET"]}}],"collection":[{"href":"https:\/\/www.autonvaraosahaku.fi\/index.php?rest_route=\/wp\/v2\/product"}],"about":[{"href":"https:\/\/www.autonvaraosahaku.fi\/index.php?rest_route=\/wp\/v2\/types\/product"}],"wp:attachment":[{"href":"https:\/\/www.autonvaraosahaku.fi\/index.php?rest_route=%2Fwp%2Fv2%2Fmedia&parent=43807"}],"wp:term":[{"taxonomy":"pwb-brand","embeddable":true,"href":"https:\/\/www.autonvaraosahaku.fi\/index.php?rest_route=%2Fwp%2Fv2%2Fpwb-brand&post=43807"},{"taxonomy":"product_cat","embeddable":true,"href":"https:\/\/www.autonvaraosahaku.fi\/index.php?rest_route=%2Fwp%2Fv2%2Fproduct_cat&post=43807"},{"taxonomy":"product_tag","embeddable":true,"href":"https:\/\/www.autonvaraosahaku.fi\/index.php?rest_route=%2Fwp%2Fv2%2Fproduct_tag&post=43807"}],"curies":[{"name":"wp","href":"https:\/\/api.w.org\/{rel}","templated":true}]}}