{"id":43815,"date":"2021-02-21T17:00:25","date_gmt":"2021-02-21T17:00:25","guid":{"rendered":"https:\/\/www.autonvaraosahaku.fi\/?product=purflux-a325-ilmansuodatin"},"modified":"2021-02-21T17:00:28","modified_gmt":"2021-02-21T17:00:28","slug":"purflux-a325-ilmansuodatin","status":"publish","type":"product","link":"https:\/\/www.autonvaraosahaku.fi\/?product=purflux-a325-ilmansuodatin","title":{"rendered":"PURFLUX A325 Ilmansuodatin"},"content":{"rendered":"<p>Pituus (mm): 254; Leveys (mm): 214; Korkeus (mm): 58; Ilmastovy\u00f6hykkeet: f\u00fcr hei\u00dfe Klimazonen; VW: PASSAT Variant 3B6,PASSAT Variant 3B5,PASSAT 3B2,PASSAT 3B3; AUDI: A4 8D2, B5,A6 Avant 4B5, C5,A4 Avant 8D5, B5,A6 4B2, C5,CABRIOLET 8G7, B4,ALLROAD 4BH, C5; SKODA: SUPERB 3U4; OPEL: OMEGA A 16_, 17_, 19_,FRONTERA A Sport 5_SUD2,FRONTERA A 5_MWL4,SENATOR B 29_,SENATOR A 29_,OMEGA A Caravan 66_, 67_; BMW: 5 E39,5 Touring E39,X5 E53,7 E38,5 E34,7 E32,8 E31,5 Touring E34,Z8 E52; ALPINA: B10 E39,D10 E39,B10 Kombi E39; VAUXHALL: FRONTERA Mk I A,FRONTERA Mk I A Sport,CARLTON Mk III; PC2281E, PC2282E, PC2283E, PC2285E, PC487, PC488, 13711736675, 13721433933, 13721702158, 13721736675, 13721747280, 5019408, 5025136, 900X9601IA, 1444Q7<\/p>\n","protected":false},"excerpt":{"rendered":"<p>PURFLUX Ilmansuodatin A325  VW,AUDI,SKODA,PASSAT Variant 3B6,PASSAT Variant 3B5,PASSAT 3B2,PASSAT 3B3,A4 8D2, B5,A6 Avant 4B5, C5,A4 Avant 8D5, B5<\/p>\n","protected":false},"featured_media":0,"template":"","meta":{"site-sidebar-layout":"default","site-content-layout":"default","ast-global-header-display":"","ast-main-header-display":"","ast-hfb-above-header-display":"","ast-hfb-below-header-display":"","ast-hfb-mobile-header-display":"","site-post-title":"","ast-breadcrumbs-content":"","ast-featured-img":"","footer-sml-layout":"","theme-transparent-header-meta":"","adv-header-id-meta":"","stick-header-meta":"","header-above-stick-meta":"","header-main-stick-meta":"","header-below-stick-meta":""},"pwb-brand":[303],"product_cat":[31],"product_tag":[],"class_list":{"0":"post-43815","1":"product","2":"type-product","3":"status-publish","5":"pwb-brand-purflux","6":"product_cat-ilmansuodatin","7":"desktop-align-left","8":"tablet-align-left","9":"mobile-align-left","11":"first","12":"instock","13":"product-type-external"},"brands":[{"id":303,"name":"PURFLUX","slug":"purflux"}],"_links":{"self":[{"href":"https:\/\/www.autonvaraosahaku.fi\/index.php?rest_route=\/wp\/v2\/product\/43815","targetHints":{"allow":["GET"]}}],"collection":[{"href":"https:\/\/www.autonvaraosahaku.fi\/index.php?rest_route=\/wp\/v2\/product"}],"about":[{"href":"https:\/\/www.autonvaraosahaku.fi\/index.php?rest_route=\/wp\/v2\/types\/product"}],"wp:attachment":[{"href":"https:\/\/www.autonvaraosahaku.fi\/index.php?rest_route=%2Fwp%2Fv2%2Fmedia&parent=43815"}],"wp:term":[{"taxonomy":"pwb-brand","embeddable":true,"href":"https:\/\/www.autonvaraosahaku.fi\/index.php?rest_route=%2Fwp%2Fv2%2Fpwb-brand&post=43815"},{"taxonomy":"product_cat","embeddable":true,"href":"https:\/\/www.autonvaraosahaku.fi\/index.php?rest_route=%2Fwp%2Fv2%2Fproduct_cat&post=43815"},{"taxonomy":"product_tag","embeddable":true,"href":"https:\/\/www.autonvaraosahaku.fi\/index.php?rest_route=%2Fwp%2Fv2%2Fproduct_tag&post=43815"}],"curies":[{"name":"wp","href":"https:\/\/api.w.org\/{rel}","templated":true}]}}