{"id":43866,"date":"2021-02-21T17:00:41","date_gmt":"2021-02-21T17:00:41","guid":{"rendered":"https:\/\/www.autonvaraosahaku.fi\/?product=trw-pfm201-muut-luokat"},"modified":"2021-02-21T17:00:42","modified_gmt":"2021-02-21T17:00:42","slug":"trw-pfm201-muut-luokat","status":"publish","type":"product","link":"https:\/\/www.autonvaraosahaku.fi\/?product=trw-pfm201-muut-luokat","title":{"rendered":"TRW PFM201 Muut luokat"},"content":{"rendered":"<p>Laatu: LHM Plus (mineral); Tilavuus (litra): 1; JAGUAR: XJ XJ 40, 81; CITRO\u00cbN: XM Y4,XANTIA X2,XANTIA X1,2 CV,XANTIA Break X2,BX XB-_,XM Y3,CX II,CX I MA,XANTIA Break X1,DS,XM Break Y4,BX Break XB-_,CX II Break,XM Break Y3,SM,CX I Break MA,GS,C35 Kasten,DS Break,GS Break,DS Cabriolet; ALFA ROMEO: SZ,RZ; PEUGEOT: 405 I 15B,405 II 4B,405 II Break 4E,405 I Break 15E; BENTLEY: ARNAGE RBS_,TURBO R,CONTINENTAL,BROOKLANDS,AZURE,MULSANNE,EIGHT; ROLLS-ROYCE: SILVER SPIRIT,CORNICHE IV Cabriolet,CORNICHE V Cabriolet; Hydrauli\u00f6ljy,\u00d6ljyt<\/p>\n","protected":false},"excerpt":{"rendered":"<p>TRW Hydrauliikka\u00f6ljy PFM201 Hydrauli\u00f6ljy,\u00d6ljyt JAGUAR,CITRO\u00cbN,ALFA ROMEO,XJ XJ 40, 81,XM Y4,XANTIA X2,XANTIA X1,2 CV,XANTIA Break X2,BX XB-_,XM Y3<\/p>\n","protected":false},"featured_media":0,"template":"","meta":{"site-sidebar-layout":"default","site-content-layout":"default","ast-global-header-display":"","ast-main-header-display":"","ast-hfb-above-header-display":"","ast-hfb-below-header-display":"","ast-hfb-mobile-header-display":"","site-post-title":"","ast-breadcrumbs-content":"","ast-featured-img":"","footer-sml-layout":"","theme-transparent-header-meta":"","adv-header-id-meta":"","stick-header-meta":"","header-above-stick-meta":"","header-main-stick-meta":"","header-below-stick-meta":""},"pwb-brand":[332],"product_cat":[37],"product_tag":[],"class_list":{"0":"post-43866","1":"product","2":"type-product","3":"status-publish","5":"pwb-brand-trw","6":"product_cat-muut-luokat","7":"desktop-align-left","8":"tablet-align-left","9":"mobile-align-left","11":"first","12":"instock","13":"product-type-external"},"brands":[{"id":332,"name":"TRW","slug":"trw"}],"_links":{"self":[{"href":"https:\/\/www.autonvaraosahaku.fi\/index.php?rest_route=\/wp\/v2\/product\/43866","targetHints":{"allow":["GET"]}}],"collection":[{"href":"https:\/\/www.autonvaraosahaku.fi\/index.php?rest_route=\/wp\/v2\/product"}],"about":[{"href":"https:\/\/www.autonvaraosahaku.fi\/index.php?rest_route=\/wp\/v2\/types\/product"}],"wp:attachment":[{"href":"https:\/\/www.autonvaraosahaku.fi\/index.php?rest_route=%2Fwp%2Fv2%2Fmedia&parent=43866"}],"wp:term":[{"taxonomy":"pwb-brand","embeddable":true,"href":"https:\/\/www.autonvaraosahaku.fi\/index.php?rest_route=%2Fwp%2Fv2%2Fpwb-brand&post=43866"},{"taxonomy":"product_cat","embeddable":true,"href":"https:\/\/www.autonvaraosahaku.fi\/index.php?rest_route=%2Fwp%2Fv2%2Fproduct_cat&post=43866"},{"taxonomy":"product_tag","embeddable":true,"href":"https:\/\/www.autonvaraosahaku.fi\/index.php?rest_route=%2Fwp%2Fv2%2Fproduct_tag&post=43866"}],"curies":[{"name":"wp","href":"https:\/\/api.w.org\/{rel}","templated":true}]}}