{"id":43874,"date":"2021-02-21T17:00:41","date_gmt":"2021-02-21T17:00:41","guid":{"rendered":"https:\/\/www.autonvaraosahaku.fi\/?product=trw-gdb1626-jarrupalat"},"modified":"2021-02-21T17:00:44","modified_gmt":"2021-02-21T17:00:44","slug":"trw-gdb1626-jarrupalat","status":"publish","type":"product","link":"https:\/\/www.autonvaraosahaku.fi\/?product=trw-gdb1626-jarrupalat","title":{"rendered":"TRW GDB1626 Jarrupalat"},"content":{"rendered":"<p>Valmistaja rajaus: ATE; Kulumisenilmaisimen liitos: Kulumisenilmaisemelle; Tarkistuskilpi: E9-90R &#8211; 01120\/975; Korkeus (mm): 43,5; Pituus (mm): 123,1; Paksuus [mm]: 17,1; Korkeus 2 (mm): 48,1; Pituus 2 (mm): 123,1; M\u00e4\u00e4r\u00e4yksikk\u00f6: Akselisarja; Tuotelinja: COTEC; Asennuspuoli: Hinterachse; BMW: 3 Touring E91,3 E90,1 E87,X1 E84,1 E81,3 Coupe E92,3 Cabriolet E93,1 Cabriolet E88,1 Coupe E82; 34216767150, 34216773161, 6767150, 6773161; Jarrupalasarja,Jarrupala, Levyjarru<\/p>\n","protected":false},"excerpt":{"rendered":"<p>TRW Jarrupalat GDB1626 Jarrupalasarja,Jarrupala, Levyjarru BMW,3 Touring E91,3 E90,1 E87,X1 E84,1 E81,3 Coupe E92,3 Cabriolet E93,1 Cabriolet E88<\/p>\n","protected":false},"featured_media":0,"template":"","meta":{"site-sidebar-layout":"default","site-content-layout":"default","ast-global-header-display":"","ast-main-header-display":"","ast-hfb-above-header-display":"","ast-hfb-below-header-display":"","ast-hfb-mobile-header-display":"","site-post-title":"","ast-breadcrumbs-content":"","ast-featured-img":"","footer-sml-layout":"","theme-transparent-header-meta":"","adv-header-id-meta":"","stick-header-meta":"","header-above-stick-meta":"","header-main-stick-meta":"","header-below-stick-meta":""},"pwb-brand":[332],"product_cat":[100],"product_tag":[],"class_list":{"0":"post-43874","1":"product","2":"type-product","3":"status-publish","5":"pwb-brand-trw","6":"product_cat-jarrupalat","7":"desktop-align-left","8":"tablet-align-left","9":"mobile-align-left","11":"first","12":"instock","13":"product-type-external"},"brands":[{"id":332,"name":"TRW","slug":"trw"}],"_links":{"self":[{"href":"https:\/\/www.autonvaraosahaku.fi\/index.php?rest_route=\/wp\/v2\/product\/43874","targetHints":{"allow":["GET"]}}],"collection":[{"href":"https:\/\/www.autonvaraosahaku.fi\/index.php?rest_route=\/wp\/v2\/product"}],"about":[{"href":"https:\/\/www.autonvaraosahaku.fi\/index.php?rest_route=\/wp\/v2\/types\/product"}],"wp:attachment":[{"href":"https:\/\/www.autonvaraosahaku.fi\/index.php?rest_route=%2Fwp%2Fv2%2Fmedia&parent=43874"}],"wp:term":[{"taxonomy":"pwb-brand","embeddable":true,"href":"https:\/\/www.autonvaraosahaku.fi\/index.php?rest_route=%2Fwp%2Fv2%2Fpwb-brand&post=43874"},{"taxonomy":"product_cat","embeddable":true,"href":"https:\/\/www.autonvaraosahaku.fi\/index.php?rest_route=%2Fwp%2Fv2%2Fproduct_cat&post=43874"},{"taxonomy":"product_tag","embeddable":true,"href":"https:\/\/www.autonvaraosahaku.fi\/index.php?rest_route=%2Fwp%2Fv2%2Fproduct_tag&post=43874"}],"curies":[{"name":"wp","href":"https:\/\/api.w.org\/{rel}","templated":true}]}}