{"id":43883,"date":"2021-02-21T17:00:46","date_gmt":"2021-02-21T17:00:46","guid":{"rendered":"https:\/\/www.autonvaraosahaku.fi\/?product=japanparts-fo-007s-oljynsuodatin"},"modified":"2021-02-21T17:00:47","modified_gmt":"2021-02-21T17:00:47","slug":"japanparts-fo-007s-oljynsuodatin","status":"publish","type":"product","link":"https:\/\/www.autonvaraosahaku.fi\/?product=japanparts-fo-007s-oljynsuodatin","title":{"rendered":"JAPANPARTS FO-007S \u00d6ljynsuodatin"},"content":{"rendered":"<p>Suodatintyyppi: Suodatinpanos; Pituus (mm): 83; Ulkol\u00e4pimitta [mm]: 70,5; Sis\u00e4l\u00e4pimitta [mm]: 22; Sis\u00e4l\u00e4pimitta 1 [mm]: 33,4; Asennusl\u00e4pimitta [mm]: 55; MINI: MINI R50, R53,MINI Cabriolet R52; CHRYSLER: PT CRUISER PT_,NEON II; 11420026787, 11427512446, 04693353AA, 04693353AB, 05015901AA, 05139034AA, 11427512446, 4693353AA, 4693353AB, 5015901AA, 5139034AA, 68140009AA, 68140009AASK1, 68140009AA, 7087808, 11420026787, 11427512446<\/p>\n","protected":false},"excerpt":{"rendered":"<p>JAPANPARTS \u00d6ljynsuodatin FO-007S  MINI,CHRYSLER,MINI R50, R53,MINI Cabriolet R52,PT CRUISER PT_,NEON II<\/p>\n","protected":false},"featured_media":0,"template":"","meta":{"site-sidebar-layout":"default","site-content-layout":"default","ast-global-header-display":"","ast-main-header-display":"","ast-hfb-above-header-display":"","ast-hfb-below-header-display":"","ast-hfb-mobile-header-display":"","site-post-title":"","ast-breadcrumbs-content":"","ast-featured-img":"","footer-sml-layout":"","theme-transparent-header-meta":"","adv-header-id-meta":"","stick-header-meta":"","header-above-stick-meta":"","header-main-stick-meta":"","header-below-stick-meta":""},"pwb-brand":[334],"product_cat":[30],"product_tag":[],"class_list":{"0":"post-43883","1":"product","2":"type-product","3":"status-publish","5":"pwb-brand-japanparts","6":"product_cat-oljynsuodatin","7":"desktop-align-left","8":"tablet-align-left","9":"mobile-align-left","11":"first","12":"instock","13":"product-type-external"},"brands":[{"id":334,"name":"JAPANPARTS","slug":"japanparts"}],"_links":{"self":[{"href":"https:\/\/www.autonvaraosahaku.fi\/index.php?rest_route=\/wp\/v2\/product\/43883","targetHints":{"allow":["GET"]}}],"collection":[{"href":"https:\/\/www.autonvaraosahaku.fi\/index.php?rest_route=\/wp\/v2\/product"}],"about":[{"href":"https:\/\/www.autonvaraosahaku.fi\/index.php?rest_route=\/wp\/v2\/types\/product"}],"wp:attachment":[{"href":"https:\/\/www.autonvaraosahaku.fi\/index.php?rest_route=%2Fwp%2Fv2%2Fmedia&parent=43883"}],"wp:term":[{"taxonomy":"pwb-brand","embeddable":true,"href":"https:\/\/www.autonvaraosahaku.fi\/index.php?rest_route=%2Fwp%2Fv2%2Fpwb-brand&post=43883"},{"taxonomy":"product_cat","embeddable":true,"href":"https:\/\/www.autonvaraosahaku.fi\/index.php?rest_route=%2Fwp%2Fv2%2Fproduct_cat&post=43883"},{"taxonomy":"product_tag","embeddable":true,"href":"https:\/\/www.autonvaraosahaku.fi\/index.php?rest_route=%2Fwp%2Fv2%2Fproduct_tag&post=43883"}],"curies":[{"name":"wp","href":"https:\/\/api.w.org\/{rel}","templated":true}]}}