{"id":43887,"date":"2021-02-21T17:00:46","date_gmt":"2021-02-21T17:00:46","guid":{"rendered":"https:\/\/www.autonvaraosahaku.fi\/?product=trw-df4036-jarrulevyt"},"modified":"2021-02-21T17:00:48","modified_gmt":"2021-02-21T17:00:48","slug":"trw-df4036-jarrulevyt","status":"publish","type":"product","link":"https:\/\/www.autonvaraosahaku.fi\/?product=trw-df4036-jarrulevyt","title":{"rendered":"TRW DF4036 Jarrulevyt"},"content":{"rendered":"<p>Jarrulevytyyppi: Tuuletettu; Ulkol\u00e4pimitta [mm]: 258; Jarrulevyn paksuus (mm): 22; V\u00e4himm\u00e4ispaksuus (mm): 20; keskitt\u00e4misl\u00e4pimitta [mm]: 63,4; Korkeus (mm): 43,4; Reikien m\u00e4\u00e4r\u00e4: 4; Kierremitta: 13,6; Reik\u00e4ympyr\u00e4-\u00d8 [mm]: 108; V\u00e4ri: Musta; Pinta: Lakattu; Tarkistuskilpi: E1 90R 02 C0176\/529; Asennuspuoli: Vorderachse; MAZDA: 2 DY; FORD: FIESTA V JH_, JD_,FOCUS Kombi DNW,FOCUS DAW, DBW,FIESTA IV JA_, JB_,FUSION JU_,KA RB_,FOCUS Stufenheck DFW,STREET KA RL2,PUMA EC_,FIESTA V Van,FIESTA Kasten J5_, J3_,FIESTA Kasten JV_; 1148202, 1320585, 1323620, 1373771, 1388256, 1499045, 1522230, 1808479, 2S611125AA, 3049893, 3555344, 3573537, 4077455, 7S611125BA, 98AB1125BD, 98AB1125BE, 98AB1125D1E, 98AG1125E1B, 98AG1125EA, 98AG1125EB, 98AX1125BF, DD323325X, DD593325X, DD593325XD, DD633325X; Jarrulevy<\/p>\n","protected":false},"excerpt":{"rendered":"<p>TRW Jarrulevyt DF4036 Jarrulevy MAZDA,FORD,2 DY,FIESTA V JH_, JD_,FOCUS Kombi DNW,FOCUS DAW, DBW,FIESTA IV JA_, JB_,FUSION JU_,KA RB_<\/p>\n","protected":false},"featured_media":0,"template":"","meta":{"site-sidebar-layout":"default","site-content-layout":"default","ast-global-header-display":"","ast-main-header-display":"","ast-hfb-above-header-display":"","ast-hfb-below-header-display":"","ast-hfb-mobile-header-display":"","site-post-title":"","ast-breadcrumbs-content":"","ast-featured-img":"","footer-sml-layout":"","theme-transparent-header-meta":"","adv-header-id-meta":"","stick-header-meta":"","header-above-stick-meta":"","header-main-stick-meta":"","header-below-stick-meta":""},"pwb-brand":[332],"product_cat":[66],"product_tag":[],"class_list":{"0":"post-43887","1":"product","2":"type-product","3":"status-publish","5":"pwb-brand-trw","6":"product_cat-jarrulevyt","7":"desktop-align-left","8":"tablet-align-left","9":"mobile-align-left","11":"first","12":"instock","13":"product-type-external"},"brands":[{"id":332,"name":"TRW","slug":"trw"}],"_links":{"self":[{"href":"https:\/\/www.autonvaraosahaku.fi\/index.php?rest_route=\/wp\/v2\/product\/43887","targetHints":{"allow":["GET"]}}],"collection":[{"href":"https:\/\/www.autonvaraosahaku.fi\/index.php?rest_route=\/wp\/v2\/product"}],"about":[{"href":"https:\/\/www.autonvaraosahaku.fi\/index.php?rest_route=\/wp\/v2\/types\/product"}],"wp:attachment":[{"href":"https:\/\/www.autonvaraosahaku.fi\/index.php?rest_route=%2Fwp%2Fv2%2Fmedia&parent=43887"}],"wp:term":[{"taxonomy":"pwb-brand","embeddable":true,"href":"https:\/\/www.autonvaraosahaku.fi\/index.php?rest_route=%2Fwp%2Fv2%2Fpwb-brand&post=43887"},{"taxonomy":"product_cat","embeddable":true,"href":"https:\/\/www.autonvaraosahaku.fi\/index.php?rest_route=%2Fwp%2Fv2%2Fproduct_cat&post=43887"},{"taxonomy":"product_tag","embeddable":true,"href":"https:\/\/www.autonvaraosahaku.fi\/index.php?rest_route=%2Fwp%2Fv2%2Fproduct_tag&post=43887"}],"curies":[{"name":"wp","href":"https:\/\/api.w.org\/{rel}","templated":true}]}}