{"id":43927,"date":"2021-02-21T17:00:56","date_gmt":"2021-02-21T17:00:56","guid":{"rendered":"https:\/\/www.autonvaraosahaku.fi\/?product=corteco-20034245b-tiivisteet"},"modified":"2021-02-21T17:00:58","modified_gmt":"2021-02-21T17:00:58","slug":"corteco-20034245b-tiivisteet","status":"publish","type":"product","link":"https:\/\/www.autonvaraosahaku.fi\/?product=corteco-20034245b-tiivisteet","title":{"rendered":"CORTECO 20034245B Tiivisteet"},"content":{"rendered":"<p>Sis\u00e4l\u00e4pimitta 1 [mm]: 40; Ulkol\u00e4pimitta 1 [mm]: 54; Korkeus 1 (mm): 6,8; Materiaali: ACM (polyakryyli-kautsu); Suojavaippa: Suojakumilla; Rihlamalli: Vasen kierre; Moottorinumero: BFZ (XU5JP); FIAT: ULYSSE 179AX; CITRO\u00cbN: XSARA PICASSO N68,C3 I FC_,C4 Picasso I UD_,C8 EA_, EB_,C4 I LC_,DS3,C5 I DC_,C3 II,XSARA N1,C5 II RC_,XSARA Break N2,XANTIA X2,DS4,XSARA Coupe N0,XANTIA X1,EVASION 22, U6,XANTIA Break X2,JUMPY U6U,JUMPY Kasten BS_, BT_, BY_, BZ_,XANTIA Break X1,JUMPY Pritsche\/Fahrgestell BU_, BV_, BW_, BX_,C-ELYSEE; PEUGEOT: 206 Schr\u00e4gheck 2A\/C,206 CC 2D,207 WA_, WC_,307 SW 3H,307 CC 3B,407 SW 6E_,307 3A\/C,308 SW,206 SW 2E\/K,208,807 E,308 4A_, 4C_,307 Break 3E,306 Schr\u00e4gheck 7A, 7C, N3, N5,306 Cabriolet 7D, N3, N5,407 6D_,406 Break 8E\/F,308 CC,2008,406 Coupe 8C,406 8B,806 221,306 7B, N3, N5,EXPERT Kasten 222,206 Stufenheck,EXPERT 224,405 II Break 4E,301,EXPERT Pritsche\/Fahrgestell 223; RENAULT: CLIO II BB0\/1\/2_, CB0\/1\/2_,SC\u00c9NIC II JM0\/1_,MODUS \/ GRAND MODUS F\/JP0_,SC\u00c9NIC I JA0\/1_,LAGUNA II BG0\/1_,MEGANE II BM0\/1_, CM0\/1_,KANGOO Express FC0\/1_,GRAND SC\u00c9NIC II JM0\/1_,THALIA I LB0\/1\/2_; 312164, 7703087209, 4325200QAD, 312164, 7703087209, 8200279711<\/p>\n","protected":false},"excerpt":{"rendered":"<p>CORTECO Akselitiiviste, Tasauspy\u00f6r\u00e4st\u00f6 20034245B  FIAT,CITRO\u00cbN,PEUGEOT,ULYSSE 179AX,XSARA PICASSO N68,C3 I FC_,C4 Picasso I UD_,C8 EA_, EB_,C4 I LC_<\/p>\n","protected":false},"featured_media":0,"template":"","meta":{"site-sidebar-layout":"default","site-content-layout":"default","ast-global-header-display":"","ast-main-header-display":"","ast-hfb-above-header-display":"","ast-hfb-below-header-display":"","ast-hfb-mobile-header-display":"","site-post-title":"","ast-breadcrumbs-content":"","ast-featured-img":"","footer-sml-layout":"","theme-transparent-header-meta":"","adv-header-id-meta":"","stick-header-meta":"","header-above-stick-meta":"","header-main-stick-meta":"","header-below-stick-meta":""},"pwb-brand":[53],"product_cat":[27],"product_tag":[],"class_list":{"0":"post-43927","1":"product","2":"type-product","3":"status-publish","5":"pwb-brand-corteco","6":"product_cat-tiivisteet","7":"desktop-align-left","8":"tablet-align-left","9":"mobile-align-left","11":"first","12":"instock","13":"product-type-external"},"brands":[{"id":53,"name":"CORTECO","slug":"corteco"}],"_links":{"self":[{"href":"https:\/\/www.autonvaraosahaku.fi\/index.php?rest_route=\/wp\/v2\/product\/43927","targetHints":{"allow":["GET"]}}],"collection":[{"href":"https:\/\/www.autonvaraosahaku.fi\/index.php?rest_route=\/wp\/v2\/product"}],"about":[{"href":"https:\/\/www.autonvaraosahaku.fi\/index.php?rest_route=\/wp\/v2\/types\/product"}],"wp:attachment":[{"href":"https:\/\/www.autonvaraosahaku.fi\/index.php?rest_route=%2Fwp%2Fv2%2Fmedia&parent=43927"}],"wp:term":[{"taxonomy":"pwb-brand","embeddable":true,"href":"https:\/\/www.autonvaraosahaku.fi\/index.php?rest_route=%2Fwp%2Fv2%2Fpwb-brand&post=43927"},{"taxonomy":"product_cat","embeddable":true,"href":"https:\/\/www.autonvaraosahaku.fi\/index.php?rest_route=%2Fwp%2Fv2%2Fproduct_cat&post=43927"},{"taxonomy":"product_tag","embeddable":true,"href":"https:\/\/www.autonvaraosahaku.fi\/index.php?rest_route=%2Fwp%2Fv2%2Fproduct_tag&post=43927"}],"curies":[{"name":"wp","href":"https:\/\/api.w.org\/{rel}","templated":true}]}}