{"id":43931,"date":"2021-02-21T17:00:56","date_gmt":"2021-02-21T17:00:56","guid":{"rendered":"https:\/\/www.autonvaraosahaku.fi\/?product=reinz-71-38817-00-imusarjan-tiivisteet"},"modified":"2021-02-21T17:00:59","modified_gmt":"2021-02-21T17:00:59","slug":"reinz-71-38817-00-imusarjan-tiivisteet","status":"publish","type":"product","link":"https:\/\/www.autonvaraosahaku.fi\/?product=reinz-71-38817-00-imusarjan-tiivisteet","title":{"rendered":"REINZ 71-38817-00 Imusarjan tiivisteet"},"content":{"rendered":"<p>Tarvittava kappalem\u00e4\u00e4r\u00e4: 2; CITRO\u00cbN: BERLINGO MF,SAXO S0, S1,BERLINGO Kasten M_,AX ZA-_,ZX N2,BX XB-_,ZX Break N2,BX Break XB-_,C15 VD-_,C15 Kombi; PEUGEOT: 106 II 1,306 Schr\u00e4gheck 7A, 7C, N3, N5,PARTNER Combispace 5F,106 I 1A, 1C,205 II 20A\/C,PARTNER Kasten 5,306 7B, N3, N5,205 I Cabriolet 741B, 20D,309 II 3C, 3A,106 Van 1_,205 Kasten; Tiiviste, Imusarja<\/p>\n","protected":false},"excerpt":{"rendered":"<p>REINZ Imusarjan Tiivisteet 71-38817-00 Tiiviste, Imusarja CITRO\u00cbN,PEUGEOT,BERLINGO MF,SAXO S0, S1,BERLINGO Kasten M_,AX ZA-_,ZX N2,BX XB-_,ZX Break N2<\/p>\n","protected":false},"featured_media":0,"template":"","meta":{"site-sidebar-layout":"default","site-content-layout":"default","ast-global-header-display":"","ast-main-header-display":"","ast-hfb-above-header-display":"","ast-hfb-below-header-display":"","ast-hfb-mobile-header-display":"","site-post-title":"","ast-breadcrumbs-content":"","ast-featured-img":"","footer-sml-layout":"","theme-transparent-header-meta":"","adv-header-id-meta":"","stick-header-meta":"","header-above-stick-meta":"","header-main-stick-meta":"","header-below-stick-meta":""},"pwb-brand":[138],"product_cat":[43],"product_tag":[],"class_list":{"0":"post-43931","1":"product","2":"type-product","3":"status-publish","5":"pwb-brand-reinz","6":"product_cat-imusarjan-tiivisteet","7":"desktop-align-left","8":"tablet-align-left","9":"mobile-align-left","11":"first","12":"instock","13":"product-type-external"},"brands":[{"id":138,"name":"REINZ","slug":"reinz"}],"_links":{"self":[{"href":"https:\/\/www.autonvaraosahaku.fi\/index.php?rest_route=\/wp\/v2\/product\/43931","targetHints":{"allow":["GET"]}}],"collection":[{"href":"https:\/\/www.autonvaraosahaku.fi\/index.php?rest_route=\/wp\/v2\/product"}],"about":[{"href":"https:\/\/www.autonvaraosahaku.fi\/index.php?rest_route=\/wp\/v2\/types\/product"}],"wp:attachment":[{"href":"https:\/\/www.autonvaraosahaku.fi\/index.php?rest_route=%2Fwp%2Fv2%2Fmedia&parent=43931"}],"wp:term":[{"taxonomy":"pwb-brand","embeddable":true,"href":"https:\/\/www.autonvaraosahaku.fi\/index.php?rest_route=%2Fwp%2Fv2%2Fpwb-brand&post=43931"},{"taxonomy":"product_cat","embeddable":true,"href":"https:\/\/www.autonvaraosahaku.fi\/index.php?rest_route=%2Fwp%2Fv2%2Fproduct_cat&post=43931"},{"taxonomy":"product_tag","embeddable":true,"href":"https:\/\/www.autonvaraosahaku.fi\/index.php?rest_route=%2Fwp%2Fv2%2Fproduct_tag&post=43931"}],"curies":[{"name":"wp","href":"https:\/\/api.w.org\/{rel}","templated":true}]}}