{"id":43998,"date":"2021-02-21T17:01:13","date_gmt":"2021-02-21T17:01:13","guid":{"rendered":"https:\/\/www.autonvaraosahaku.fi\/?product=herthbuss-elparts-50267083-muut-luokat"},"modified":"2021-02-21T17:01:17","modified_gmt":"2021-02-21T17:01:17","slug":"herthbuss-elparts-50267083-muut-luokat","status":"publish","type":"product","link":"https:\/\/www.autonvaraosahaku.fi\/?product=herthbuss-elparts-50267083-muut-luokat","title":{"rendered":"HERTH+BUSS ELPARTS 50267083 Muut luokat"},"content":{"rendered":"<p>Versio: Peugeot, 106, 205, 306, 605, 807, Citroen, C8, Picasso, Xsara; Asennuspuoli: Ajoneuvo-ovi; OE-numerolle: 6966.33; L\u00e4pimitta [mm]: 11,5; Korkeus 1 (mm): 12; Korkeus 2 (mm): 14,5; Reik\u00e4ympyr\u00e4-\u00d8 [mm]: 4,5; 696633, 696633<\/p>\n","protected":false},"excerpt":{"rendered":"<p>HERTH+BUSS ELPARTS Kiinnike 50267083<\/p>\n","protected":false},"featured_media":0,"template":"","meta":{"site-sidebar-layout":"default","site-content-layout":"default","ast-global-header-display":"","ast-main-header-display":"","ast-hfb-above-header-display":"","ast-hfb-below-header-display":"","ast-hfb-mobile-header-display":"","site-post-title":"","ast-breadcrumbs-content":"","ast-featured-img":"","footer-sml-layout":"","theme-transparent-header-meta":"","adv-header-id-meta":"","stick-header-meta":"","header-above-stick-meta":"","header-main-stick-meta":"","header-below-stick-meta":""},"pwb-brand":[232],"product_cat":[37],"product_tag":[],"class_list":{"0":"post-43998","1":"product","2":"type-product","3":"status-publish","5":"pwb-brand-herthbuss-elparts","6":"product_cat-muut-luokat","7":"desktop-align-left","8":"tablet-align-left","9":"mobile-align-left","11":"first","12":"instock","13":"product-type-external"},"brands":[{"id":232,"name":"HERTH+BUSS ELPARTS","slug":"herthbuss-elparts"}],"_links":{"self":[{"href":"https:\/\/www.autonvaraosahaku.fi\/index.php?rest_route=\/wp\/v2\/product\/43998","targetHints":{"allow":["GET"]}}],"collection":[{"href":"https:\/\/www.autonvaraosahaku.fi\/index.php?rest_route=\/wp\/v2\/product"}],"about":[{"href":"https:\/\/www.autonvaraosahaku.fi\/index.php?rest_route=\/wp\/v2\/types\/product"}],"wp:attachment":[{"href":"https:\/\/www.autonvaraosahaku.fi\/index.php?rest_route=%2Fwp%2Fv2%2Fmedia&parent=43998"}],"wp:term":[{"taxonomy":"pwb-brand","embeddable":true,"href":"https:\/\/www.autonvaraosahaku.fi\/index.php?rest_route=%2Fwp%2Fv2%2Fpwb-brand&post=43998"},{"taxonomy":"product_cat","embeddable":true,"href":"https:\/\/www.autonvaraosahaku.fi\/index.php?rest_route=%2Fwp%2Fv2%2Fproduct_cat&post=43998"},{"taxonomy":"product_tag","embeddable":true,"href":"https:\/\/www.autonvaraosahaku.fi\/index.php?rest_route=%2Fwp%2Fv2%2Fproduct_tag&post=43998"}],"curies":[{"name":"wp","href":"https:\/\/api.w.org\/{rel}","templated":true}]}}