{"id":44005,"date":"2021-02-21T17:01:18","date_gmt":"2021-02-21T17:01:18","guid":{"rendered":"https:\/\/www.autonvaraosahaku.fi\/?product=autofren-seinsa-d8207-vetonivelen-suojakumi"},"modified":"2021-02-21T17:01:20","modified_gmt":"2021-02-21T17:01:20","slug":"autofren-seinsa-d8207-vetonivelen-suojakumi","status":"publish","type":"product","link":"https:\/\/www.autonvaraosahaku.fi\/?product=autofren-seinsa-d8207-vetonivelen-suojakumi","title":{"rendered":"AUTOFREN SEINSA D8207 Vetonivelen suojakumi"},"content":{"rendered":"<p>Sis\u00e4l\u00e4pimitta 1 [mm]: 25; Sis\u00e4l\u00e4pimitta 2 [mm]: 57; Korkeus (mm): 99; Asennuspuoli: radseitig; MERCEDES-BENZ: VITO Bus 638,V-CLASS 638\/2,VITO Kasten 638; OPEL: ZAFIRA A F75_,ASTRA G CC F48_, F08_,OMEGA A 16_, 17_, 19_,ASTRA G Caravan F35_,OMEGA B Caravan 21_, 22_, 23_,OMEGA B 25_, 26_, 27_,ASTRA G Coupe F07_,ASTRA G Stufenheck F69_,SENATOR B 29_,SENATOR A 29_,OMEGA A Caravan 66_, 67_; BMW: 5 E34,7 E32,5 Touring E34,5 E28,6 E24,7 E23; SAAB: 9-3 YS3F,9-3 Kombi YS3F,9-3 Cabriolet YS3F; VAUXHALL: ASTRA Mk IV G CC,ASTRA Mk IV G Sedan,OMEGA B,OMEGA B Estate,ASTRA Mk IV G Estate,CARLTON Mk III; 33211209551, 33219067906, 1604252, 1604300, 1604304, 90446780, 90510398<\/p>\n","protected":false},"excerpt":{"rendered":"<p>AUTOFREN SEINSA Paljekumisarja, Vetoakseli D8207  MERCEDES-BENZ,OPEL,BMW,VITO Bus 638,V-CLASS 638\/2,VITO Kasten 638,ZAFIRA A F75_<\/p>\n","protected":false},"featured_media":0,"template":"","meta":{"site-sidebar-layout":"default","site-content-layout":"default","ast-global-header-display":"","ast-main-header-display":"","ast-hfb-above-header-display":"","ast-hfb-below-header-display":"","ast-hfb-mobile-header-display":"","site-post-title":"","ast-breadcrumbs-content":"","ast-featured-img":"","footer-sml-layout":"","theme-transparent-header-meta":"","adv-header-id-meta":"","stick-header-meta":"","header-above-stick-meta":"","header-main-stick-meta":"","header-below-stick-meta":""},"pwb-brand":[243],"product_cat":[42],"product_tag":[],"class_list":{"0":"post-44005","1":"product","2":"type-product","3":"status-publish","5":"pwb-brand-autofren-seinsa","6":"product_cat-vetonivelen-suojakumi","7":"desktop-align-left","8":"tablet-align-left","9":"mobile-align-left","11":"first","12":"instock","13":"product-type-external"},"brands":[{"id":243,"name":"AUTOFREN SEINSA","slug":"autofren-seinsa"}],"_links":{"self":[{"href":"https:\/\/www.autonvaraosahaku.fi\/index.php?rest_route=\/wp\/v2\/product\/44005","targetHints":{"allow":["GET"]}}],"collection":[{"href":"https:\/\/www.autonvaraosahaku.fi\/index.php?rest_route=\/wp\/v2\/product"}],"about":[{"href":"https:\/\/www.autonvaraosahaku.fi\/index.php?rest_route=\/wp\/v2\/types\/product"}],"wp:attachment":[{"href":"https:\/\/www.autonvaraosahaku.fi\/index.php?rest_route=%2Fwp%2Fv2%2Fmedia&parent=44005"}],"wp:term":[{"taxonomy":"pwb-brand","embeddable":true,"href":"https:\/\/www.autonvaraosahaku.fi\/index.php?rest_route=%2Fwp%2Fv2%2Fpwb-brand&post=44005"},{"taxonomy":"product_cat","embeddable":true,"href":"https:\/\/www.autonvaraosahaku.fi\/index.php?rest_route=%2Fwp%2Fv2%2Fproduct_cat&post=44005"},{"taxonomy":"product_tag","embeddable":true,"href":"https:\/\/www.autonvaraosahaku.fi\/index.php?rest_route=%2Fwp%2Fv2%2Fproduct_tag&post=44005"}],"curies":[{"name":"wp","href":"https:\/\/api.w.org\/{rel}","templated":true}]}}