{"id":44007,"date":"2021-02-21T17:01:18","date_gmt":"2021-02-21T17:01:18","guid":{"rendered":"https:\/\/www.autonvaraosahaku.fi\/?product=ridex-305p0020-moniurahihna"},"modified":"2021-02-21T17:01:20","modified_gmt":"2021-02-21T17:01:20","slug":"ridex-305p0020-moniurahihna","status":"publish","type":"product","link":"https:\/\/www.autonvaraosahaku.fi\/?product=ridex-305p0020-moniurahihna","title":{"rendered":"RIDEX 305P0020 Moniurahihna"},"content":{"rendered":"<p>Materiaali: EPDM (eteenipropeeni-dieeni-kumi); kiiloja: 4; Pituus (mm): 950; Apulaitteet: angetr. Agg.: Generator; MAZDA: MX-5 II NB; NISSAN: 350 Z Z33,PATHFINDER R50,350 Z Roadster Z33; DAEWOO: KALOS KLAS,MATIZ KLYA; SKODA: FELICIA I 6U1,FELICIA II 6U1,FELICIA I Fun 797,FELICIA I Kombi 6U5,FELICIA II Kombi 6U5,FAVORIT 781,FAVORIT Forman 785,FAVORIT Pick-up 787; SUZUKI: JIMNY FJ,GRAND VITARA II JT,GRAND VITARA I FT,SWIFT II Schr\u00e4gheck EA, MA,VITARA ET, TA,VITARA Cabrio ET, TA,X-90 EL,SWIFT Cabriolet SF413,SWIFT II Stufenheck AH, AJ,GRAND VITARA I Cabriolet GT; CHEVROLET: MATIZ M200, M250,AVEO Schr\u00e4gheck T250, T255,AVEO Stufenheck T250, T255,AVEO Schr\u00e4gheck T200; KIA: SORENTO I JC,CEE&#8217;D SW ED,CEE&#8217;D Schr\u00e4gheck ED,PRO CEE&#8217;D ED,MAGENTIS GD,AVELLA; HONDA: LEGEND III KA9,LEGEND II Coupe KA8,LEGEND II KA7,ACCORD II Hatchback AC, AD,ACCORD II AC, AD; SUBARU: JUSTY II JMA, MS,XT Coupe XT,LEONE II Station Wagon,LEONE II; HYUNDAI: SANTA F\u00c9 I SM,H-1 Travel TQ,TRAJET FO,SONATA IV EF,H-1 \/ STAREX,S COUPE SLC,HIGHWAY VAN; 25183097, 96610562, 128028, 96135989, 96603461, 96610562, 46403146, 46770224, 71739621, 71749460, 7753474, 31110PD2003, 31110PD2004, 38920P3G004, 38920P3G505, 56992P5G003, 56992PY3004, 2521238000, 2521238001, 9771323300, 11920AG900, 11950AR000, 11950AR00A, B30115909, B30115909, B6C715909, BPE815909A, BPF315909A, 9497000420, MB568888, MB568889, MB568899, MD069675, MD114817, MD184973, MD189473, MD308925, SSA921F009AS, 1192004U00, 1192006P01, 1192060U01, 11920AG900, 1195004U00, 1195059S02, 11950AR000, 11950AR00A, A195059S02, A195059S0B, 128026, 96135989, 005435171, 44105435, 441054351716, 6U0903137A, 1752152E00, 809213040, 17521052E00, 1752152E00, 1752166J00, 4818052E00, 4918060B10, 9514160B10, 9514164A10, 9091602223<\/p>\n","protected":false},"excerpt":{"rendered":"<p>RIDEX Moniurahihna 305P0020  MAZDA,NISSAN,DAEWOO,MX-5 II NB,350 Z Z33,PATHFINDER R50,350 Z Roadster Z33,KALOS KLAS,MATIZ KLYA,FELICIA I 6U1<\/p>\n","protected":false},"featured_media":0,"template":"","meta":{"site-sidebar-layout":"default","site-content-layout":"default","ast-global-header-display":"","ast-main-header-display":"","ast-hfb-above-header-display":"","ast-hfb-below-header-display":"","ast-hfb-mobile-header-display":"","site-post-title":"","ast-breadcrumbs-content":"","ast-featured-img":"","footer-sml-layout":"","theme-transparent-header-meta":"","adv-header-id-meta":"","stick-header-meta":"","header-above-stick-meta":"","header-main-stick-meta":"","header-below-stick-meta":""},"pwb-brand":[157],"product_cat":[23],"product_tag":[],"class_list":{"0":"post-44007","1":"product","2":"type-product","3":"status-publish","5":"pwb-brand-ridex","6":"product_cat-moniurahihna","7":"desktop-align-left","8":"tablet-align-left","9":"mobile-align-left","11":"first","12":"instock","13":"product-type-external"},"brands":[{"id":157,"name":"RIDEX","slug":"ridex"}],"_links":{"self":[{"href":"https:\/\/www.autonvaraosahaku.fi\/index.php?rest_route=\/wp\/v2\/product\/44007","targetHints":{"allow":["GET"]}}],"collection":[{"href":"https:\/\/www.autonvaraosahaku.fi\/index.php?rest_route=\/wp\/v2\/product"}],"about":[{"href":"https:\/\/www.autonvaraosahaku.fi\/index.php?rest_route=\/wp\/v2\/types\/product"}],"wp:attachment":[{"href":"https:\/\/www.autonvaraosahaku.fi\/index.php?rest_route=%2Fwp%2Fv2%2Fmedia&parent=44007"}],"wp:term":[{"taxonomy":"pwb-brand","embeddable":true,"href":"https:\/\/www.autonvaraosahaku.fi\/index.php?rest_route=%2Fwp%2Fv2%2Fpwb-brand&post=44007"},{"taxonomy":"product_cat","embeddable":true,"href":"https:\/\/www.autonvaraosahaku.fi\/index.php?rest_route=%2Fwp%2Fv2%2Fproduct_cat&post=44007"},{"taxonomy":"product_tag","embeddable":true,"href":"https:\/\/www.autonvaraosahaku.fi\/index.php?rest_route=%2Fwp%2Fv2%2Fproduct_tag&post=44007"}],"curies":[{"name":"wp","href":"https:\/\/api.w.org\/{rel}","templated":true}]}}