{"id":44015,"date":"2021-02-21T17:01:18","date_gmt":"2021-02-21T17:01:18","guid":{"rendered":"https:\/\/www.autonvaraosahaku.fi\/?product=ridex-82b0629-jarrulevyt"},"modified":"2021-02-21T17:01:22","modified_gmt":"2021-02-21T17:01:22","slug":"ridex-82b0629-jarrulevyt","status":"publish","type":"product","link":"https:\/\/www.autonvaraosahaku.fi\/?product=ridex-82b0629-jarrulevyt","title":{"rendered":"RIDEX 82B0629 Jarrulevyt"},"content":{"rendered":"<p>Asennuspuoli: Taka-akseli, Hinterachse links; L\u00e4pimitta [mm]: 278; Jarrulevytyyppi: Vakiomalli; Jarrulevyn paksuus (mm): 9; Reik\u00e4ympyr\u00e4-\u00d8 [mm]: 114,3; M\u00e4\u00e4r\u00e4tty kiertosuunta: ; ei sidoksissa kulkusuuntaan: ; Korkeus (mm): 43,4; V\u00e4himm\u00e4ispaksuus (mm): 8; Napa-\u00d8 (mm): 179,8; keskitt\u00e4misl\u00e4pimitta [mm]: 62; Sis\u00e4l\u00e4pimitta [mm]: 169; Reik\u00e4kuvio\/-m\u00e4\u00e4r\u00e4: 5\/8; Py\u00f6r\u00e4npulttireik\u00e4-\u00d8 [mm]: 14,5; SUZUKI: SWIFT III MZ, EZ,SWIFT IV FZ, NZ,SX4 EY, GY,SX4 S-Cross,SX4 Stufenheck GY; FIAT: SEDICI; 71750932, 71768089, 5561155L00, 5561180J00, 5561180J01, 5561180J10, 5561180J11; Jarrulevy<\/p>\n","protected":false},"excerpt":{"rendered":"<p>RIDEX Jarrulevyt 82B0629 Jarrulevy SUZUKI,FIAT,SWIFT III MZ, EZ,SWIFT IV FZ, NZ,SX4 EY, GY,SX4 S-Cross,SX4 Stufenheck GY,SEDICI<\/p>\n","protected":false},"featured_media":0,"template":"","meta":{"site-sidebar-layout":"default","site-content-layout":"default","ast-global-header-display":"","ast-main-header-display":"","ast-hfb-above-header-display":"","ast-hfb-below-header-display":"","ast-hfb-mobile-header-display":"","site-post-title":"","ast-breadcrumbs-content":"","ast-featured-img":"","footer-sml-layout":"","theme-transparent-header-meta":"","adv-header-id-meta":"","stick-header-meta":"","header-above-stick-meta":"","header-main-stick-meta":"","header-below-stick-meta":""},"pwb-brand":[157],"product_cat":[66],"product_tag":[],"class_list":{"0":"post-44015","1":"product","2":"type-product","3":"status-publish","5":"pwb-brand-ridex","6":"product_cat-jarrulevyt","7":"desktop-align-left","8":"tablet-align-left","9":"mobile-align-left","11":"first","12":"instock","13":"product-type-external"},"brands":[{"id":157,"name":"RIDEX","slug":"ridex"}],"_links":{"self":[{"href":"https:\/\/www.autonvaraosahaku.fi\/index.php?rest_route=\/wp\/v2\/product\/44015","targetHints":{"allow":["GET"]}}],"collection":[{"href":"https:\/\/www.autonvaraosahaku.fi\/index.php?rest_route=\/wp\/v2\/product"}],"about":[{"href":"https:\/\/www.autonvaraosahaku.fi\/index.php?rest_route=\/wp\/v2\/types\/product"}],"wp:attachment":[{"href":"https:\/\/www.autonvaraosahaku.fi\/index.php?rest_route=%2Fwp%2Fv2%2Fmedia&parent=44015"}],"wp:term":[{"taxonomy":"pwb-brand","embeddable":true,"href":"https:\/\/www.autonvaraosahaku.fi\/index.php?rest_route=%2Fwp%2Fv2%2Fpwb-brand&post=44015"},{"taxonomy":"product_cat","embeddable":true,"href":"https:\/\/www.autonvaraosahaku.fi\/index.php?rest_route=%2Fwp%2Fv2%2Fproduct_cat&post=44015"},{"taxonomy":"product_tag","embeddable":true,"href":"https:\/\/www.autonvaraosahaku.fi\/index.php?rest_route=%2Fwp%2Fv2%2Fproduct_tag&post=44015"}],"curies":[{"name":"wp","href":"https:\/\/api.w.org\/{rel}","templated":true}]}}