{"id":44025,"date":"2021-02-21T17:01:24","date_gmt":"2021-02-21T17:01:24","guid":{"rendered":"https:\/\/www.autonvaraosahaku.fi\/?product=ridex-82b0334-jarrulevyt"},"modified":"2021-02-21T17:01:25","modified_gmt":"2021-02-21T17:01:25","slug":"ridex-82b0334-jarrulevyt","status":"publish","type":"product","link":"https:\/\/www.autonvaraosahaku.fi\/?product=ridex-82b0334-jarrulevyt","title":{"rendered":"RIDEX 82B0334 Jarrulevyt"},"content":{"rendered":"<p>Asennuspuoli: Etuakseli, Vorderachse; Jarrulevytyyppi: Tuuletettu, sis\u00e4; L\u00e4pimitta [mm]: 275; Jarrulevyn paksuus (mm): 28; Reik\u00e4ympyr\u00e4-\u00d8 [mm]: 114,3; Korvaava tuote\/korvaava tiedote 2: Ilman py\u00f6r\u00e4nnapaa, Ilman py\u00f6r\u00e4nkiinnityspultteja; M\u00e4\u00e4r\u00e4tty kiertosuunta: ; ei sidoksissa kulkusuuntaan: ; V\u00e4himm\u00e4ispaksuus (mm): 26; Korkeus (mm): 49,2; Reik\u00e4kuvio\/-m\u00e4\u00e4r\u00e4: 05\/07; keskitt\u00e4misl\u00e4pimitta [mm]: 62; Paino [kg]: 7; Sis\u00e4l\u00e4pimitta [mm]: 141,4; Reik\u00e4-\u00d8 [mm]: 14,7; TOYOTA: PREVIA MCR3_, ACR3_, CLR3_,AVENSIS VERSO _CLM2_, _ACM2_,CAMRY MCV3_, ACV3_, _XV3_,CAMRY _CV2_, _XV2_,CAMRY _CV1_, _XV1_, _V1_,CAMRY Station Wagon _XV1_, _CV1_, _V10,CAMRY Station Wagon _CV2_, _XV2_; LEXUS: ES F1, F2,ES MCV_, VZV_; 4351206020, 435120603, 4351206031, 4351207020, 4351233040, 4351233041, 4351233042, 4351233043, 4351233060, 4351233080, 4351233090, 4351244010, 4351244011, 4351244020, 4351244021; Jarrulevy<\/p>\n","protected":false},"excerpt":{"rendered":"<p>RIDEX Jarrulevyt 82B0334 Jarrulevy TOYOTA,LEXUS,PREVIA MCR3_, ACR3_, CLR3_,AVENSIS VERSO _CLM2_, _ACM2_,CAMRY MCV3_, ACV3_, _XV3_,CAMRY _CV2_, _XV2_<\/p>\n","protected":false},"featured_media":0,"template":"","meta":{"site-sidebar-layout":"default","site-content-layout":"default","ast-global-header-display":"","ast-main-header-display":"","ast-hfb-above-header-display":"","ast-hfb-below-header-display":"","ast-hfb-mobile-header-display":"","site-post-title":"","ast-breadcrumbs-content":"","ast-featured-img":"","footer-sml-layout":"","theme-transparent-header-meta":"","adv-header-id-meta":"","stick-header-meta":"","header-above-stick-meta":"","header-main-stick-meta":"","header-below-stick-meta":""},"pwb-brand":[157],"product_cat":[66],"product_tag":[],"class_list":{"0":"post-44025","1":"product","2":"type-product","3":"status-publish","5":"pwb-brand-ridex","6":"product_cat-jarrulevyt","7":"desktop-align-left","8":"tablet-align-left","9":"mobile-align-left","11":"first","12":"instock","13":"product-type-external"},"brands":[{"id":157,"name":"RIDEX","slug":"ridex"}],"_links":{"self":[{"href":"https:\/\/www.autonvaraosahaku.fi\/index.php?rest_route=\/wp\/v2\/product\/44025","targetHints":{"allow":["GET"]}}],"collection":[{"href":"https:\/\/www.autonvaraosahaku.fi\/index.php?rest_route=\/wp\/v2\/product"}],"about":[{"href":"https:\/\/www.autonvaraosahaku.fi\/index.php?rest_route=\/wp\/v2\/types\/product"}],"wp:attachment":[{"href":"https:\/\/www.autonvaraosahaku.fi\/index.php?rest_route=%2Fwp%2Fv2%2Fmedia&parent=44025"}],"wp:term":[{"taxonomy":"pwb-brand","embeddable":true,"href":"https:\/\/www.autonvaraosahaku.fi\/index.php?rest_route=%2Fwp%2Fv2%2Fpwb-brand&post=44025"},{"taxonomy":"product_cat","embeddable":true,"href":"https:\/\/www.autonvaraosahaku.fi\/index.php?rest_route=%2Fwp%2Fv2%2Fproduct_cat&post=44025"},{"taxonomy":"product_tag","embeddable":true,"href":"https:\/\/www.autonvaraosahaku.fi\/index.php?rest_route=%2Fwp%2Fv2%2Fproduct_tag&post=44025"}],"curies":[{"name":"wp","href":"https:\/\/api.w.org\/{rel}","templated":true}]}}