{"id":44033,"date":"2021-02-21T17:01:24","date_gmt":"2021-02-21T17:01:24","guid":{"rendered":"https:\/\/www.autonvaraosahaku.fi\/?product=ridex-458f0014-polttoainepumppu"},"modified":"2021-02-21T17:01:27","modified_gmt":"2021-02-21T17:01:27","slug":"ridex-458f0014-polttoainepumppu","status":"publish","type":"product","link":"https:\/\/www.autonvaraosahaku.fi\/?product=ridex-458f0014-polttoainepumppu","title":{"rendered":"RIDEX 458F0014 Polttoainepumppu"},"content":{"rendered":"<p>Leveys (mm): 62; Pituus (mm): 195; K\u00e4ytt\u00f6: S\u00e4hk\u00f6inen; Paino [kg]: 1,03; K\u00e4ytt\u00f6paine (bar): 6; J\u00e4nnite (V): 12; Lis\u00e4tarvike\/lis\u00e4tieto: \u0441 \u0430\u043a\u0441\u0435\u0441\u0441\u0443\u0430\u0440\u0430\u043c\u0438; Siirtom\u00e4\u00e4r\u00e4 (l\/h): 110; Sis\u00e4\u00e4ntulol\u00e4pimitta [mm]: 12; Polttoaine: Bensiini; Liittimi\u00e4: 2; Alustanumerosta: F 132823; VW: GOLF II 19E, 1G1,PASSAT Variant 3A5, 35I,PASSAT 3A2, 35I,JETTA II 19E, 1G2, 165; AUDI: 80 89, 89Q, 8A, B3,CABRIOLET 8G7, B4,80 81, 85, B2,90 89, 89Q, 8A, B3,COUPE 81, 85,QUATTRO 85,90 81, 85, B2,100 C1,100 Coupe C1,200 43; MERCEDES-BENZ: 190 W201,Stufenheck W124,SL R107,Stufenheck W123,S-CLASS W126,KOMBI Kombi S124,E-CLASS W124,COUPE C124,G-CLASS W460,COUPE C123,S-CLASS W116,S-CLASS Coupe C126,KOMBI Kombi S123,E-CLASS Cabriolet A124,SL Coupe C107,E-CLASS Coupe C124; VOLVO: 240 Kombi P245,240 P242, P244,760 704, 764; PORSCHE: 924,928; SAAB: 900 I Cabriolet,900 I Combi Coupe,900 I AC4, AM4; 171906091A, 431906091, 431906091A, 431906091B, 431906091D, 477906091B, 810906091C, 893906091, 893906091B, 1118344, 1150201, 13312204346, 16121118344, 16122204346, 2204346, 145040, 75TM9350AA, 25115855, 0020910701, 0020910901, 0020911301, A0020910701, A0020910901, A0020911301, 7901246476, 145040, 145048, 7910028977, 7919028977, 91160810200, 91160810202, 92860810200, 6001000470, 7700266206, 7711064162, 7910246476, 9999163575, 8334997, 171906091A, 431906091A, 431906091B, 431906091D, 893906091, 893906091B, 171906091A, 431906091A, 431906091B, 431906091D, 893906091, 893906091B, 1206831, 1266006, 1306028, 1306500, 1306831, 1336517, 1336677, 1389447, 1389448, 0580254984, 171906091A, 431906091, 431906091A, 431906091B, 431906091C, 431906091D, 477906091B, 580254984, 810906091C, 893906091<\/p>\n","protected":false},"excerpt":{"rendered":"<p>RIDEX Polttoainepumppu 458F0014  VW,AUDI,MERCEDES-BENZ,GOLF II 19E, 1G1,PASSAT Variant 3A5, 35I,PASSAT 3A2, 35I,JETTA II 19E, 1G2, 165<\/p>\n","protected":false},"featured_media":0,"template":"","meta":{"site-sidebar-layout":"default","site-content-layout":"default","ast-global-header-display":"","ast-main-header-display":"","ast-hfb-above-header-display":"","ast-hfb-below-header-display":"","ast-hfb-mobile-header-display":"","site-post-title":"","ast-breadcrumbs-content":"","ast-featured-img":"","footer-sml-layout":"","theme-transparent-header-meta":"","adv-header-id-meta":"","stick-header-meta":"","header-above-stick-meta":"","header-main-stick-meta":"","header-below-stick-meta":""},"pwb-brand":[157],"product_cat":[73],"product_tag":[],"class_list":{"0":"post-44033","1":"product","2":"type-product","3":"status-publish","5":"pwb-brand-ridex","6":"product_cat-polttoainepumppu","7":"desktop-align-left","8":"tablet-align-left","9":"mobile-align-left","11":"first","12":"instock","13":"product-type-external"},"brands":[{"id":157,"name":"RIDEX","slug":"ridex"}],"_links":{"self":[{"href":"https:\/\/www.autonvaraosahaku.fi\/index.php?rest_route=\/wp\/v2\/product\/44033","targetHints":{"allow":["GET"]}}],"collection":[{"href":"https:\/\/www.autonvaraosahaku.fi\/index.php?rest_route=\/wp\/v2\/product"}],"about":[{"href":"https:\/\/www.autonvaraosahaku.fi\/index.php?rest_route=\/wp\/v2\/types\/product"}],"wp:attachment":[{"href":"https:\/\/www.autonvaraosahaku.fi\/index.php?rest_route=%2Fwp%2Fv2%2Fmedia&parent=44033"}],"wp:term":[{"taxonomy":"pwb-brand","embeddable":true,"href":"https:\/\/www.autonvaraosahaku.fi\/index.php?rest_route=%2Fwp%2Fv2%2Fpwb-brand&post=44033"},{"taxonomy":"product_cat","embeddable":true,"href":"https:\/\/www.autonvaraosahaku.fi\/index.php?rest_route=%2Fwp%2Fv2%2Fproduct_cat&post=44033"},{"taxonomy":"product_tag","embeddable":true,"href":"https:\/\/www.autonvaraosahaku.fi\/index.php?rest_route=%2Fwp%2Fv2%2Fproduct_tag&post=44033"}],"curies":[{"name":"wp","href":"https:\/\/api.w.org\/{rel}","templated":true}]}}