{"id":44042,"date":"2021-02-21T17:01:29","date_gmt":"2021-02-21T17:01:29","guid":{"rendered":"https:\/\/www.autonvaraosahaku.fi\/?product=ridex-3940t0008-kaasulapan-asentotunnistin"},"modified":"2021-02-21T17:01:30","modified_gmt":"2021-02-21T17:01:30","slug":"ridex-3940t0008-kaasulapan-asentotunnistin","status":"publish","type":"product","link":"https:\/\/www.autonvaraosahaku.fi\/?product=ridex-3940t0008-kaasulapan-asentotunnistin","title":{"rendered":"RIDEX 3940T0008 Kaasul\u00e4p\u00e4n asentotunnistin"},"content":{"rendered":"<p>Napojen m\u00e4\u00e4r\u00e4: 3; Pistokkeen kotelon muoto: suorakulmainen (rectangular); Kiinnitysreikien lukum\u00e4\u00e4r\u00e4: 2; Py\u00f6rimissuunta: Py\u00f6rimissuunta my\u00f6t\u00e4p\u00e4iv\u00e4\u00e4n; Korvaava tuote\/korvaava tiedote 2: ilman kaapelia; Nimellisj\u00e4nnite (V): 5; Jarru- \/ ajo-ominaisuus: f\u00fcr TC; BMW: 5 E39,5 Touring E39,3 Compact E36,3 E36,3 E30,7 E38,3 Coupe E36,Z3 E36,5 E34,3 Cabriolet E36,3 Touring E36,7 E32,8 E31,5 Touring E34,Z3 Coupe E36; 13631721456, 13631726591, 1721456, 1726591; Kaasul\u00e4p\u00e4n Anturi,Tunnistin, Kaasul\u00e4pp\u00e4<\/p>\n","protected":false},"excerpt":{"rendered":"<p>RIDEX Kaasul\u00e4p\u00e4n Asentotunnistin 3940T0008 Kaasul\u00e4p\u00e4n Anturi,Tunnistin, Kaasul\u00e4pp\u00e4 BMW,5 E39,5 Touring E39,3 Compact E36,3 E36,3 E30,7 E38,3 Coupe E36<\/p>\n","protected":false},"featured_media":0,"template":"","meta":{"site-sidebar-layout":"default","site-content-layout":"default","ast-global-header-display":"","ast-main-header-display":"","ast-hfb-above-header-display":"","ast-hfb-below-header-display":"","ast-hfb-mobile-header-display":"","site-post-title":"","ast-breadcrumbs-content":"","ast-featured-img":"","footer-sml-layout":"","theme-transparent-header-meta":"","adv-header-id-meta":"","stick-header-meta":"","header-above-stick-meta":"","header-main-stick-meta":"","header-below-stick-meta":""},"pwb-brand":[157],"product_cat":[465],"product_tag":[],"class_list":{"0":"post-44042","1":"product","2":"type-product","3":"status-publish","5":"pwb-brand-ridex","6":"product_cat-kaasulapan-asentotunnistin","7":"desktop-align-left","8":"tablet-align-left","9":"mobile-align-left","11":"first","12":"instock","13":"product-type-external"},"brands":[{"id":157,"name":"RIDEX","slug":"ridex"}],"_links":{"self":[{"href":"https:\/\/www.autonvaraosahaku.fi\/index.php?rest_route=\/wp\/v2\/product\/44042","targetHints":{"allow":["GET"]}}],"collection":[{"href":"https:\/\/www.autonvaraosahaku.fi\/index.php?rest_route=\/wp\/v2\/product"}],"about":[{"href":"https:\/\/www.autonvaraosahaku.fi\/index.php?rest_route=\/wp\/v2\/types\/product"}],"wp:attachment":[{"href":"https:\/\/www.autonvaraosahaku.fi\/index.php?rest_route=%2Fwp%2Fv2%2Fmedia&parent=44042"}],"wp:term":[{"taxonomy":"pwb-brand","embeddable":true,"href":"https:\/\/www.autonvaraosahaku.fi\/index.php?rest_route=%2Fwp%2Fv2%2Fpwb-brand&post=44042"},{"taxonomy":"product_cat","embeddable":true,"href":"https:\/\/www.autonvaraosahaku.fi\/index.php?rest_route=%2Fwp%2Fv2%2Fproduct_cat&post=44042"},{"taxonomy":"product_tag","embeddable":true,"href":"https:\/\/www.autonvaraosahaku.fi\/index.php?rest_route=%2Fwp%2Fv2%2Fproduct_tag&post=44042"}],"curies":[{"name":"wp","href":"https:\/\/api.w.org\/{rel}","templated":true}]}}