{"id":44047,"date":"2021-02-21T17:01:29","date_gmt":"2021-02-21T17:01:29","guid":{"rendered":"https:\/\/www.autonvaraosahaku.fi\/?product=mapco-49226-2hps-muut-luokat"},"modified":"2021-02-21T17:01:31","modified_gmt":"2021-02-21T17:01:31","slug":"mapco-49226-2hps-muut-luokat","status":"publish","type":"product","link":"https:\/\/www.autonvaraosahaku.fi\/?product=mapco-49226-2hps-muut-luokat","title":{"rendered":"MAPCO 49226\/2HPS Muut luokat"},"content":{"rendered":"<p>Laatu: HPS standard; M\u00e4\u00e4r\u00e4yksikk\u00f6: Sarja; Tanko \/ tuki: Yhdystanko; Pituus (mm): 90; Sis\u00e4kierre (mm): M12x1,25; Ulkokierre [mm]: M10x1,25; Tarvittava kappalem\u00e4\u00e4r\u00e4: 1; Asennuspuoli: Hinterachse beidseitig; FORD: MAVERICK UDS, UNS,MAVERICK VAN; NISSAN: TERRANO II R20; MITSUBISHI: PAJERO II V3_W, V2_W, V4_W,PAJERO II Canvas Top V2_W, V4_W; 1954778, 546180F000<\/p>\n","protected":false},"excerpt":{"rendered":"<p>MAPCO Korjaussarja, Vakaaja 49226\/2HPS  FORD,NISSAN,MITSUBISHI,MAVERICK UDS, UNS,MAVERICK VAN,TERRANO II R20,PAJERO II V3_W, V2_W, V4_W<\/p>\n","protected":false},"featured_media":0,"template":"","meta":{"site-sidebar-layout":"default","site-content-layout":"default","ast-global-header-display":"","ast-main-header-display":"","ast-hfb-above-header-display":"","ast-hfb-below-header-display":"","ast-hfb-mobile-header-display":"","site-post-title":"","ast-breadcrumbs-content":"","ast-featured-img":"","footer-sml-layout":"","theme-transparent-header-meta":"","adv-header-id-meta":"","stick-header-meta":"","header-above-stick-meta":"","header-main-stick-meta":"","header-below-stick-meta":""},"pwb-brand":[36],"product_cat":[37],"product_tag":[],"class_list":{"0":"post-44047","1":"product","2":"type-product","3":"status-publish","5":"pwb-brand-mapco","6":"product_cat-muut-luokat","7":"desktop-align-left","8":"tablet-align-left","9":"mobile-align-left","11":"first","12":"instock","13":"product-type-external"},"brands":[{"id":36,"name":"MAPCO","slug":"mapco"}],"_links":{"self":[{"href":"https:\/\/www.autonvaraosahaku.fi\/index.php?rest_route=\/wp\/v2\/product\/44047","targetHints":{"allow":["GET"]}}],"collection":[{"href":"https:\/\/www.autonvaraosahaku.fi\/index.php?rest_route=\/wp\/v2\/product"}],"about":[{"href":"https:\/\/www.autonvaraosahaku.fi\/index.php?rest_route=\/wp\/v2\/types\/product"}],"wp:attachment":[{"href":"https:\/\/www.autonvaraosahaku.fi\/index.php?rest_route=%2Fwp%2Fv2%2Fmedia&parent=44047"}],"wp:term":[{"taxonomy":"pwb-brand","embeddable":true,"href":"https:\/\/www.autonvaraosahaku.fi\/index.php?rest_route=%2Fwp%2Fv2%2Fpwb-brand&post=44047"},{"taxonomy":"product_cat","embeddable":true,"href":"https:\/\/www.autonvaraosahaku.fi\/index.php?rest_route=%2Fwp%2Fv2%2Fproduct_cat&post=44047"},{"taxonomy":"product_tag","embeddable":true,"href":"https:\/\/www.autonvaraosahaku.fi\/index.php?rest_route=%2Fwp%2Fv2%2Fproduct_tag&post=44047"}],"curies":[{"name":"wp","href":"https:\/\/api.w.org\/{rel}","templated":true}]}}