{"id":44061,"date":"2021-02-21T17:01:34","date_gmt":"2021-02-21T17:01:34","guid":{"rendered":"https:\/\/www.autonvaraosahaku.fi\/?product=ashika-56-08-802-jarrurumpu"},"modified":"2021-02-21T17:01:35","modified_gmt":"2021-02-21T17:01:35","slug":"ashika-56-08-802-jarrurumpu","status":"publish","type":"product","link":"https:\/\/www.autonvaraosahaku.fi\/?product=ashika-56-08-802-jarrurumpu","title":{"rendered":"ASHIKA 56-08-802 Jarrurumpu"},"content":{"rendered":"<p>Asennuspuoli: Taka-akseli; Jarrurummun sis\u00e4-\u00d8 [mm]: 228,7; J-rumpu sis\u00e4leveys [mm]: 50; Navan reik\u00e4-\u00d8 [mm]: 57; Reikien m\u00e4\u00e4r\u00e4: 5; Valmistusvuoteen: 08\/1985; SUZUKI: SAMURAI SJ,SJ 413,SJ 410 Cabrio,SJ 410; 4351184CA0, 4351184CA0000, 43511A80001, 43511A83001, 43511A83003, 43511A83003R<\/p>\n","protected":false},"excerpt":{"rendered":"<p>ASHIKA Jarrurumpu 56-08-802  SUZUKI,SAMURAI SJ,SJ 413,SJ 410 Cabrio,SJ 410<\/p>\n","protected":false},"featured_media":0,"template":"","meta":{"site-sidebar-layout":"default","site-content-layout":"default","ast-global-header-display":"","ast-main-header-display":"","ast-hfb-above-header-display":"","ast-hfb-below-header-display":"","ast-hfb-mobile-header-display":"","site-post-title":"","ast-breadcrumbs-content":"","ast-featured-img":"","footer-sml-layout":"","theme-transparent-header-meta":"","adv-header-id-meta":"","stick-header-meta":"","header-above-stick-meta":"","header-main-stick-meta":"","header-below-stick-meta":""},"pwb-brand":[102],"product_cat":[304],"product_tag":[],"class_list":{"0":"post-44061","1":"product","2":"type-product","3":"status-publish","5":"pwb-brand-ashika","6":"product_cat-jarrurumpu","7":"desktop-align-left","8":"tablet-align-left","9":"mobile-align-left","11":"first","12":"instock","13":"product-type-external"},"brands":[{"id":102,"name":"ASHIKA","slug":"ashika"}],"_links":{"self":[{"href":"https:\/\/www.autonvaraosahaku.fi\/index.php?rest_route=\/wp\/v2\/product\/44061","targetHints":{"allow":["GET"]}}],"collection":[{"href":"https:\/\/www.autonvaraosahaku.fi\/index.php?rest_route=\/wp\/v2\/product"}],"about":[{"href":"https:\/\/www.autonvaraosahaku.fi\/index.php?rest_route=\/wp\/v2\/types\/product"}],"wp:attachment":[{"href":"https:\/\/www.autonvaraosahaku.fi\/index.php?rest_route=%2Fwp%2Fv2%2Fmedia&parent=44061"}],"wp:term":[{"taxonomy":"pwb-brand","embeddable":true,"href":"https:\/\/www.autonvaraosahaku.fi\/index.php?rest_route=%2Fwp%2Fv2%2Fpwb-brand&post=44061"},{"taxonomy":"product_cat","embeddable":true,"href":"https:\/\/www.autonvaraosahaku.fi\/index.php?rest_route=%2Fwp%2Fv2%2Fproduct_cat&post=44061"},{"taxonomy":"product_tag","embeddable":true,"href":"https:\/\/www.autonvaraosahaku.fi\/index.php?rest_route=%2Fwp%2Fv2%2Fproduct_tag&post=44061"}],"curies":[{"name":"wp","href":"https:\/\/api.w.org\/{rel}","templated":true}]}}