{"id":44062,"date":"2021-02-21T17:01:34","date_gmt":"2021-02-21T17:01:34","guid":{"rendered":"https:\/\/www.autonvaraosahaku.fi\/?product=ridex-123b0016-jarrurumpu"},"modified":"2021-02-21T17:01:35","modified_gmt":"2021-02-21T17:01:35","slug":"ridex-123b0016-jarrurumpu","status":"publish","type":"product","link":"https:\/\/www.autonvaraosahaku.fi\/?product=ridex-123b0016-jarrurumpu","title":{"rendered":"RIDEX 123B0016 Jarrurumpu"},"content":{"rendered":"<p>J-rumpu sis\u00e4leveys [mm]: 68; Jarrurummun ulkol\u00e4pim. [mm]: 279; J-rumpu ulkoleveys [mm]: 89,5; Reik\u00e4kuvio\/-m\u00e4\u00e4r\u00e4: 05\/05; Reik\u00e4ympyr\u00e4-\u00d8 [mm]: 108; Suurin mahdollinen rummun sis\u00e4mitta (mm): 230,2; Paino [kg]: 8,06; Korvaava tuote\/korvaava tiedote 2: Ilman py\u00f6r\u00e4nnapaa, Ilman py\u00f6r\u00e4nkiinnityspultteja, ilman py\u00f6r\u00e4nlaakeria; Jarrurummun sis\u00e4-\u00d8 [mm]: 228,8; Navan l\u00e4pimitta 1 [mm]: 63,4; Asennuspuoli: Taka-akseli, Hinterachse; Reik\u00e4-\u00d8 [mm]: 13; FORD: TRANSIT CONNECT P65_, P70_, P80_,TOURNEO CONNECT; 1334973, 1334975, 1361302, 1361304, 2T141126CA, 2T141126CB, 2T141126CC, 2T141126CD, 2T141126DA, 2T141126DB, 2T141126DC, 2T141126DD, 2T141126DE, 4367102, 4367103, 4455981, 4467600, 4937321, 4937322, 5135045, 6063754, 78EB1126AA, 8T161126BA<\/p>\n","protected":false},"excerpt":{"rendered":"<p>RIDEX Jarrurumpu 123B0016  FORD,TRANSIT CONNECT P65_, P70_, P80_,TOURNEO CONNECT<\/p>\n","protected":false},"featured_media":0,"template":"","meta":{"site-sidebar-layout":"default","site-content-layout":"default","ast-global-header-display":"","ast-main-header-display":"","ast-hfb-above-header-display":"","ast-hfb-below-header-display":"","ast-hfb-mobile-header-display":"","site-post-title":"","ast-breadcrumbs-content":"","ast-featured-img":"","footer-sml-layout":"","theme-transparent-header-meta":"","adv-header-id-meta":"","stick-header-meta":"","header-above-stick-meta":"","header-main-stick-meta":"","header-below-stick-meta":""},"pwb-brand":[157],"product_cat":[304],"product_tag":[],"class_list":{"0":"post-44062","1":"product","2":"type-product","3":"status-publish","5":"pwb-brand-ridex","6":"product_cat-jarrurumpu","7":"desktop-align-left","8":"tablet-align-left","9":"mobile-align-left","11":"first","12":"instock","13":"product-type-external"},"brands":[{"id":157,"name":"RIDEX","slug":"ridex"}],"_links":{"self":[{"href":"https:\/\/www.autonvaraosahaku.fi\/index.php?rest_route=\/wp\/v2\/product\/44062","targetHints":{"allow":["GET"]}}],"collection":[{"href":"https:\/\/www.autonvaraosahaku.fi\/index.php?rest_route=\/wp\/v2\/product"}],"about":[{"href":"https:\/\/www.autonvaraosahaku.fi\/index.php?rest_route=\/wp\/v2\/types\/product"}],"wp:attachment":[{"href":"https:\/\/www.autonvaraosahaku.fi\/index.php?rest_route=%2Fwp%2Fv2%2Fmedia&parent=44062"}],"wp:term":[{"taxonomy":"pwb-brand","embeddable":true,"href":"https:\/\/www.autonvaraosahaku.fi\/index.php?rest_route=%2Fwp%2Fv2%2Fpwb-brand&post=44062"},{"taxonomy":"product_cat","embeddable":true,"href":"https:\/\/www.autonvaraosahaku.fi\/index.php?rest_route=%2Fwp%2Fv2%2Fproduct_cat&post=44062"},{"taxonomy":"product_tag","embeddable":true,"href":"https:\/\/www.autonvaraosahaku.fi\/index.php?rest_route=%2Fwp%2Fv2%2Fproduct_tag&post=44062"}],"curies":[{"name":"wp","href":"https:\/\/api.w.org\/{rel}","templated":true}]}}