{"id":44068,"date":"2021-02-21T17:01:34","date_gmt":"2021-02-21T17:01:34","guid":{"rendered":"https:\/\/www.autonvaraosahaku.fi\/?product=vaico-v26-80014-jarrulevyt"},"modified":"2021-02-21T17:01:36","modified_gmt":"2021-02-21T17:01:36","slug":"vaico-v26-80014-jarrulevyt","status":"publish","type":"product","link":"https:\/\/www.autonvaraosahaku.fi\/?product=vaico-v26-80014-jarrulevyt","title":{"rendered":"VAICO V26-80014 Jarrulevyt"},"content":{"rendered":"<p>Asennuspuoli: Etuakseli, Etuakseli, Vorderachse; Vanne, aukkoja: 5; Korkeus (mm): 47,2; Jarrulevytyyppi: Tuuletettu; Jarrulevyn paksuus (mm): 23; V\u00e4himm\u00e4ispaksuus (mm): 21; Ulkol\u00e4pimitta [mm]: 282; keskitt\u00e4misl\u00e4pimitta [mm]: 64,2; Reik\u00e4ympyr\u00e4-\u00d8 [mm]: 114,3; Jarrulevyn navan korkeus [mm]: 24; Pakkausleveys [cm]: 30; Pakkauskorkeus [mm]: 10, 10; Pakkaussyvyys [cm]: 30, 30; lis\u00e4tieto: CST99; HONDA: CIVIC VIII Hatchback FN, FK,CR-V II RD_,ACCORD VII CL,FR-V BE,ACCORD VI CG, CK,STREAM RN,CIVIC VIII Stufenheck FD, FA,ACCORD VI Coupe CG,CR-Z ZF1,CIVIC IX Stufenheck FB, FG,STREAM,ACCORD VII CM,CIVIC X Stufenheck FC_; 45251S7AB10, 45251S7AE10, 45251S7AE11, 45251S7AN10, 45251SCAE00, 45251SCAE50, 45251SJHE10, 45251SMGE30, 45251SMGE31, 45251SMGG10, 45251SMGG11; Jarrulevy<\/p>\n","protected":false},"excerpt":{"rendered":"<p>VAICO Jarrulevyt V26-80014 Jarrulevy HONDA,CIVIC VIII Hatchback FN, FK,CR-V II RD_,ACCORD VII CL,FR-V BE,ACCORD VI CG, CK,STREAM RN<\/p>\n","protected":false},"featured_media":0,"template":"","meta":{"site-sidebar-layout":"default","site-content-layout":"default","ast-global-header-display":"","ast-main-header-display":"","ast-hfb-above-header-display":"","ast-hfb-below-header-display":"","ast-hfb-mobile-header-display":"","site-post-title":"","ast-breadcrumbs-content":"","ast-featured-img":"","footer-sml-layout":"","theme-transparent-header-meta":"","adv-header-id-meta":"","stick-header-meta":"","header-above-stick-meta":"","header-main-stick-meta":"","header-below-stick-meta":""},"pwb-brand":[330],"product_cat":[66],"product_tag":[],"class_list":{"0":"post-44068","1":"product","2":"type-product","3":"status-publish","5":"pwb-brand-vaico","6":"product_cat-jarrulevyt","7":"desktop-align-left","8":"tablet-align-left","9":"mobile-align-left","11":"first","12":"instock","13":"product-type-external"},"brands":[{"id":330,"name":"VAICO","slug":"vaico"}],"_links":{"self":[{"href":"https:\/\/www.autonvaraosahaku.fi\/index.php?rest_route=\/wp\/v2\/product\/44068","targetHints":{"allow":["GET"]}}],"collection":[{"href":"https:\/\/www.autonvaraosahaku.fi\/index.php?rest_route=\/wp\/v2\/product"}],"about":[{"href":"https:\/\/www.autonvaraosahaku.fi\/index.php?rest_route=\/wp\/v2\/types\/product"}],"wp:attachment":[{"href":"https:\/\/www.autonvaraosahaku.fi\/index.php?rest_route=%2Fwp%2Fv2%2Fmedia&parent=44068"}],"wp:term":[{"taxonomy":"pwb-brand","embeddable":true,"href":"https:\/\/www.autonvaraosahaku.fi\/index.php?rest_route=%2Fwp%2Fv2%2Fpwb-brand&post=44068"},{"taxonomy":"product_cat","embeddable":true,"href":"https:\/\/www.autonvaraosahaku.fi\/index.php?rest_route=%2Fwp%2Fv2%2Fproduct_cat&post=44068"},{"taxonomy":"product_tag","embeddable":true,"href":"https:\/\/www.autonvaraosahaku.fi\/index.php?rest_route=%2Fwp%2Fv2%2Fproduct_tag&post=44068"}],"curies":[{"name":"wp","href":"https:\/\/api.w.org\/{rel}","templated":true}]}}