{"id":44071,"date":"2021-02-21T17:01:34","date_gmt":"2021-02-21T17:01:34","guid":{"rendered":"https:\/\/www.autonvaraosahaku.fi\/?product=vemo-v99-75-0042-sytytystulpat"},"modified":"2021-02-21T17:01:37","modified_gmt":"2021-02-21T17:01:37","slug":"vemo-v99-75-0042-sytytystulpat","status":"publish","type":"product","link":"https:\/\/www.autonvaraosahaku.fi\/?product=vemo-v99-75-0042-sytytystulpat","title":{"rendered":"VEMO V99-75-0042 Sytytystulpat"},"content":{"rendered":"<p>K\u00e4rkiv\u00e4li (mm): 0,7; L\u00e4pimitta [mm]: 21; Pituus (mm): 73,5; Paino [kg]: 0,052; Kierremitta: M14 x 1,25; Sytytystulppa: 1-maaelektroodi; Pakkausleveys [cm]: 8,5; Pakkauskorkeus [mm]: 2,4; Pakkaussyvyys [cm]: 2,4; lis\u00e4tieto: Q+, original equipment manufacturer quality; S\u00e4\u00e4dett\u00e4va k\u00e4rkiv\u00e4li [mm]: 0,6; LAND ROVER: RANGE ROVER I AE, AN, HAA, HAB, HAM, HBM, RE, RN; ROVER: 2000-3500 P6; RENAULT: 4 112_,5 122_,4 Kasten R21_, R23_,12,6 118_,10 119_,5 Kasten 238_; MG: MGB GT; MORGAN: PLUS EIGHT; 7700500000, 7700733422, 7701023391, 7701366267, 7701366513, 7701366515, 7701366533, 7701414022; Tulpat,Sytytystulppa<\/p>\n","protected":false},"excerpt":{"rendered":"<p>VEMO Sytytystulpat V99-75-0042 Tulpat,Sytytystulppa LAND ROVER,ROVER,RENAULT,RANGE ROVER I AE, AN, HAA, HAB, HAM, HBM, RE, RN,2000-3500 P6,4 112_<\/p>\n","protected":false},"featured_media":0,"template":"","meta":{"site-sidebar-layout":"default","site-content-layout":"default","ast-global-header-display":"","ast-main-header-display":"","ast-hfb-above-header-display":"","ast-hfb-below-header-display":"","ast-hfb-mobile-header-display":"","site-post-title":"","ast-breadcrumbs-content":"","ast-featured-img":"","footer-sml-layout":"","theme-transparent-header-meta":"","adv-header-id-meta":"","stick-header-meta":"","header-above-stick-meta":"","header-main-stick-meta":"","header-below-stick-meta":""},"pwb-brand":[168],"product_cat":[165],"product_tag":[],"class_list":{"0":"post-44071","1":"product","2":"type-product","3":"status-publish","5":"pwb-brand-vemo","6":"product_cat-sytytystulpat","7":"desktop-align-left","8":"tablet-align-left","9":"mobile-align-left","11":"first","12":"instock","13":"product-type-external"},"brands":[{"id":168,"name":"VEMO","slug":"vemo"}],"_links":{"self":[{"href":"https:\/\/www.autonvaraosahaku.fi\/index.php?rest_route=\/wp\/v2\/product\/44071","targetHints":{"allow":["GET"]}}],"collection":[{"href":"https:\/\/www.autonvaraosahaku.fi\/index.php?rest_route=\/wp\/v2\/product"}],"about":[{"href":"https:\/\/www.autonvaraosahaku.fi\/index.php?rest_route=\/wp\/v2\/types\/product"}],"wp:attachment":[{"href":"https:\/\/www.autonvaraosahaku.fi\/index.php?rest_route=%2Fwp%2Fv2%2Fmedia&parent=44071"}],"wp:term":[{"taxonomy":"pwb-brand","embeddable":true,"href":"https:\/\/www.autonvaraosahaku.fi\/index.php?rest_route=%2Fwp%2Fv2%2Fpwb-brand&post=44071"},{"taxonomy":"product_cat","embeddable":true,"href":"https:\/\/www.autonvaraosahaku.fi\/index.php?rest_route=%2Fwp%2Fv2%2Fproduct_cat&post=44071"},{"taxonomy":"product_tag","embeddable":true,"href":"https:\/\/www.autonvaraosahaku.fi\/index.php?rest_route=%2Fwp%2Fv2%2Fproduct_tag&post=44071"}],"curies":[{"name":"wp","href":"https:\/\/api.w.org\/{rel}","templated":true}]}}