{"id":44083,"date":"2021-02-21T17:01:40","date_gmt":"2021-02-21T17:01:40","guid":{"rendered":"https:\/\/www.autonvaraosahaku.fi\/?product=elring-107-794-tiivisteet"},"modified":"2021-02-21T17:01:41","modified_gmt":"2021-02-21T17:01:41","slug":"elring-107-794-tiivisteet","status":"publish","type":"product","link":"https:\/\/www.autonvaraosahaku.fi\/?product=elring-107-794-tiivisteet","title":{"rendered":"ELRING 107.794 Tiivisteet"},"content":{"rendered":"<p>Sis\u00e4l\u00e4pimitta [mm]: 36; Ulkol\u00e4pimitta [mm]: 54; Korkeus (mm): 7,5; Akselitiivisteen malli: A; Materiaali: NBR (nitriili-butadi-kumi); Suojavaippa: Ilman suojakumia; RENAULT: 4 112_,5 122_,4 Kasten R21_, R23_,12,16 115_,8 113_,6 118_,17,5 Kasten 238_,12 Variable 117_,20 127_,RODEO 6,15 130_,12 Kasten,RODEO 4,RODEO 5; ARO: 10; 0824008900, 0852165200, 7703087032, 7703087087, 0948350532<\/p>\n","protected":false},"excerpt":{"rendered":"<p>ELRING Akselitiiviste, Tasauspy\u00f6r\u00e4st\u00f6 107.794  RENAULT,ARO,4 112_,5 122_,4 Kasten R21_, R23_,12,16 115_,8 113_,6 118_,17,5 Kasten 238_<\/p>\n","protected":false},"featured_media":0,"template":"","meta":{"site-sidebar-layout":"default","site-content-layout":"default","ast-global-header-display":"","ast-main-header-display":"","ast-hfb-above-header-display":"","ast-hfb-below-header-display":"","ast-hfb-mobile-header-display":"","site-post-title":"","ast-breadcrumbs-content":"","ast-featured-img":"","footer-sml-layout":"","theme-transparent-header-meta":"","adv-header-id-meta":"","stick-header-meta":"","header-above-stick-meta":"","header-main-stick-meta":"","header-below-stick-meta":""},"pwb-brand":[26],"product_cat":[27],"product_tag":[],"class_list":{"0":"post-44083","1":"product","2":"type-product","3":"status-publish","5":"pwb-brand-elring","6":"product_cat-tiivisteet","7":"desktop-align-left","8":"tablet-align-left","9":"mobile-align-left","11":"first","12":"instock","13":"product-type-external"},"brands":[{"id":26,"name":"ELRING","slug":"elring"}],"_links":{"self":[{"href":"https:\/\/www.autonvaraosahaku.fi\/index.php?rest_route=\/wp\/v2\/product\/44083","targetHints":{"allow":["GET"]}}],"collection":[{"href":"https:\/\/www.autonvaraosahaku.fi\/index.php?rest_route=\/wp\/v2\/product"}],"about":[{"href":"https:\/\/www.autonvaraosahaku.fi\/index.php?rest_route=\/wp\/v2\/types\/product"}],"wp:attachment":[{"href":"https:\/\/www.autonvaraosahaku.fi\/index.php?rest_route=%2Fwp%2Fv2%2Fmedia&parent=44083"}],"wp:term":[{"taxonomy":"pwb-brand","embeddable":true,"href":"https:\/\/www.autonvaraosahaku.fi\/index.php?rest_route=%2Fwp%2Fv2%2Fpwb-brand&post=44083"},{"taxonomy":"product_cat","embeddable":true,"href":"https:\/\/www.autonvaraosahaku.fi\/index.php?rest_route=%2Fwp%2Fv2%2Fproduct_cat&post=44083"},{"taxonomy":"product_tag","embeddable":true,"href":"https:\/\/www.autonvaraosahaku.fi\/index.php?rest_route=%2Fwp%2Fv2%2Fproduct_tag&post=44083"}],"curies":[{"name":"wp","href":"https:\/\/api.w.org\/{rel}","templated":true}]}}