{"id":44125,"date":"2021-02-21T17:01:50","date_gmt":"2021-02-21T17:01:50","guid":{"rendered":"https:\/\/www.autonvaraosahaku.fi\/?product=mapco-59520-alapallonivel"},"modified":"2021-02-21T17:01:52","modified_gmt":"2021-02-21T17:01:52","slug":"mapco-59520-alapallonivel","status":"publish","type":"product","link":"https:\/\/www.autonvaraosahaku.fi\/?product=mapco-59520-alapallonivel","title":{"rendered":"MAPCO 59520 Alapallonivel"},"content":{"rendered":"<p>Asennuspuoli: etuakseli molemminpuoleinen, Alla; Ulkokierre [mm]: M18x1,5; Kartiomitta (mm): 19,5; Tarvittava kappalem\u00e4\u00e4r\u00e4: 2; NISSAN: TERRANO II R20,PICK UP D21,TERRANO I WD21; FORD: MAVERICK UDS, UNS; 1954431, 401600F000, 4016050W00, 4016050W01, 4016050W25, 4016093G00, 4016093G25, 4016093G26, 4016150W01, 4016193G26; Pallonivel<\/p>\n","protected":false},"excerpt":{"rendered":"<p>MAPCO Alapallonivel 59520 Pallonivel NISSAN,FORD,TERRANO II R20,PICK UP D21,TERRANO I WD21,MAVERICK UDS, UNS<\/p>\n","protected":false},"featured_media":0,"template":"","meta":{"site-sidebar-layout":"default","site-content-layout":"default","ast-global-header-display":"","ast-main-header-display":"","ast-hfb-above-header-display":"","ast-hfb-below-header-display":"","ast-hfb-mobile-header-display":"","site-post-title":"","ast-breadcrumbs-content":"","ast-featured-img":"","footer-sml-layout":"","theme-transparent-header-meta":"","adv-header-id-meta":"","stick-header-meta":"","header-above-stick-meta":"","header-main-stick-meta":"","header-below-stick-meta":""},"pwb-brand":[36],"product_cat":[93],"product_tag":[],"class_list":{"0":"post-44125","1":"product","2":"type-product","3":"status-publish","5":"pwb-brand-mapco","6":"product_cat-alapallonivel","7":"desktop-align-left","8":"tablet-align-left","9":"mobile-align-left","11":"first","12":"instock","13":"product-type-external"},"brands":[{"id":36,"name":"MAPCO","slug":"mapco"}],"_links":{"self":[{"href":"https:\/\/www.autonvaraosahaku.fi\/index.php?rest_route=\/wp\/v2\/product\/44125","targetHints":{"allow":["GET"]}}],"collection":[{"href":"https:\/\/www.autonvaraosahaku.fi\/index.php?rest_route=\/wp\/v2\/product"}],"about":[{"href":"https:\/\/www.autonvaraosahaku.fi\/index.php?rest_route=\/wp\/v2\/types\/product"}],"wp:attachment":[{"href":"https:\/\/www.autonvaraosahaku.fi\/index.php?rest_route=%2Fwp%2Fv2%2Fmedia&parent=44125"}],"wp:term":[{"taxonomy":"pwb-brand","embeddable":true,"href":"https:\/\/www.autonvaraosahaku.fi\/index.php?rest_route=%2Fwp%2Fv2%2Fpwb-brand&post=44125"},{"taxonomy":"product_cat","embeddable":true,"href":"https:\/\/www.autonvaraosahaku.fi\/index.php?rest_route=%2Fwp%2Fv2%2Fproduct_cat&post=44125"},{"taxonomy":"product_tag","embeddable":true,"href":"https:\/\/www.autonvaraosahaku.fi\/index.php?rest_route=%2Fwp%2Fv2%2Fproduct_tag&post=44125"}],"curies":[{"name":"wp","href":"https:\/\/api.w.org\/{rel}","templated":true}]}}